{"id":825,"date":"2024-07-31T10:50:50","date_gmt":"2024-07-31T15:50:50","guid":{"rendered":"https:\/\/ferrekasa.com.pe\/?post_type=product&#038;p=825"},"modified":"2024-12-26T12:02:50","modified_gmt":"2024-12-26T17:02:50","slug":"luminarias-decorativas","status":"publish","type":"product","link":"https:\/\/huanca.org\/lumifer\/producto\/luminarias-decorativas\/","title":{"rendered":"Luminarias decorativas"},"content":{"rendered":"","protected":false},"excerpt":{"rendered":"","protected":false},"featured_media":826,"template":"","meta":[],"product_brand":[],"product_cat":[18,25],"product_tag":[],"class_list":{"0":"post-825","1":"product","2":"type-product","3":"status-publish","4":"has-post-thumbnail","6":"product_cat-luminarias-urbana-corporativa","7":"product_cat-luminaria-lineal-colgantes-y-adosados","9":"first","10":"instock","11":"shipping-taxable","12":"product-type-simple"},"yoast_head":"<!-- This site is optimized with the Yoast SEO plugin v25.7 - https:\/\/yoast.com\/wordpress\/plugins\/seo\/ -->\n<title>Luminarias decorativas - Ferrekasa<\/title>\n<meta name=\"robots\" content=\"index, follow, max-snippet:-1, max-image-preview:large, max-video-preview:-1\" \/>\n<link rel=\"canonical\" href=\"https:\/\/huanca.org\/lumifer\/producto\/luminarias-decorativas\/\" \/>\n<meta property=\"og:locale\" content=\"es_ES\" \/>\n<meta property=\"og:type\" content=\"article\" \/>\n<meta property=\"og:title\" content=\"Luminarias decorativas - Ferrekasa\" \/>\n<meta property=\"og:url\" content=\"https:\/\/huanca.org\/lumifer\/producto\/luminarias-decorativas\/\" \/>\n<meta property=\"og:site_name\" content=\"Ferrekasa\" \/>\n<meta property=\"article:publisher\" content=\"https:\/\/www.facebook.com\/FERREKASACOMERCIAL\/\" \/>\n<meta property=\"article:modified_time\" content=\"2024-12-26T17:02:50+00:00\" \/>\n<meta property=\"og:image\" content=\"https:\/\/huanca.org\/lumifer\/wp-content\/uploads\/2024\/07\/lammparas-colgantes.png\" \/>\n\t<meta property=\"og:image:width\" content=\"300\" \/>\n\t<meta property=\"og:image:height\" content=\"300\" \/>\n\t<meta property=\"og:image:type\" content=\"image\/png\" \/>\n<meta name=\"twitter:card\" content=\"summary_large_image\" \/>\n<meta name=\"twitter:label1\" content=\"Tiempo de lectura\" \/>\n\t<meta name=\"twitter:data1\" content=\"1 minuto\" \/>\n<script type=\"application\/ld+json\" class=\"yoast-schema-graph\">{\"@context\":\"https:\/\/schema.org\",\"@graph\":[{\"@type\":\"WebPage\",\"@id\":\"https:\/\/huanca.org\/lumifer\/producto\/luminarias-decorativas\/\",\"url\":\"https:\/\/huanca.org\/lumifer\/producto\/luminarias-decorativas\/\",\"name\":\"Luminarias decorativas - Ferrekasa\",\"isPartOf\":{\"@id\":\"https:\/\/huanca.org\/lumifer\/#website\"},\"primaryImageOfPage\":{\"@id\":\"https:\/\/huanca.org\/lumifer\/producto\/luminarias-decorativas\/#primaryimage\"},\"image\":{\"@id\":\"https:\/\/huanca.org\/lumifer\/producto\/luminarias-decorativas\/#primaryimage\"},\"thumbnailUrl\":\"https:\/\/huanca.org\/lumifer\/wp-content\/uploads\/2024\/07\/lammparas-colgantes.png\",\"datePublished\":\"2024-07-31T15:50:50+00:00\",\"dateModified\":\"2024-12-26T17:02:50+00:00\",\"breadcrumb\":{\"@id\":\"https:\/\/huanca.org\/lumifer\/producto\/luminarias-decorativas\/#breadcrumb\"},\"inLanguage\":\"es\",\"potentialAction\":[{\"@type\":\"ReadAction\",\"target\":[\"https:\/\/huanca.org\/lumifer\/producto\/luminarias-decorativas\/\"]}]},{\"@type\":\"ImageObject\",\"inLanguage\":\"es\",\"@id\":\"https:\/\/huanca.org\/lumifer\/producto\/luminarias-decorativas\/#primaryimage\",\"url\":\"https:\/\/huanca.org\/lumifer\/wp-content\/uploads\/2024\/07\/lammparas-colgantes.png\",\"contentUrl\":\"https:\/\/huanca.org\/lumifer\/wp-content\/uploads\/2024\/07\/lammparas-colgantes.png\",\"width\":300,\"height\":300,\"caption\":\"lammparas-colgantes\"},{\"@type\":\"BreadcrumbList\",\"@id\":\"https:\/\/huanca.org\/lumifer\/producto\/luminarias-decorativas\/#breadcrumb\",\"itemListElement\":[{\"@type\":\"ListItem\",\"position\":1,\"name\":\"Portada\",\"item\":\"https:\/\/huanca.org\/lumifer\/\"},{\"@type\":\"ListItem\",\"position\":2,\"name\":\"Productos\",\"item\":\"https:\/\/huanca.org\/lumifer\/shop\/\"},{\"@type\":\"ListItem\",\"position\":3,\"name\":\"Luminarias decorativas\"}]},{\"@type\":\"WebSite\",\"@id\":\"https:\/\/huanca.org\/lumifer\/#website\",\"url\":\"https:\/\/huanca.org\/lumifer\/\",\"name\":\"Ferrekasa\",\"description\":\"Tenemos los mejores productos en iluminaci\u00f3n, cerrajer\u00eda, decoraci\u00f3n del hogar y m\u00e1s.\",\"publisher\":{\"@id\":\"https:\/\/huanca.org\/lumifer\/#organization\"},\"potentialAction\":[{\"@type\":\"SearchAction\",\"target\":{\"@type\":\"EntryPoint\",\"urlTemplate\":\"https:\/\/huanca.org\/lumifer\/?s={search_term_string}\"},\"query-input\":{\"@type\":\"PropertyValueSpecification\",\"valueRequired\":true,\"valueName\":\"search_term_string\"}}],\"inLanguage\":\"es\"},{\"@type\":\"Organization\",\"@id\":\"https:\/\/huanca.org\/lumifer\/#organization\",\"name\":\"Ferrekasa\",\"url\":\"https:\/\/huanca.org\/lumifer\/\",\"logo\":{\"@type\":\"ImageObject\",\"inLanguage\":\"es\",\"@id\":\"https:\/\/huanca.org\/lumifer\/#\/schema\/logo\/image\/\",\"url\":\"https:\/\/huanca.org\/lumifer\/wp-content\/uploads\/2024\/07\/Logo_Ferrekasa.svg\",\"contentUrl\":\"https:\/\/huanca.org\/lumifer\/wp-content\/uploads\/2024\/07\/Logo_Ferrekasa.svg\",\"width\":177,\"height\":112,\"caption\":\"Ferrekasa\"},\"image\":{\"@id\":\"https:\/\/huanca.org\/lumifer\/#\/schema\/logo\/image\/\"},\"sameAs\":[\"https:\/\/www.facebook.com\/FERREKASACOMERCIAL\/\"]}]}<\/script>\n<!-- \/ Yoast SEO plugin. -->","yoast_head_json":{"title":"Luminarias decorativas - Ferrekasa","robots":{"index":"index","follow":"follow","max-snippet":"max-snippet:-1","max-image-preview":"max-image-preview:large","max-video-preview":"max-video-preview:-1"},"canonical":"https:\/\/huanca.org\/lumifer\/producto\/luminarias-decorativas\/","og_locale":"es_ES","og_type":"article","og_title":"Luminarias decorativas - Ferrekasa","og_url":"https:\/\/huanca.org\/lumifer\/producto\/luminarias-decorativas\/","og_site_name":"Ferrekasa","article_publisher":"https:\/\/www.facebook.com\/FERREKASACOMERCIAL\/","article_modified_time":"2024-12-26T17:02:50+00:00","og_image":[{"width":300,"height":300,"url":"https:\/\/huanca.org\/lumifer\/wp-content\/uploads\/2024\/07\/lammparas-colgantes.png","type":"image\/png"}],"twitter_card":"summary_large_image","twitter_misc":{"Tiempo de lectura":"1 minuto"},"schema":{"@context":"https:\/\/schema.org","@graph":[{"@type":"WebPage","@id":"https:\/\/huanca.org\/lumifer\/producto\/luminarias-decorativas\/","url":"https:\/\/huanca.org\/lumifer\/producto\/luminarias-decorativas\/","name":"Luminarias decorativas - Ferrekasa","isPartOf":{"@id":"https:\/\/huanca.org\/lumifer\/#website"},"primaryImageOfPage":{"@id":"https:\/\/huanca.org\/lumifer\/producto\/luminarias-decorativas\/#primaryimage"},"image":{"@id":"https:\/\/huanca.org\/lumifer\/producto\/luminarias-decorativas\/#primaryimage"},"thumbnailUrl":"https:\/\/huanca.org\/lumifer\/wp-content\/uploads\/2024\/07\/lammparas-colgantes.png","datePublished":"2024-07-31T15:50:50+00:00","dateModified":"2024-12-26T17:02:50+00:00","breadcrumb":{"@id":"https:\/\/huanca.org\/lumifer\/producto\/luminarias-decorativas\/#breadcrumb"},"inLanguage":"es","potentialAction":[{"@type":"ReadAction","target":["https:\/\/huanca.org\/lumifer\/producto\/luminarias-decorativas\/"]}]},{"@type":"ImageObject","inLanguage":"es","@id":"https:\/\/huanca.org\/lumifer\/producto\/luminarias-decorativas\/#primaryimage","url":"https:\/\/huanca.org\/lumifer\/wp-content\/uploads\/2024\/07\/lammparas-colgantes.png","contentUrl":"https:\/\/huanca.org\/lumifer\/wp-content\/uploads\/2024\/07\/lammparas-colgantes.png","width":300,"height":300,"caption":"lammparas-colgantes"},{"@type":"BreadcrumbList","@id":"https:\/\/huanca.org\/lumifer\/producto\/luminarias-decorativas\/#breadcrumb","itemListElement":[{"@type":"ListItem","position":1,"name":"Portada","item":"https:\/\/huanca.org\/lumifer\/"},{"@type":"ListItem","position":2,"name":"Productos","item":"https:\/\/huanca.org\/lumifer\/shop\/"},{"@type":"ListItem","position":3,"name":"Luminarias decorativas"}]},{"@type":"WebSite","@id":"https:\/\/huanca.org\/lumifer\/#website","url":"https:\/\/huanca.org\/lumifer\/","name":"Ferrekasa","description":"Tenemos los mejores productos en iluminaci\u00f3n, cerrajer\u00eda, decoraci\u00f3n del hogar y m\u00e1s.","publisher":{"@id":"https:\/\/huanca.org\/lumifer\/#organization"},"potentialAction":[{"@type":"SearchAction","target":{"@type":"EntryPoint","urlTemplate":"https:\/\/huanca.org\/lumifer\/?s={search_term_string}"},"query-input":{"@type":"PropertyValueSpecification","valueRequired":true,"valueName":"search_term_string"}}],"inLanguage":"es"},{"@type":"Organization","@id":"https:\/\/huanca.org\/lumifer\/#organization","name":"Ferrekasa","url":"https:\/\/huanca.org\/lumifer\/","logo":{"@type":"ImageObject","inLanguage":"es","@id":"https:\/\/huanca.org\/lumifer\/#\/schema\/logo\/image\/","url":"https:\/\/huanca.org\/lumifer\/wp-content\/uploads\/2024\/07\/Logo_Ferrekasa.svg","contentUrl":"https:\/\/huanca.org\/lumifer\/wp-content\/uploads\/2024\/07\/Logo_Ferrekasa.svg","width":177,"height":112,"caption":"Ferrekasa"},"image":{"@id":"https:\/\/huanca.org\/lumifer\/#\/schema\/logo\/image\/"},"sameAs":["https:\/\/www.facebook.com\/FERREKASACOMERCIAL\/"]}]}},"_links":{"self":[{"href":"https:\/\/huanca.org\/lumifer\/wp-json\/wp\/v2\/product\/825","targetHints":{"allow":["GET"]}}],"collection":[{"href":"https:\/\/huanca.org\/lumifer\/wp-json\/wp\/v2\/product"}],"about":[{"href":"https:\/\/huanca.org\/lumifer\/wp-json\/wp\/v2\/types\/product"}],"version-history":[{"count":0,"href":"https:\/\/huanca.org\/lumifer\/wp-json\/wp\/v2\/product\/825\/revisions"}],"wp:featuredmedia":[{"embeddable":true,"href":"https:\/\/huanca.org\/lumifer\/wp-json\/wp\/v2\/media\/826"}],"wp:attachment":[{"href":"https:\/\/huanca.org\/lumifer\/wp-json\/wp\/v2\/media?parent=825"}],"wp:term":[{"taxonomy":"product_brand","embeddable":true,"href":"https:\/\/huanca.org\/lumifer\/wp-json\/wp\/v2\/product_brand?post=825"},{"taxonomy":"product_cat","embeddable":true,"href":"https:\/\/huanca.org\/lumifer\/wp-json\/wp\/v2\/product_cat?post=825"},{"taxonomy":"product_tag","embeddable":true,"href":"https:\/\/huanca.org\/lumifer\/wp-json\/wp\/v2\/product_tag?post=825"}],"curies":[{"name":"wp","href":"https:\/\/api.w.org\/{rel}","templated":true}]}}