{"id":6029,"date":"2025-01-07T17:59:19","date_gmt":"2025-01-07T22:59:19","guid":{"rendered":"https:\/\/ferrekasa.com.pe\/?post_type=product&#038;p=6029"},"modified":"2025-01-11T11:00:47","modified_gmt":"2025-01-11T16:00:47","slug":"panel-led-cuadrado-borde-slim-18w-p-adosar-aluminio-base-blanca","status":"publish","type":"product","link":"https:\/\/huanca.org\/lumifer\/producto\/panel-led-cuadrado-borde-slim-18w-p-adosar-aluminio-base-blanca\/","title":{"rendered":"Panel Led Cuadrado Borde Slim 12W-18W-24W P\/Adosar Aluminio Base Blanca"},"content":{"rendered":"<ul>\n<li>\n<h3>Temperatura de color\u00a0\u00a0<span style=\"color: #ff6600\">C\u00e1lida 3000K<\/span>\u00a0,\u00a0<span style=\"color: #99cc00\">Neutras 4500K<\/span>\u00a0y<span style=\"color: #0000ff\">\u00a0Blanca 6500K<\/span><\/h3>\n<\/li>\n<li><strong>Potencia:<\/strong> 12w-18w-24w<\/li>\n<li><strong>Dimensiones 12w:\u00a0<\/strong>\u00f813 x 2.9cm<\/li>\n<li><strong>Dimensiones 18w:<\/strong>\u00a0\u00f818 x 2.9cm<\/li>\n<li><strong>Dimensiones 24w:<\/strong>\u00a0\u00f821.9 x 2.9cm<\/li>\n<li><strong>Material:<\/strong>\u00a0Policarbonato<\/li>\n<li><strong>Lumenes 12w:<\/strong>\u00a01440lm<\/li>\n<li><strong>Lumenes 18w:<\/strong>\u00a02160lm<\/li>\n<li><strong>Lumenes 24w:<\/strong>\u00a02160lm<\/li>\n<li><strong>Modelo:<\/strong>\u00a0Adosable<\/li>\n<li><strong>Angulo de luz:<\/strong>\u00a0120\u00b0<\/li>\n<li><strong>Tiempo de vida:<\/strong>\u00a060000 hrs<\/li>\n<li><strong>Protecci\u00f3n:<\/strong>\u00a0IP20<\/li>\n<li><strong>Voltaje:<\/strong>\u00a085V \u2013 265V<\/li>\n<\/ul>\n","protected":false},"excerpt":{"rendered":"<p>Temperatura de color\u00a0\u00a0C\u00e1lida 3000K\u00a0,\u00a0Neutras 4500K\u00a0y\u00a0Blanca 6500K Potencia: 12w-18w-24w Dimensiones 12w:\u00a0\u00f813 x 2.9cm Dimensiones 18w:\u00a0\u00f818 x 2.9cm Dimensiones 24w:\u00a0\u00f821.9 x 2.9cm<\/p>\n","protected":false},"featured_media":6038,"template":"","meta":[],"product_brand":[],"product_cat":[94],"product_tag":[],"class_list":{"0":"post-6029","1":"product","2":"type-product","3":"status-publish","4":"has-post-thumbnail","6":"product_cat-paneles-satinadas","8":"first","9":"instock","10":"shipping-taxable","11":"product-type-simple"},"yoast_head":"<!-- This site is optimized with the Yoast SEO plugin v25.7 - https:\/\/yoast.com\/wordpress\/plugins\/seo\/ -->\n<title>Panel Led Cuadrado Borde Slim 12W-18W-24W P\/Adosar Aluminio Base Blanca - Ferrekasa<\/title>\n<meta name=\"robots\" content=\"index, follow, max-snippet:-1, max-image-preview:large, max-video-preview:-1\" \/>\n<link rel=\"canonical\" href=\"https:\/\/huanca.org\/lumifer\/producto\/panel-led-cuadrado-borde-slim-18w-p-adosar-aluminio-base-blanca\/\" \/>\n<meta property=\"og:locale\" content=\"es_ES\" \/>\n<meta property=\"og:type\" content=\"article\" \/>\n<meta property=\"og:title\" content=\"Panel Led Cuadrado Borde Slim 12W-18W-24W P\/Adosar Aluminio Base Blanca - Ferrekasa\" \/>\n<meta property=\"og:description\" content=\"Temperatura de color\u00a0\u00a0C\u00e1lida 3000K\u00a0,\u00a0Neutras 4500K\u00a0y\u00a0Blanca 6500K Potencia: 12w-18w-24w Dimensiones 12w:\u00a0\u00f813 x 2.9cm Dimensiones 18w:\u00a0\u00f818 x 2.9cm Dimensiones 24w:\u00a0\u00f821.9 x 2.9cm\" \/>\n<meta property=\"og:url\" content=\"https:\/\/huanca.org\/lumifer\/producto\/panel-led-cuadrado-borde-slim-18w-p-adosar-aluminio-base-blanca\/\" \/>\n<meta property=\"og:site_name\" content=\"Ferrekasa\" \/>\n<meta property=\"article:publisher\" content=\"https:\/\/www.facebook.com\/FERREKASACOMERCIAL\/\" \/>\n<meta property=\"article:modified_time\" content=\"2025-01-11T16:00:47+00:00\" \/>\n<meta property=\"og:image\" content=\"https:\/\/huanca.org\/lumifer\/wp-content\/uploads\/2025\/01\/Diseno-sin-titulo-12.png\" \/>\n\t<meta property=\"og:image:width\" content=\"2900\" \/>\n\t<meta property=\"og:image:height\" content=\"2700\" \/>\n\t<meta property=\"og:image:type\" content=\"image\/png\" \/>\n<meta name=\"twitter:card\" content=\"summary_large_image\" \/>\n<meta name=\"twitter:label1\" content=\"Tiempo de lectura\" \/>\n\t<meta name=\"twitter:data1\" content=\"1 minuto\" \/>\n<script type=\"application\/ld+json\" class=\"yoast-schema-graph\">{\"@context\":\"https:\/\/schema.org\",\"@graph\":[{\"@type\":\"WebPage\",\"@id\":\"https:\/\/huanca.org\/lumifer\/producto\/panel-led-cuadrado-borde-slim-18w-p-adosar-aluminio-base-blanca\/\",\"url\":\"https:\/\/huanca.org\/lumifer\/producto\/panel-led-cuadrado-borde-slim-18w-p-adosar-aluminio-base-blanca\/\",\"name\":\"Panel Led Cuadrado Borde Slim 12W-18W-24W P\/Adosar Aluminio Base Blanca - Ferrekasa\",\"isPartOf\":{\"@id\":\"https:\/\/huanca.org\/lumifer\/#website\"},\"primaryImageOfPage\":{\"@id\":\"https:\/\/huanca.org\/lumifer\/producto\/panel-led-cuadrado-borde-slim-18w-p-adosar-aluminio-base-blanca\/#primaryimage\"},\"image\":{\"@id\":\"https:\/\/huanca.org\/lumifer\/producto\/panel-led-cuadrado-borde-slim-18w-p-adosar-aluminio-base-blanca\/#primaryimage\"},\"thumbnailUrl\":\"https:\/\/huanca.org\/lumifer\/wp-content\/uploads\/2025\/01\/Diseno-sin-titulo-12.png\",\"datePublished\":\"2025-01-07T22:59:19+00:00\",\"dateModified\":\"2025-01-11T16:00:47+00:00\",\"breadcrumb\":{\"@id\":\"https:\/\/huanca.org\/lumifer\/producto\/panel-led-cuadrado-borde-slim-18w-p-adosar-aluminio-base-blanca\/#breadcrumb\"},\"inLanguage\":\"es\",\"potentialAction\":[{\"@type\":\"ReadAction\",\"target\":[\"https:\/\/huanca.org\/lumifer\/producto\/panel-led-cuadrado-borde-slim-18w-p-adosar-aluminio-base-blanca\/\"]}]},{\"@type\":\"ImageObject\",\"inLanguage\":\"es\",\"@id\":\"https:\/\/huanca.org\/lumifer\/producto\/panel-led-cuadrado-borde-slim-18w-p-adosar-aluminio-base-blanca\/#primaryimage\",\"url\":\"https:\/\/huanca.org\/lumifer\/wp-content\/uploads\/2025\/01\/Diseno-sin-titulo-12.png\",\"contentUrl\":\"https:\/\/huanca.org\/lumifer\/wp-content\/uploads\/2025\/01\/Diseno-sin-titulo-12.png\",\"width\":2900,\"height\":2700},{\"@type\":\"BreadcrumbList\",\"@id\":\"https:\/\/huanca.org\/lumifer\/producto\/panel-led-cuadrado-borde-slim-18w-p-adosar-aluminio-base-blanca\/#breadcrumb\",\"itemListElement\":[{\"@type\":\"ListItem\",\"position\":1,\"name\":\"Portada\",\"item\":\"https:\/\/huanca.org\/lumifer\/\"},{\"@type\":\"ListItem\",\"position\":2,\"name\":\"Productos\",\"item\":\"https:\/\/huanca.org\/lumifer\/shop\/\"},{\"@type\":\"ListItem\",\"position\":3,\"name\":\"Panel Led Cuadrado Borde Slim 12W-18W-24W P\/Adosar Aluminio Base Blanca\"}]},{\"@type\":\"WebSite\",\"@id\":\"https:\/\/huanca.org\/lumifer\/#website\",\"url\":\"https:\/\/huanca.org\/lumifer\/\",\"name\":\"Ferrekasa\",\"description\":\"Tenemos los mejores productos en iluminaci\u00f3n, cerrajer\u00eda, decoraci\u00f3n del hogar y m\u00e1s.\",\"publisher\":{\"@id\":\"https:\/\/huanca.org\/lumifer\/#organization\"},\"potentialAction\":[{\"@type\":\"SearchAction\",\"target\":{\"@type\":\"EntryPoint\",\"urlTemplate\":\"https:\/\/huanca.org\/lumifer\/?s={search_term_string}\"},\"query-input\":{\"@type\":\"PropertyValueSpecification\",\"valueRequired\":true,\"valueName\":\"search_term_string\"}}],\"inLanguage\":\"es\"},{\"@type\":\"Organization\",\"@id\":\"https:\/\/huanca.org\/lumifer\/#organization\",\"name\":\"Ferrekasa\",\"url\":\"https:\/\/huanca.org\/lumifer\/\",\"logo\":{\"@type\":\"ImageObject\",\"inLanguage\":\"es\",\"@id\":\"https:\/\/huanca.org\/lumifer\/#\/schema\/logo\/image\/\",\"url\":\"https:\/\/huanca.org\/lumifer\/wp-content\/uploads\/2024\/07\/Logo_Ferrekasa.svg\",\"contentUrl\":\"https:\/\/huanca.org\/lumifer\/wp-content\/uploads\/2024\/07\/Logo_Ferrekasa.svg\",\"width\":177,\"height\":112,\"caption\":\"Ferrekasa\"},\"image\":{\"@id\":\"https:\/\/huanca.org\/lumifer\/#\/schema\/logo\/image\/\"},\"sameAs\":[\"https:\/\/www.facebook.com\/FERREKASACOMERCIAL\/\"]}]}<\/script>\n<!-- \/ Yoast SEO plugin. -->","yoast_head_json":{"title":"Panel Led Cuadrado Borde Slim 12W-18W-24W P\/Adosar Aluminio Base Blanca - Ferrekasa","robots":{"index":"index","follow":"follow","max-snippet":"max-snippet:-1","max-image-preview":"max-image-preview:large","max-video-preview":"max-video-preview:-1"},"canonical":"https:\/\/huanca.org\/lumifer\/producto\/panel-led-cuadrado-borde-slim-18w-p-adosar-aluminio-base-blanca\/","og_locale":"es_ES","og_type":"article","og_title":"Panel Led Cuadrado Borde Slim 12W-18W-24W P\/Adosar Aluminio Base Blanca - Ferrekasa","og_description":"Temperatura de color\u00a0\u00a0C\u00e1lida 3000K\u00a0,\u00a0Neutras 4500K\u00a0y\u00a0Blanca 6500K Potencia: 12w-18w-24w Dimensiones 12w:\u00a0\u00f813 x 2.9cm Dimensiones 18w:\u00a0\u00f818 x 2.9cm Dimensiones 24w:\u00a0\u00f821.9 x 2.9cm","og_url":"https:\/\/huanca.org\/lumifer\/producto\/panel-led-cuadrado-borde-slim-18w-p-adosar-aluminio-base-blanca\/","og_site_name":"Ferrekasa","article_publisher":"https:\/\/www.facebook.com\/FERREKASACOMERCIAL\/","article_modified_time":"2025-01-11T16:00:47+00:00","og_image":[{"width":2900,"height":2700,"url":"https:\/\/huanca.org\/lumifer\/wp-content\/uploads\/2025\/01\/Diseno-sin-titulo-12.png","type":"image\/png"}],"twitter_card":"summary_large_image","twitter_misc":{"Tiempo de lectura":"1 minuto"},"schema":{"@context":"https:\/\/schema.org","@graph":[{"@type":"WebPage","@id":"https:\/\/huanca.org\/lumifer\/producto\/panel-led-cuadrado-borde-slim-18w-p-adosar-aluminio-base-blanca\/","url":"https:\/\/huanca.org\/lumifer\/producto\/panel-led-cuadrado-borde-slim-18w-p-adosar-aluminio-base-blanca\/","name":"Panel Led Cuadrado Borde Slim 12W-18W-24W P\/Adosar Aluminio Base Blanca - Ferrekasa","isPartOf":{"@id":"https:\/\/huanca.org\/lumifer\/#website"},"primaryImageOfPage":{"@id":"https:\/\/huanca.org\/lumifer\/producto\/panel-led-cuadrado-borde-slim-18w-p-adosar-aluminio-base-blanca\/#primaryimage"},"image":{"@id":"https:\/\/huanca.org\/lumifer\/producto\/panel-led-cuadrado-borde-slim-18w-p-adosar-aluminio-base-blanca\/#primaryimage"},"thumbnailUrl":"https:\/\/huanca.org\/lumifer\/wp-content\/uploads\/2025\/01\/Diseno-sin-titulo-12.png","datePublished":"2025-01-07T22:59:19+00:00","dateModified":"2025-01-11T16:00:47+00:00","breadcrumb":{"@id":"https:\/\/huanca.org\/lumifer\/producto\/panel-led-cuadrado-borde-slim-18w-p-adosar-aluminio-base-blanca\/#breadcrumb"},"inLanguage":"es","potentialAction":[{"@type":"ReadAction","target":["https:\/\/huanca.org\/lumifer\/producto\/panel-led-cuadrado-borde-slim-18w-p-adosar-aluminio-base-blanca\/"]}]},{"@type":"ImageObject","inLanguage":"es","@id":"https:\/\/huanca.org\/lumifer\/producto\/panel-led-cuadrado-borde-slim-18w-p-adosar-aluminio-base-blanca\/#primaryimage","url":"https:\/\/huanca.org\/lumifer\/wp-content\/uploads\/2025\/01\/Diseno-sin-titulo-12.png","contentUrl":"https:\/\/huanca.org\/lumifer\/wp-content\/uploads\/2025\/01\/Diseno-sin-titulo-12.png","width":2900,"height":2700},{"@type":"BreadcrumbList","@id":"https:\/\/huanca.org\/lumifer\/producto\/panel-led-cuadrado-borde-slim-18w-p-adosar-aluminio-base-blanca\/#breadcrumb","itemListElement":[{"@type":"ListItem","position":1,"name":"Portada","item":"https:\/\/huanca.org\/lumifer\/"},{"@type":"ListItem","position":2,"name":"Productos","item":"https:\/\/huanca.org\/lumifer\/shop\/"},{"@type":"ListItem","position":3,"name":"Panel Led Cuadrado Borde Slim 12W-18W-24W P\/Adosar Aluminio Base Blanca"}]},{"@type":"WebSite","@id":"https:\/\/huanca.org\/lumifer\/#website","url":"https:\/\/huanca.org\/lumifer\/","name":"Ferrekasa","description":"Tenemos los mejores productos en iluminaci\u00f3n, cerrajer\u00eda, decoraci\u00f3n del hogar y m\u00e1s.","publisher":{"@id":"https:\/\/huanca.org\/lumifer\/#organization"},"potentialAction":[{"@type":"SearchAction","target":{"@type":"EntryPoint","urlTemplate":"https:\/\/huanca.org\/lumifer\/?s={search_term_string}"},"query-input":{"@type":"PropertyValueSpecification","valueRequired":true,"valueName":"search_term_string"}}],"inLanguage":"es"},{"@type":"Organization","@id":"https:\/\/huanca.org\/lumifer\/#organization","name":"Ferrekasa","url":"https:\/\/huanca.org\/lumifer\/","logo":{"@type":"ImageObject","inLanguage":"es","@id":"https:\/\/huanca.org\/lumifer\/#\/schema\/logo\/image\/","url":"https:\/\/huanca.org\/lumifer\/wp-content\/uploads\/2024\/07\/Logo_Ferrekasa.svg","contentUrl":"https:\/\/huanca.org\/lumifer\/wp-content\/uploads\/2024\/07\/Logo_Ferrekasa.svg","width":177,"height":112,"caption":"Ferrekasa"},"image":{"@id":"https:\/\/huanca.org\/lumifer\/#\/schema\/logo\/image\/"},"sameAs":["https:\/\/www.facebook.com\/FERREKASACOMERCIAL\/"]}]}},"_links":{"self":[{"href":"https:\/\/huanca.org\/lumifer\/wp-json\/wp\/v2\/product\/6029","targetHints":{"allow":["GET"]}}],"collection":[{"href":"https:\/\/huanca.org\/lumifer\/wp-json\/wp\/v2\/product"}],"about":[{"href":"https:\/\/huanca.org\/lumifer\/wp-json\/wp\/v2\/types\/product"}],"version-history":[{"count":0,"href":"https:\/\/huanca.org\/lumifer\/wp-json\/wp\/v2\/product\/6029\/revisions"}],"wp:featuredmedia":[{"embeddable":true,"href":"https:\/\/huanca.org\/lumifer\/wp-json\/wp\/v2\/media\/6038"}],"wp:attachment":[{"href":"https:\/\/huanca.org\/lumifer\/wp-json\/wp\/v2\/media?parent=6029"}],"wp:term":[{"taxonomy":"product_brand","embeddable":true,"href":"https:\/\/huanca.org\/lumifer\/wp-json\/wp\/v2\/product_brand?post=6029"},{"taxonomy":"product_cat","embeddable":true,"href":"https:\/\/huanca.org\/lumifer\/wp-json\/wp\/v2\/product_cat?post=6029"},{"taxonomy":"product_tag","embeddable":true,"href":"https:\/\/huanca.org\/lumifer\/wp-json\/wp\/v2\/product_tag?post=6029"}],"curies":[{"name":"wp","href":"https:\/\/api.w.org\/{rel}","templated":true}]}}