{"id":5977,"date":"2025-01-02T18:01:02","date_gmt":"2025-01-02T23:01:02","guid":{"rendered":"https:\/\/ferrekasa.com.pe\/?post_type=product&#038;p=5977"},"modified":"2025-01-02T18:01:02","modified_gmt":"2025-01-02T23:01:02","slug":"panel-led-6w-12w-18w-24w-p-adosar-y-empotrar-policarbonato-base-negra","status":"publish","type":"product","link":"https:\/\/huanca.org\/lumifer\/producto\/panel-led-6w-12w-18w-24w-p-adosar-y-empotrar-policarbonato-base-negra\/","title":{"rendered":"Panel Led 6W-12W-18W-24W P\/Adosar y Empotrar Policarbonato Base Negra"},"content":{"rendered":"","protected":false},"excerpt":{"rendered":"<ul>\n<li>\n<h3>Temperatura de color\u00a0\u00a0<span style=\"color: #ff6600\">C\u00e1lida 3000K<\/span>\u00a0y\u00a0<span style=\"color: #0000ff\">Blanca 6000K<\/span><\/h3>\n<\/li>\n<li><strong>Potencia:<\/strong>\u00a06w-12w-18w-24w<\/li>\n<li><strong>Dimensiones 6w:<\/strong>\u00a0 13.5 cm x 4 cm<\/li>\n<li><strong>Dimensiones 12w:\u00a0<\/strong>17.7 cm x 4 cm<\/li>\n<li><strong>Dimensiones 18w:<\/strong>\u00a023.5 cm x 4 cm<\/li>\n<li><strong>Dimensiones 24w:\u00a0<\/strong>30.3 cm x 4 cm<\/li>\n<li><strong>Material:<\/strong>\u00a0policarbonato<\/li>\n<li><strong>Lumenes 6w:<\/strong>\u00a0420lm<\/li>\n<li><strong>Lumenes 12w:<\/strong>\u00a0900lm<\/li>\n<li><strong>Lumenes 18w:<\/strong>\u00a01500lm<\/li>\n<li><strong>Lumenes 24w:\u00a0<\/strong>1900 lm<\/li>\n<li><strong>Modelo:<\/strong>\u00a0Adosable y empotrado<\/li>\n<li><strong>Angulo de luz:<\/strong>\u00a0120\u00b0<\/li>\n<li><strong>Tiempo de vida:<\/strong>\u00a030000 hrs<\/li>\n<li><strong>Protecci\u00f3n:<\/strong>\u00a0IP20<\/li>\n<li><strong>Voltaje:<\/strong>\u00a0180-250V<\/li>\n<\/ul>\n","protected":false},"featured_media":5978,"template":"","meta":[],"product_brand":[],"product_cat":[93],"product_tag":[],"class_list":{"0":"post-5977","1":"product","2":"type-product","3":"status-publish","4":"has-post-thumbnail","6":"product_cat-paneles-base-altas-negras-y-blancas","8":"first","9":"instock","10":"shipping-taxable","11":"product-type-simple"},"yoast_head":"<!-- This site is optimized with the Yoast SEO plugin v25.7 - https:\/\/yoast.com\/wordpress\/plugins\/seo\/ -->\n<title>Panel Led 6W-12W-18W-24W P\/Adosar y Empotrar Policarbonato Base Negra - Ferrekasa<\/title>\n<meta name=\"robots\" content=\"index, follow, max-snippet:-1, max-image-preview:large, max-video-preview:-1\" \/>\n<link rel=\"canonical\" href=\"https:\/\/huanca.org\/lumifer\/producto\/panel-led-6w-12w-18w-24w-p-adosar-y-empotrar-policarbonato-base-negra\/\" \/>\n<meta property=\"og:locale\" content=\"es_ES\" \/>\n<meta property=\"og:type\" content=\"article\" \/>\n<meta property=\"og:title\" content=\"Panel Led 6W-12W-18W-24W P\/Adosar y Empotrar Policarbonato Base Negra - Ferrekasa\" \/>\n<meta property=\"og:description\" content=\"Temperatura de color\u00a0\u00a0C\u00e1lida 3000K\u00a0y\u00a0Blanca 6000K   Potencia:\u00a06w-12w-18w-24w  Dimensiones 6w:\u00a0 13.5 cm x 4 cm  Dimensiones 12w:\u00a017.7 cm x 4 cm  Dimensiones 18w:\u00a023.5 cm x 4 cm  Dimensiones 24w:\u00a030.3 cm x 4 cm  Material:\u00a0policarbonato  Lumenes 6w:\u00a0420lm  Lumenes 12w:\u00a0900lm  Lumenes 18w:\u00a01500lm  Lumenes 24w:\u00a01900 lm  Modelo:\u00a0Adosable y empotrado  Angulo de luz:\u00a0120\u00b0  Tiempo de vida:\u00a030000 hrs  Protecci\u00f3n:\u00a0IP20  Voltaje:\u00a0180-250V\" \/>\n<meta property=\"og:url\" content=\"https:\/\/huanca.org\/lumifer\/producto\/panel-led-6w-12w-18w-24w-p-adosar-y-empotrar-policarbonato-base-negra\/\" \/>\n<meta property=\"og:site_name\" content=\"Ferrekasa\" \/>\n<meta property=\"article:publisher\" content=\"https:\/\/www.facebook.com\/FERREKASACOMERCIAL\/\" \/>\n<meta property=\"og:image\" content=\"https:\/\/huanca.org\/lumifer\/wp-content\/uploads\/2025\/01\/Diseno-sin-titulo-1.png\" \/>\n\t<meta property=\"og:image:width\" content=\"2900\" \/>\n\t<meta property=\"og:image:height\" content=\"2700\" \/>\n\t<meta property=\"og:image:type\" content=\"image\/png\" \/>\n<meta name=\"twitter:card\" content=\"summary_large_image\" \/>\n<meta name=\"twitter:label1\" content=\"Tiempo de lectura\" \/>\n\t<meta name=\"twitter:data1\" content=\"1 minuto\" \/>\n<script type=\"application\/ld+json\" class=\"yoast-schema-graph\">{\"@context\":\"https:\/\/schema.org\",\"@graph\":[{\"@type\":\"WebPage\",\"@id\":\"https:\/\/huanca.org\/lumifer\/producto\/panel-led-6w-12w-18w-24w-p-adosar-y-empotrar-policarbonato-base-negra\/\",\"url\":\"https:\/\/huanca.org\/lumifer\/producto\/panel-led-6w-12w-18w-24w-p-adosar-y-empotrar-policarbonato-base-negra\/\",\"name\":\"Panel Led 6W-12W-18W-24W P\/Adosar y Empotrar Policarbonato Base Negra - Ferrekasa\",\"isPartOf\":{\"@id\":\"https:\/\/huanca.org\/lumifer\/#website\"},\"primaryImageOfPage\":{\"@id\":\"https:\/\/huanca.org\/lumifer\/producto\/panel-led-6w-12w-18w-24w-p-adosar-y-empotrar-policarbonato-base-negra\/#primaryimage\"},\"image\":{\"@id\":\"https:\/\/huanca.org\/lumifer\/producto\/panel-led-6w-12w-18w-24w-p-adosar-y-empotrar-policarbonato-base-negra\/#primaryimage\"},\"thumbnailUrl\":\"https:\/\/huanca.org\/lumifer\/wp-content\/uploads\/2025\/01\/Diseno-sin-titulo-1.png\",\"datePublished\":\"2025-01-02T23:01:02+00:00\",\"breadcrumb\":{\"@id\":\"https:\/\/huanca.org\/lumifer\/producto\/panel-led-6w-12w-18w-24w-p-adosar-y-empotrar-policarbonato-base-negra\/#breadcrumb\"},\"inLanguage\":\"es\",\"potentialAction\":[{\"@type\":\"ReadAction\",\"target\":[\"https:\/\/huanca.org\/lumifer\/producto\/panel-led-6w-12w-18w-24w-p-adosar-y-empotrar-policarbonato-base-negra\/\"]}]},{\"@type\":\"ImageObject\",\"inLanguage\":\"es\",\"@id\":\"https:\/\/huanca.org\/lumifer\/producto\/panel-led-6w-12w-18w-24w-p-adosar-y-empotrar-policarbonato-base-negra\/#primaryimage\",\"url\":\"https:\/\/huanca.org\/lumifer\/wp-content\/uploads\/2025\/01\/Diseno-sin-titulo-1.png\",\"contentUrl\":\"https:\/\/huanca.org\/lumifer\/wp-content\/uploads\/2025\/01\/Diseno-sin-titulo-1.png\",\"width\":2900,\"height\":2700},{\"@type\":\"BreadcrumbList\",\"@id\":\"https:\/\/huanca.org\/lumifer\/producto\/panel-led-6w-12w-18w-24w-p-adosar-y-empotrar-policarbonato-base-negra\/#breadcrumb\",\"itemListElement\":[{\"@type\":\"ListItem\",\"position\":1,\"name\":\"Portada\",\"item\":\"https:\/\/huanca.org\/lumifer\/\"},{\"@type\":\"ListItem\",\"position\":2,\"name\":\"Productos\",\"item\":\"https:\/\/huanca.org\/lumifer\/shop\/\"},{\"@type\":\"ListItem\",\"position\":3,\"name\":\"Panel Led 6W-12W-18W-24W P\/Adosar y Empotrar Policarbonato Base Negra\"}]},{\"@type\":\"WebSite\",\"@id\":\"https:\/\/huanca.org\/lumifer\/#website\",\"url\":\"https:\/\/huanca.org\/lumifer\/\",\"name\":\"Ferrekasa\",\"description\":\"Tenemos los mejores productos en iluminaci\u00f3n, cerrajer\u00eda, decoraci\u00f3n del hogar y m\u00e1s.\",\"publisher\":{\"@id\":\"https:\/\/huanca.org\/lumifer\/#organization\"},\"potentialAction\":[{\"@type\":\"SearchAction\",\"target\":{\"@type\":\"EntryPoint\",\"urlTemplate\":\"https:\/\/huanca.org\/lumifer\/?s={search_term_string}\"},\"query-input\":{\"@type\":\"PropertyValueSpecification\",\"valueRequired\":true,\"valueName\":\"search_term_string\"}}],\"inLanguage\":\"es\"},{\"@type\":\"Organization\",\"@id\":\"https:\/\/huanca.org\/lumifer\/#organization\",\"name\":\"Ferrekasa\",\"url\":\"https:\/\/huanca.org\/lumifer\/\",\"logo\":{\"@type\":\"ImageObject\",\"inLanguage\":\"es\",\"@id\":\"https:\/\/huanca.org\/lumifer\/#\/schema\/logo\/image\/\",\"url\":\"https:\/\/huanca.org\/lumifer\/wp-content\/uploads\/2024\/07\/Logo_Ferrekasa.svg\",\"contentUrl\":\"https:\/\/huanca.org\/lumifer\/wp-content\/uploads\/2024\/07\/Logo_Ferrekasa.svg\",\"width\":177,\"height\":112,\"caption\":\"Ferrekasa\"},\"image\":{\"@id\":\"https:\/\/huanca.org\/lumifer\/#\/schema\/logo\/image\/\"},\"sameAs\":[\"https:\/\/www.facebook.com\/FERREKASACOMERCIAL\/\"]}]}<\/script>\n<!-- \/ Yoast SEO plugin. -->","yoast_head_json":{"title":"Panel Led 6W-12W-18W-24W P\/Adosar y Empotrar Policarbonato Base Negra - Ferrekasa","robots":{"index":"index","follow":"follow","max-snippet":"max-snippet:-1","max-image-preview":"max-image-preview:large","max-video-preview":"max-video-preview:-1"},"canonical":"https:\/\/huanca.org\/lumifer\/producto\/panel-led-6w-12w-18w-24w-p-adosar-y-empotrar-policarbonato-base-negra\/","og_locale":"es_ES","og_type":"article","og_title":"Panel Led 6W-12W-18W-24W P\/Adosar y Empotrar Policarbonato Base Negra - Ferrekasa","og_description":"Temperatura de color\u00a0\u00a0C\u00e1lida 3000K\u00a0y\u00a0Blanca 6000K   Potencia:\u00a06w-12w-18w-24w  Dimensiones 6w:\u00a0 13.5 cm x 4 cm  Dimensiones 12w:\u00a017.7 cm x 4 cm  Dimensiones 18w:\u00a023.5 cm x 4 cm  Dimensiones 24w:\u00a030.3 cm x 4 cm  Material:\u00a0policarbonato  Lumenes 6w:\u00a0420lm  Lumenes 12w:\u00a0900lm  Lumenes 18w:\u00a01500lm  Lumenes 24w:\u00a01900 lm  Modelo:\u00a0Adosable y empotrado  Angulo de luz:\u00a0120\u00b0  Tiempo de vida:\u00a030000 hrs  Protecci\u00f3n:\u00a0IP20  Voltaje:\u00a0180-250V","og_url":"https:\/\/huanca.org\/lumifer\/producto\/panel-led-6w-12w-18w-24w-p-adosar-y-empotrar-policarbonato-base-negra\/","og_site_name":"Ferrekasa","article_publisher":"https:\/\/www.facebook.com\/FERREKASACOMERCIAL\/","og_image":[{"width":2900,"height":2700,"url":"https:\/\/huanca.org\/lumifer\/wp-content\/uploads\/2025\/01\/Diseno-sin-titulo-1.png","type":"image\/png"}],"twitter_card":"summary_large_image","twitter_misc":{"Tiempo de lectura":"1 minuto"},"schema":{"@context":"https:\/\/schema.org","@graph":[{"@type":"WebPage","@id":"https:\/\/huanca.org\/lumifer\/producto\/panel-led-6w-12w-18w-24w-p-adosar-y-empotrar-policarbonato-base-negra\/","url":"https:\/\/huanca.org\/lumifer\/producto\/panel-led-6w-12w-18w-24w-p-adosar-y-empotrar-policarbonato-base-negra\/","name":"Panel Led 6W-12W-18W-24W P\/Adosar y Empotrar Policarbonato Base Negra - Ferrekasa","isPartOf":{"@id":"https:\/\/huanca.org\/lumifer\/#website"},"primaryImageOfPage":{"@id":"https:\/\/huanca.org\/lumifer\/producto\/panel-led-6w-12w-18w-24w-p-adosar-y-empotrar-policarbonato-base-negra\/#primaryimage"},"image":{"@id":"https:\/\/huanca.org\/lumifer\/producto\/panel-led-6w-12w-18w-24w-p-adosar-y-empotrar-policarbonato-base-negra\/#primaryimage"},"thumbnailUrl":"https:\/\/huanca.org\/lumifer\/wp-content\/uploads\/2025\/01\/Diseno-sin-titulo-1.png","datePublished":"2025-01-02T23:01:02+00:00","breadcrumb":{"@id":"https:\/\/huanca.org\/lumifer\/producto\/panel-led-6w-12w-18w-24w-p-adosar-y-empotrar-policarbonato-base-negra\/#breadcrumb"},"inLanguage":"es","potentialAction":[{"@type":"ReadAction","target":["https:\/\/huanca.org\/lumifer\/producto\/panel-led-6w-12w-18w-24w-p-adosar-y-empotrar-policarbonato-base-negra\/"]}]},{"@type":"ImageObject","inLanguage":"es","@id":"https:\/\/huanca.org\/lumifer\/producto\/panel-led-6w-12w-18w-24w-p-adosar-y-empotrar-policarbonato-base-negra\/#primaryimage","url":"https:\/\/huanca.org\/lumifer\/wp-content\/uploads\/2025\/01\/Diseno-sin-titulo-1.png","contentUrl":"https:\/\/huanca.org\/lumifer\/wp-content\/uploads\/2025\/01\/Diseno-sin-titulo-1.png","width":2900,"height":2700},{"@type":"BreadcrumbList","@id":"https:\/\/huanca.org\/lumifer\/producto\/panel-led-6w-12w-18w-24w-p-adosar-y-empotrar-policarbonato-base-negra\/#breadcrumb","itemListElement":[{"@type":"ListItem","position":1,"name":"Portada","item":"https:\/\/huanca.org\/lumifer\/"},{"@type":"ListItem","position":2,"name":"Productos","item":"https:\/\/huanca.org\/lumifer\/shop\/"},{"@type":"ListItem","position":3,"name":"Panel Led 6W-12W-18W-24W P\/Adosar y Empotrar Policarbonato Base Negra"}]},{"@type":"WebSite","@id":"https:\/\/huanca.org\/lumifer\/#website","url":"https:\/\/huanca.org\/lumifer\/","name":"Ferrekasa","description":"Tenemos los mejores productos en iluminaci\u00f3n, cerrajer\u00eda, decoraci\u00f3n del hogar y m\u00e1s.","publisher":{"@id":"https:\/\/huanca.org\/lumifer\/#organization"},"potentialAction":[{"@type":"SearchAction","target":{"@type":"EntryPoint","urlTemplate":"https:\/\/huanca.org\/lumifer\/?s={search_term_string}"},"query-input":{"@type":"PropertyValueSpecification","valueRequired":true,"valueName":"search_term_string"}}],"inLanguage":"es"},{"@type":"Organization","@id":"https:\/\/huanca.org\/lumifer\/#organization","name":"Ferrekasa","url":"https:\/\/huanca.org\/lumifer\/","logo":{"@type":"ImageObject","inLanguage":"es","@id":"https:\/\/huanca.org\/lumifer\/#\/schema\/logo\/image\/","url":"https:\/\/huanca.org\/lumifer\/wp-content\/uploads\/2024\/07\/Logo_Ferrekasa.svg","contentUrl":"https:\/\/huanca.org\/lumifer\/wp-content\/uploads\/2024\/07\/Logo_Ferrekasa.svg","width":177,"height":112,"caption":"Ferrekasa"},"image":{"@id":"https:\/\/huanca.org\/lumifer\/#\/schema\/logo\/image\/"},"sameAs":["https:\/\/www.facebook.com\/FERREKASACOMERCIAL\/"]}]}},"_links":{"self":[{"href":"https:\/\/huanca.org\/lumifer\/wp-json\/wp\/v2\/product\/5977","targetHints":{"allow":["GET"]}}],"collection":[{"href":"https:\/\/huanca.org\/lumifer\/wp-json\/wp\/v2\/product"}],"about":[{"href":"https:\/\/huanca.org\/lumifer\/wp-json\/wp\/v2\/types\/product"}],"version-history":[{"count":0,"href":"https:\/\/huanca.org\/lumifer\/wp-json\/wp\/v2\/product\/5977\/revisions"}],"wp:featuredmedia":[{"embeddable":true,"href":"https:\/\/huanca.org\/lumifer\/wp-json\/wp\/v2\/media\/5978"}],"wp:attachment":[{"href":"https:\/\/huanca.org\/lumifer\/wp-json\/wp\/v2\/media?parent=5977"}],"wp:term":[{"taxonomy":"product_brand","embeddable":true,"href":"https:\/\/huanca.org\/lumifer\/wp-json\/wp\/v2\/product_brand?post=5977"},{"taxonomy":"product_cat","embeddable":true,"href":"https:\/\/huanca.org\/lumifer\/wp-json\/wp\/v2\/product_cat?post=5977"},{"taxonomy":"product_tag","embeddable":true,"href":"https:\/\/huanca.org\/lumifer\/wp-json\/wp\/v2\/product_tag?post=5977"}],"curies":[{"name":"wp","href":"https:\/\/api.w.org\/{rel}","templated":true}]}}