{"id":5913,"date":"2024-12-12T19:15:50","date_gmt":"2024-12-13T00:15:50","guid":{"rendered":"https:\/\/ferrekasa.com.pe\/?post_type=product&#038;p=5913"},"modified":"2025-01-30T11:08:04","modified_gmt":"2025-01-30T16:08:04","slug":"panel-slim-led-9w-p-adosar-y-empotrar-3cct","status":"publish","type":"product","link":"https:\/\/huanca.org\/lumifer\/producto\/panel-slim-led-9w-p-adosar-y-empotrar-3cct\/","title":{"rendered":"Panel Slim Led 9W-18W-24WP\/Adosar y Empotrar 3CCT Policarbonato"},"content":{"rendered":"","protected":false},"excerpt":{"rendered":"<ul>\n<li>\n<h3><strong>Switch<\/strong> 3CCT\u00a0 <span style=\"color: #ff6600\">C\u00e1lida<\/span> <span style=\"color: #ff6600\">3000K<\/span>, <span style=\"color: #99cc00\">Neutra <strong>4500K<\/strong><\/span> y <span style=\"color: #0000ff\">Blanca 6000K<\/span><\/h3>\n<\/li>\n<li><strong>Potencia:<\/strong> 9w-18w-24w<\/li>\n<li><strong>Dimensiones 9w:<\/strong> 12.5cm x 2cm<\/li>\n<li><strong>Dimensiones 18w:\u00a0<\/strong>22cm x 2cm<\/li>\n<li><strong>Dimensiones 24w:\u00a0<\/strong>29.5 x 2cm<\/li>\n<li><strong>Material:<\/strong>\u00a0policarbonato<\/li>\n<li><strong>Lumenes 9w<\/strong>: 630lm<\/li>\n<li><strong>Lumenes 18w:<\/strong> 1400lm<\/li>\n<li><strong>Lumenes 24w:<\/strong>\u00a02400lm<\/li>\n<li><strong>Modelo:<\/strong>\u00a0Adosable y empotrado<\/li>\n<li><strong>Angulo de luz:<\/strong>\u00a0120\u00b0<\/li>\n<li><strong>Tiempo de vida:<\/strong>\u00a025.000 hrs<\/li>\n<li><strong>Protecci\u00f3n:<\/strong>\u00a0IP20<\/li>\n<li><strong>Voltaje:<\/strong>\u00a0180-265V<\/li>\n<\/ul>\n","protected":false},"featured_media":5936,"template":"","meta":[],"product_brand":[],"product_cat":[95],"product_tag":[],"class_list":{"0":"post-5913","1":"product","2":"type-product","3":"status-publish","4":"has-post-thumbnail","6":"product_cat-paneles-slim-base-negra-y-blanca","8":"first","9":"instock","10":"shipping-taxable","11":"product-type-simple"},"yoast_head":"<!-- This site is optimized with the Yoast SEO plugin v25.7 - https:\/\/yoast.com\/wordpress\/plugins\/seo\/ -->\n<title>Panel Slim Led 9W-18W-24WP\/Adosar y Empotrar 3CCT Policarbonato - Ferrekasa<\/title>\n<meta name=\"robots\" content=\"index, follow, max-snippet:-1, max-image-preview:large, max-video-preview:-1\" \/>\n<link rel=\"canonical\" href=\"https:\/\/huanca.org\/lumifer\/producto\/panel-slim-led-9w-p-adosar-y-empotrar-3cct\/\" \/>\n<meta property=\"og:locale\" content=\"es_ES\" \/>\n<meta property=\"og:type\" content=\"article\" \/>\n<meta property=\"og:title\" content=\"Panel Slim Led 9W-18W-24WP\/Adosar y Empotrar 3CCT Policarbonato - Ferrekasa\" \/>\n<meta property=\"og:description\" content=\"Switch 3CCT\u00a0 C\u00e1lida 3000K, Neutra 4500K y Blanca 6000K   Potencia: 9w-18w-24w  Dimensiones 9w: 12.5cm x 2cm  Dimensiones 18w:\u00a022cm x 2cm  Dimensiones 24w:\u00a029.5 x 2cm  Material:\u00a0policarbonato  Lumenes 9w: 630lm  Lumenes 18w: 1400lm  Lumenes 24w:\u00a02400lm  Modelo:\u00a0Adosable y empotrado  Angulo de luz:\u00a0120\u00b0  Tiempo de vida:\u00a025.000 hrs  Protecci\u00f3n:\u00a0IP20  Voltaje:\u00a0180-265V\" \/>\n<meta property=\"og:url\" content=\"https:\/\/huanca.org\/lumifer\/producto\/panel-slim-led-9w-p-adosar-y-empotrar-3cct\/\" \/>\n<meta property=\"og:site_name\" content=\"Ferrekasa\" \/>\n<meta property=\"article:publisher\" content=\"https:\/\/www.facebook.com\/FERREKASACOMERCIAL\/\" \/>\n<meta property=\"article:modified_time\" content=\"2025-01-30T16:08:04+00:00\" \/>\n<meta property=\"og:image\" content=\"https:\/\/huanca.org\/lumifer\/wp-content\/uploads\/2024\/12\/RFGSFG-scaled.jpg\" \/>\n\t<meta property=\"og:image:width\" content=\"2560\" \/>\n\t<meta property=\"og:image:height\" content=\"2378\" \/>\n\t<meta property=\"og:image:type\" content=\"image\/jpeg\" \/>\n<meta name=\"twitter:card\" content=\"summary_large_image\" \/>\n<meta name=\"twitter:label1\" content=\"Tiempo de lectura\" \/>\n\t<meta name=\"twitter:data1\" content=\"1 minuto\" \/>\n<script type=\"application\/ld+json\" class=\"yoast-schema-graph\">{\"@context\":\"https:\/\/schema.org\",\"@graph\":[{\"@type\":\"WebPage\",\"@id\":\"https:\/\/huanca.org\/lumifer\/producto\/panel-slim-led-9w-p-adosar-y-empotrar-3cct\/\",\"url\":\"https:\/\/huanca.org\/lumifer\/producto\/panel-slim-led-9w-p-adosar-y-empotrar-3cct\/\",\"name\":\"Panel Slim Led 9W-18W-24WP\/Adosar y Empotrar 3CCT Policarbonato - Ferrekasa\",\"isPartOf\":{\"@id\":\"https:\/\/huanca.org\/lumifer\/#website\"},\"primaryImageOfPage\":{\"@id\":\"https:\/\/huanca.org\/lumifer\/producto\/panel-slim-led-9w-p-adosar-y-empotrar-3cct\/#primaryimage\"},\"image\":{\"@id\":\"https:\/\/huanca.org\/lumifer\/producto\/panel-slim-led-9w-p-adosar-y-empotrar-3cct\/#primaryimage\"},\"thumbnailUrl\":\"https:\/\/huanca.org\/lumifer\/wp-content\/uploads\/2024\/12\/RFGSFG-scaled.jpg\",\"datePublished\":\"2024-12-13T00:15:50+00:00\",\"dateModified\":\"2025-01-30T16:08:04+00:00\",\"breadcrumb\":{\"@id\":\"https:\/\/huanca.org\/lumifer\/producto\/panel-slim-led-9w-p-adosar-y-empotrar-3cct\/#breadcrumb\"},\"inLanguage\":\"es\",\"potentialAction\":[{\"@type\":\"ReadAction\",\"target\":[\"https:\/\/huanca.org\/lumifer\/producto\/panel-slim-led-9w-p-adosar-y-empotrar-3cct\/\"]}]},{\"@type\":\"ImageObject\",\"inLanguage\":\"es\",\"@id\":\"https:\/\/huanca.org\/lumifer\/producto\/panel-slim-led-9w-p-adosar-y-empotrar-3cct\/#primaryimage\",\"url\":\"https:\/\/huanca.org\/lumifer\/wp-content\/uploads\/2024\/12\/RFGSFG-scaled.jpg\",\"contentUrl\":\"https:\/\/huanca.org\/lumifer\/wp-content\/uploads\/2024\/12\/RFGSFG-scaled.jpg\",\"width\":2560,\"height\":2378},{\"@type\":\"BreadcrumbList\",\"@id\":\"https:\/\/huanca.org\/lumifer\/producto\/panel-slim-led-9w-p-adosar-y-empotrar-3cct\/#breadcrumb\",\"itemListElement\":[{\"@type\":\"ListItem\",\"position\":1,\"name\":\"Portada\",\"item\":\"https:\/\/huanca.org\/lumifer\/\"},{\"@type\":\"ListItem\",\"position\":2,\"name\":\"Productos\",\"item\":\"https:\/\/huanca.org\/lumifer\/shop\/\"},{\"@type\":\"ListItem\",\"position\":3,\"name\":\"Panel Slim Led 9W-18W-24WP\/Adosar y Empotrar 3CCT Policarbonato\"}]},{\"@type\":\"WebSite\",\"@id\":\"https:\/\/huanca.org\/lumifer\/#website\",\"url\":\"https:\/\/huanca.org\/lumifer\/\",\"name\":\"Ferrekasa\",\"description\":\"Tenemos los mejores productos en iluminaci\u00f3n, cerrajer\u00eda, decoraci\u00f3n del hogar y m\u00e1s.\",\"publisher\":{\"@id\":\"https:\/\/huanca.org\/lumifer\/#organization\"},\"potentialAction\":[{\"@type\":\"SearchAction\",\"target\":{\"@type\":\"EntryPoint\",\"urlTemplate\":\"https:\/\/huanca.org\/lumifer\/?s={search_term_string}\"},\"query-input\":{\"@type\":\"PropertyValueSpecification\",\"valueRequired\":true,\"valueName\":\"search_term_string\"}}],\"inLanguage\":\"es\"},{\"@type\":\"Organization\",\"@id\":\"https:\/\/huanca.org\/lumifer\/#organization\",\"name\":\"Ferrekasa\",\"url\":\"https:\/\/huanca.org\/lumifer\/\",\"logo\":{\"@type\":\"ImageObject\",\"inLanguage\":\"es\",\"@id\":\"https:\/\/huanca.org\/lumifer\/#\/schema\/logo\/image\/\",\"url\":\"https:\/\/huanca.org\/lumifer\/wp-content\/uploads\/2024\/07\/Logo_Ferrekasa.svg\",\"contentUrl\":\"https:\/\/huanca.org\/lumifer\/wp-content\/uploads\/2024\/07\/Logo_Ferrekasa.svg\",\"width\":177,\"height\":112,\"caption\":\"Ferrekasa\"},\"image\":{\"@id\":\"https:\/\/huanca.org\/lumifer\/#\/schema\/logo\/image\/\"},\"sameAs\":[\"https:\/\/www.facebook.com\/FERREKASACOMERCIAL\/\"]}]}<\/script>\n<!-- \/ Yoast SEO plugin. -->","yoast_head_json":{"title":"Panel Slim Led 9W-18W-24WP\/Adosar y Empotrar 3CCT Policarbonato - Ferrekasa","robots":{"index":"index","follow":"follow","max-snippet":"max-snippet:-1","max-image-preview":"max-image-preview:large","max-video-preview":"max-video-preview:-1"},"canonical":"https:\/\/huanca.org\/lumifer\/producto\/panel-slim-led-9w-p-adosar-y-empotrar-3cct\/","og_locale":"es_ES","og_type":"article","og_title":"Panel Slim Led 9W-18W-24WP\/Adosar y Empotrar 3CCT Policarbonato - Ferrekasa","og_description":"Switch 3CCT\u00a0 C\u00e1lida 3000K, Neutra 4500K y Blanca 6000K   Potencia: 9w-18w-24w  Dimensiones 9w: 12.5cm x 2cm  Dimensiones 18w:\u00a022cm x 2cm  Dimensiones 24w:\u00a029.5 x 2cm  Material:\u00a0policarbonato  Lumenes 9w: 630lm  Lumenes 18w: 1400lm  Lumenes 24w:\u00a02400lm  Modelo:\u00a0Adosable y empotrado  Angulo de luz:\u00a0120\u00b0  Tiempo de vida:\u00a025.000 hrs  Protecci\u00f3n:\u00a0IP20  Voltaje:\u00a0180-265V","og_url":"https:\/\/huanca.org\/lumifer\/producto\/panel-slim-led-9w-p-adosar-y-empotrar-3cct\/","og_site_name":"Ferrekasa","article_publisher":"https:\/\/www.facebook.com\/FERREKASACOMERCIAL\/","article_modified_time":"2025-01-30T16:08:04+00:00","og_image":[{"width":2560,"height":2378,"url":"https:\/\/huanca.org\/lumifer\/wp-content\/uploads\/2024\/12\/RFGSFG-scaled.jpg","type":"image\/jpeg"}],"twitter_card":"summary_large_image","twitter_misc":{"Tiempo de lectura":"1 minuto"},"schema":{"@context":"https:\/\/schema.org","@graph":[{"@type":"WebPage","@id":"https:\/\/huanca.org\/lumifer\/producto\/panel-slim-led-9w-p-adosar-y-empotrar-3cct\/","url":"https:\/\/huanca.org\/lumifer\/producto\/panel-slim-led-9w-p-adosar-y-empotrar-3cct\/","name":"Panel Slim Led 9W-18W-24WP\/Adosar y Empotrar 3CCT Policarbonato - Ferrekasa","isPartOf":{"@id":"https:\/\/huanca.org\/lumifer\/#website"},"primaryImageOfPage":{"@id":"https:\/\/huanca.org\/lumifer\/producto\/panel-slim-led-9w-p-adosar-y-empotrar-3cct\/#primaryimage"},"image":{"@id":"https:\/\/huanca.org\/lumifer\/producto\/panel-slim-led-9w-p-adosar-y-empotrar-3cct\/#primaryimage"},"thumbnailUrl":"https:\/\/huanca.org\/lumifer\/wp-content\/uploads\/2024\/12\/RFGSFG-scaled.jpg","datePublished":"2024-12-13T00:15:50+00:00","dateModified":"2025-01-30T16:08:04+00:00","breadcrumb":{"@id":"https:\/\/huanca.org\/lumifer\/producto\/panel-slim-led-9w-p-adosar-y-empotrar-3cct\/#breadcrumb"},"inLanguage":"es","potentialAction":[{"@type":"ReadAction","target":["https:\/\/huanca.org\/lumifer\/producto\/panel-slim-led-9w-p-adosar-y-empotrar-3cct\/"]}]},{"@type":"ImageObject","inLanguage":"es","@id":"https:\/\/huanca.org\/lumifer\/producto\/panel-slim-led-9w-p-adosar-y-empotrar-3cct\/#primaryimage","url":"https:\/\/huanca.org\/lumifer\/wp-content\/uploads\/2024\/12\/RFGSFG-scaled.jpg","contentUrl":"https:\/\/huanca.org\/lumifer\/wp-content\/uploads\/2024\/12\/RFGSFG-scaled.jpg","width":2560,"height":2378},{"@type":"BreadcrumbList","@id":"https:\/\/huanca.org\/lumifer\/producto\/panel-slim-led-9w-p-adosar-y-empotrar-3cct\/#breadcrumb","itemListElement":[{"@type":"ListItem","position":1,"name":"Portada","item":"https:\/\/huanca.org\/lumifer\/"},{"@type":"ListItem","position":2,"name":"Productos","item":"https:\/\/huanca.org\/lumifer\/shop\/"},{"@type":"ListItem","position":3,"name":"Panel Slim Led 9W-18W-24WP\/Adosar y Empotrar 3CCT Policarbonato"}]},{"@type":"WebSite","@id":"https:\/\/huanca.org\/lumifer\/#website","url":"https:\/\/huanca.org\/lumifer\/","name":"Ferrekasa","description":"Tenemos los mejores productos en iluminaci\u00f3n, cerrajer\u00eda, decoraci\u00f3n del hogar y m\u00e1s.","publisher":{"@id":"https:\/\/huanca.org\/lumifer\/#organization"},"potentialAction":[{"@type":"SearchAction","target":{"@type":"EntryPoint","urlTemplate":"https:\/\/huanca.org\/lumifer\/?s={search_term_string}"},"query-input":{"@type":"PropertyValueSpecification","valueRequired":true,"valueName":"search_term_string"}}],"inLanguage":"es"},{"@type":"Organization","@id":"https:\/\/huanca.org\/lumifer\/#organization","name":"Ferrekasa","url":"https:\/\/huanca.org\/lumifer\/","logo":{"@type":"ImageObject","inLanguage":"es","@id":"https:\/\/huanca.org\/lumifer\/#\/schema\/logo\/image\/","url":"https:\/\/huanca.org\/lumifer\/wp-content\/uploads\/2024\/07\/Logo_Ferrekasa.svg","contentUrl":"https:\/\/huanca.org\/lumifer\/wp-content\/uploads\/2024\/07\/Logo_Ferrekasa.svg","width":177,"height":112,"caption":"Ferrekasa"},"image":{"@id":"https:\/\/huanca.org\/lumifer\/#\/schema\/logo\/image\/"},"sameAs":["https:\/\/www.facebook.com\/FERREKASACOMERCIAL\/"]}]}},"_links":{"self":[{"href":"https:\/\/huanca.org\/lumifer\/wp-json\/wp\/v2\/product\/5913","targetHints":{"allow":["GET"]}}],"collection":[{"href":"https:\/\/huanca.org\/lumifer\/wp-json\/wp\/v2\/product"}],"about":[{"href":"https:\/\/huanca.org\/lumifer\/wp-json\/wp\/v2\/types\/product"}],"version-history":[{"count":1,"href":"https:\/\/huanca.org\/lumifer\/wp-json\/wp\/v2\/product\/5913\/revisions"}],"predecessor-version":[{"id":11596,"href":"https:\/\/huanca.org\/lumifer\/wp-json\/wp\/v2\/product\/5913\/revisions\/11596"}],"wp:featuredmedia":[{"embeddable":true,"href":"https:\/\/huanca.org\/lumifer\/wp-json\/wp\/v2\/media\/5936"}],"wp:attachment":[{"href":"https:\/\/huanca.org\/lumifer\/wp-json\/wp\/v2\/media?parent=5913"}],"wp:term":[{"taxonomy":"product_brand","embeddable":true,"href":"https:\/\/huanca.org\/lumifer\/wp-json\/wp\/v2\/product_brand?post=5913"},{"taxonomy":"product_cat","embeddable":true,"href":"https:\/\/huanca.org\/lumifer\/wp-json\/wp\/v2\/product_cat?post=5913"},{"taxonomy":"product_tag","embeddable":true,"href":"https:\/\/huanca.org\/lumifer\/wp-json\/wp\/v2\/product_tag?post=5913"}],"curies":[{"name":"wp","href":"https:\/\/api.w.org\/{rel}","templated":true}]}}