{"id":5262,"date":"2024-11-29T16:02:55","date_gmt":"2024-11-29T21:02:55","guid":{"rendered":"https:\/\/ferrekasa.com.pe\/?post_type=product&#038;p=5262"},"modified":"2024-11-29T16:02:55","modified_gmt":"2024-11-29T21:02:55","slug":"plafon-smart-marco-dorado-con-control-48w","status":"publish","type":"product","link":"https:\/\/huanca.org\/lumifer\/producto\/plafon-smart-marco-dorado-con-control-48w\/","title":{"rendered":"Plafon Smart Marco Dorado Con Control 48W"},"content":{"rendered":"","protected":false},"excerpt":{"rendered":"<ul>\n<li><strong>Tono de luz<\/strong>:\u00a0<strong>\u00a0<span style=\"color: #ff9900\">C\u00e1lida\u00a03000K<\/span>,<span style=\"color: #339966\">\u00a0Neutra 4000K<\/span>\u00a0y\u00a0<span style=\"color: #3366ff\">Blanca 6000K<\/span><\/strong><\/li>\n<li><strong>Codigo: ENV &#8211; DECO10 &#8211; 48W<\/strong><\/li>\n<li><strong>Consume<\/strong>:<strong> 48W<\/strong><\/li>\n<li><strong>L\u00famenes<\/strong>: <strong>3600 lm<\/strong><\/li>\n<li><strong>No dimable<\/strong><\/li>\n<li><strong>Uso interior<\/strong><\/li>\n<li><strong>Promedio de vida<\/strong>:\u00a0\u00a0<strong>50.000 hrs<\/strong><\/li>\n<li><strong>Voltaje<\/strong>:\u00a0<strong>165-220V<\/strong><\/li>\n<li><strong>IP<\/strong>:<strong>\u00a020<\/strong><\/li>\n<\/ul>\n","protected":false},"featured_media":5266,"template":"","meta":[],"product_brand":[],"product_cat":[89],"product_tag":[],"class_list":{"0":"post-5262","1":"product","2":"type-product","3":"status-publish","4":"has-post-thumbnail","6":"product_cat-led-pegada-al-techo-clasico","8":"first","9":"instock","10":"shipping-taxable","11":"product-type-simple"},"yoast_head":"<!-- This site is optimized with the Yoast SEO plugin v25.7 - https:\/\/yoast.com\/wordpress\/plugins\/seo\/ -->\n<title>Plafon Smart Marco Dorado Con Control 48W - Ferrekasa<\/title>\n<meta name=\"robots\" content=\"index, follow, max-snippet:-1, max-image-preview:large, max-video-preview:-1\" \/>\n<link rel=\"canonical\" href=\"https:\/\/huanca.org\/lumifer\/producto\/plafon-smart-marco-dorado-con-control-48w\/\" \/>\n<meta property=\"og:locale\" content=\"es_ES\" \/>\n<meta property=\"og:type\" content=\"article\" \/>\n<meta property=\"og:title\" content=\"Plafon Smart Marco Dorado Con Control 48W - Ferrekasa\" \/>\n<meta property=\"og:description\" content=\"Tono de luz:\u00a0\u00a0C\u00e1lida\u00a03000K,\u00a0Neutra 4000K\u00a0y\u00a0Blanca 6000K  Codigo: ENV - DECO10 - 48W  Consume: 48W  L\u00famenes: 3600 lm  No dimable  Uso interior  Promedio de vida:\u00a0\u00a050.000 hrs  Voltaje:\u00a0165-220V  IP:\u00a020\" \/>\n<meta property=\"og:url\" content=\"https:\/\/huanca.org\/lumifer\/producto\/plafon-smart-marco-dorado-con-control-48w\/\" \/>\n<meta property=\"og:site_name\" content=\"Ferrekasa\" \/>\n<meta property=\"article:publisher\" content=\"https:\/\/www.facebook.com\/FERREKASACOMERCIAL\/\" \/>\n<meta property=\"og:image\" content=\"https:\/\/huanca.org\/lumifer\/wp-content\/uploads\/2024\/11\/image-64.jpg\" \/>\n\t<meta property=\"og:image:width\" content=\"1000\" \/>\n\t<meta property=\"og:image:height\" content=\"1000\" \/>\n\t<meta property=\"og:image:type\" content=\"image\/jpeg\" \/>\n<meta name=\"twitter:card\" content=\"summary_large_image\" \/>\n<meta name=\"twitter:label1\" content=\"Tiempo de lectura\" \/>\n\t<meta name=\"twitter:data1\" content=\"1 minuto\" \/>\n<script type=\"application\/ld+json\" class=\"yoast-schema-graph\">{\"@context\":\"https:\/\/schema.org\",\"@graph\":[{\"@type\":\"WebPage\",\"@id\":\"https:\/\/huanca.org\/lumifer\/producto\/plafon-smart-marco-dorado-con-control-48w\/\",\"url\":\"https:\/\/huanca.org\/lumifer\/producto\/plafon-smart-marco-dorado-con-control-48w\/\",\"name\":\"Plafon Smart Marco Dorado Con Control 48W - Ferrekasa\",\"isPartOf\":{\"@id\":\"https:\/\/huanca.org\/lumifer\/#website\"},\"primaryImageOfPage\":{\"@id\":\"https:\/\/huanca.org\/lumifer\/producto\/plafon-smart-marco-dorado-con-control-48w\/#primaryimage\"},\"image\":{\"@id\":\"https:\/\/huanca.org\/lumifer\/producto\/plafon-smart-marco-dorado-con-control-48w\/#primaryimage\"},\"thumbnailUrl\":\"https:\/\/huanca.org\/lumifer\/wp-content\/uploads\/2024\/11\/image-64.jpg\",\"datePublished\":\"2024-11-29T21:02:55+00:00\",\"breadcrumb\":{\"@id\":\"https:\/\/huanca.org\/lumifer\/producto\/plafon-smart-marco-dorado-con-control-48w\/#breadcrumb\"},\"inLanguage\":\"es\",\"potentialAction\":[{\"@type\":\"ReadAction\",\"target\":[\"https:\/\/huanca.org\/lumifer\/producto\/plafon-smart-marco-dorado-con-control-48w\/\"]}]},{\"@type\":\"ImageObject\",\"inLanguage\":\"es\",\"@id\":\"https:\/\/huanca.org\/lumifer\/producto\/plafon-smart-marco-dorado-con-control-48w\/#primaryimage\",\"url\":\"https:\/\/huanca.org\/lumifer\/wp-content\/uploads\/2024\/11\/image-64.jpg\",\"contentUrl\":\"https:\/\/huanca.org\/lumifer\/wp-content\/uploads\/2024\/11\/image-64.jpg\",\"width\":1000,\"height\":1000},{\"@type\":\"BreadcrumbList\",\"@id\":\"https:\/\/huanca.org\/lumifer\/producto\/plafon-smart-marco-dorado-con-control-48w\/#breadcrumb\",\"itemListElement\":[{\"@type\":\"ListItem\",\"position\":1,\"name\":\"Portada\",\"item\":\"https:\/\/huanca.org\/lumifer\/\"},{\"@type\":\"ListItem\",\"position\":2,\"name\":\"Productos\",\"item\":\"https:\/\/huanca.org\/lumifer\/shop\/\"},{\"@type\":\"ListItem\",\"position\":3,\"name\":\"Plafon Smart Marco Dorado Con Control 48W\"}]},{\"@type\":\"WebSite\",\"@id\":\"https:\/\/huanca.org\/lumifer\/#website\",\"url\":\"https:\/\/huanca.org\/lumifer\/\",\"name\":\"Ferrekasa\",\"description\":\"Tenemos los mejores productos en iluminaci\u00f3n, cerrajer\u00eda, decoraci\u00f3n del hogar y m\u00e1s.\",\"publisher\":{\"@id\":\"https:\/\/huanca.org\/lumifer\/#organization\"},\"potentialAction\":[{\"@type\":\"SearchAction\",\"target\":{\"@type\":\"EntryPoint\",\"urlTemplate\":\"https:\/\/huanca.org\/lumifer\/?s={search_term_string}\"},\"query-input\":{\"@type\":\"PropertyValueSpecification\",\"valueRequired\":true,\"valueName\":\"search_term_string\"}}],\"inLanguage\":\"es\"},{\"@type\":\"Organization\",\"@id\":\"https:\/\/huanca.org\/lumifer\/#organization\",\"name\":\"Ferrekasa\",\"url\":\"https:\/\/huanca.org\/lumifer\/\",\"logo\":{\"@type\":\"ImageObject\",\"inLanguage\":\"es\",\"@id\":\"https:\/\/huanca.org\/lumifer\/#\/schema\/logo\/image\/\",\"url\":\"https:\/\/huanca.org\/lumifer\/wp-content\/uploads\/2024\/07\/Logo_Ferrekasa.svg\",\"contentUrl\":\"https:\/\/huanca.org\/lumifer\/wp-content\/uploads\/2024\/07\/Logo_Ferrekasa.svg\",\"width\":177,\"height\":112,\"caption\":\"Ferrekasa\"},\"image\":{\"@id\":\"https:\/\/huanca.org\/lumifer\/#\/schema\/logo\/image\/\"},\"sameAs\":[\"https:\/\/www.facebook.com\/FERREKASACOMERCIAL\/\"]}]}<\/script>\n<!-- \/ Yoast SEO plugin. -->","yoast_head_json":{"title":"Plafon Smart Marco Dorado Con Control 48W - Ferrekasa","robots":{"index":"index","follow":"follow","max-snippet":"max-snippet:-1","max-image-preview":"max-image-preview:large","max-video-preview":"max-video-preview:-1"},"canonical":"https:\/\/huanca.org\/lumifer\/producto\/plafon-smart-marco-dorado-con-control-48w\/","og_locale":"es_ES","og_type":"article","og_title":"Plafon Smart Marco Dorado Con Control 48W - Ferrekasa","og_description":"Tono de luz:\u00a0\u00a0C\u00e1lida\u00a03000K,\u00a0Neutra 4000K\u00a0y\u00a0Blanca 6000K  Codigo: ENV - DECO10 - 48W  Consume: 48W  L\u00famenes: 3600 lm  No dimable  Uso interior  Promedio de vida:\u00a0\u00a050.000 hrs  Voltaje:\u00a0165-220V  IP:\u00a020","og_url":"https:\/\/huanca.org\/lumifer\/producto\/plafon-smart-marco-dorado-con-control-48w\/","og_site_name":"Ferrekasa","article_publisher":"https:\/\/www.facebook.com\/FERREKASACOMERCIAL\/","og_image":[{"width":1000,"height":1000,"url":"https:\/\/huanca.org\/lumifer\/wp-content\/uploads\/2024\/11\/image-64.jpg","type":"image\/jpeg"}],"twitter_card":"summary_large_image","twitter_misc":{"Tiempo de lectura":"1 minuto"},"schema":{"@context":"https:\/\/schema.org","@graph":[{"@type":"WebPage","@id":"https:\/\/huanca.org\/lumifer\/producto\/plafon-smart-marco-dorado-con-control-48w\/","url":"https:\/\/huanca.org\/lumifer\/producto\/plafon-smart-marco-dorado-con-control-48w\/","name":"Plafon Smart Marco Dorado Con Control 48W - Ferrekasa","isPartOf":{"@id":"https:\/\/huanca.org\/lumifer\/#website"},"primaryImageOfPage":{"@id":"https:\/\/huanca.org\/lumifer\/producto\/plafon-smart-marco-dorado-con-control-48w\/#primaryimage"},"image":{"@id":"https:\/\/huanca.org\/lumifer\/producto\/plafon-smart-marco-dorado-con-control-48w\/#primaryimage"},"thumbnailUrl":"https:\/\/huanca.org\/lumifer\/wp-content\/uploads\/2024\/11\/image-64.jpg","datePublished":"2024-11-29T21:02:55+00:00","breadcrumb":{"@id":"https:\/\/huanca.org\/lumifer\/producto\/plafon-smart-marco-dorado-con-control-48w\/#breadcrumb"},"inLanguage":"es","potentialAction":[{"@type":"ReadAction","target":["https:\/\/huanca.org\/lumifer\/producto\/plafon-smart-marco-dorado-con-control-48w\/"]}]},{"@type":"ImageObject","inLanguage":"es","@id":"https:\/\/huanca.org\/lumifer\/producto\/plafon-smart-marco-dorado-con-control-48w\/#primaryimage","url":"https:\/\/huanca.org\/lumifer\/wp-content\/uploads\/2024\/11\/image-64.jpg","contentUrl":"https:\/\/huanca.org\/lumifer\/wp-content\/uploads\/2024\/11\/image-64.jpg","width":1000,"height":1000},{"@type":"BreadcrumbList","@id":"https:\/\/huanca.org\/lumifer\/producto\/plafon-smart-marco-dorado-con-control-48w\/#breadcrumb","itemListElement":[{"@type":"ListItem","position":1,"name":"Portada","item":"https:\/\/huanca.org\/lumifer\/"},{"@type":"ListItem","position":2,"name":"Productos","item":"https:\/\/huanca.org\/lumifer\/shop\/"},{"@type":"ListItem","position":3,"name":"Plafon Smart Marco Dorado Con Control 48W"}]},{"@type":"WebSite","@id":"https:\/\/huanca.org\/lumifer\/#website","url":"https:\/\/huanca.org\/lumifer\/","name":"Ferrekasa","description":"Tenemos los mejores productos en iluminaci\u00f3n, cerrajer\u00eda, decoraci\u00f3n del hogar y m\u00e1s.","publisher":{"@id":"https:\/\/huanca.org\/lumifer\/#organization"},"potentialAction":[{"@type":"SearchAction","target":{"@type":"EntryPoint","urlTemplate":"https:\/\/huanca.org\/lumifer\/?s={search_term_string}"},"query-input":{"@type":"PropertyValueSpecification","valueRequired":true,"valueName":"search_term_string"}}],"inLanguage":"es"},{"@type":"Organization","@id":"https:\/\/huanca.org\/lumifer\/#organization","name":"Ferrekasa","url":"https:\/\/huanca.org\/lumifer\/","logo":{"@type":"ImageObject","inLanguage":"es","@id":"https:\/\/huanca.org\/lumifer\/#\/schema\/logo\/image\/","url":"https:\/\/huanca.org\/lumifer\/wp-content\/uploads\/2024\/07\/Logo_Ferrekasa.svg","contentUrl":"https:\/\/huanca.org\/lumifer\/wp-content\/uploads\/2024\/07\/Logo_Ferrekasa.svg","width":177,"height":112,"caption":"Ferrekasa"},"image":{"@id":"https:\/\/huanca.org\/lumifer\/#\/schema\/logo\/image\/"},"sameAs":["https:\/\/www.facebook.com\/FERREKASACOMERCIAL\/"]}]}},"_links":{"self":[{"href":"https:\/\/huanca.org\/lumifer\/wp-json\/wp\/v2\/product\/5262","targetHints":{"allow":["GET"]}}],"collection":[{"href":"https:\/\/huanca.org\/lumifer\/wp-json\/wp\/v2\/product"}],"about":[{"href":"https:\/\/huanca.org\/lumifer\/wp-json\/wp\/v2\/types\/product"}],"version-history":[{"count":0,"href":"https:\/\/huanca.org\/lumifer\/wp-json\/wp\/v2\/product\/5262\/revisions"}],"wp:featuredmedia":[{"embeddable":true,"href":"https:\/\/huanca.org\/lumifer\/wp-json\/wp\/v2\/media\/5266"}],"wp:attachment":[{"href":"https:\/\/huanca.org\/lumifer\/wp-json\/wp\/v2\/media?parent=5262"}],"wp:term":[{"taxonomy":"product_brand","embeddable":true,"href":"https:\/\/huanca.org\/lumifer\/wp-json\/wp\/v2\/product_brand?post=5262"},{"taxonomy":"product_cat","embeddable":true,"href":"https:\/\/huanca.org\/lumifer\/wp-json\/wp\/v2\/product_cat?post=5262"},{"taxonomy":"product_tag","embeddable":true,"href":"https:\/\/huanca.org\/lumifer\/wp-json\/wp\/v2\/product_tag?post=5262"}],"curies":[{"name":"wp","href":"https:\/\/api.w.org\/{rel}","templated":true}]}}