{"id":5162,"date":"2024-11-27T14:45:22","date_gmt":"2024-11-27T19:45:22","guid":{"rendered":"https:\/\/ferrekasa.com.pe\/?post_type=product&#038;p=5162"},"modified":"2024-11-27T18:22:10","modified_gmt":"2024-11-27T23:22:10","slug":"plafon-smart-tricolor-facetado","status":"publish","type":"product","link":"https:\/\/huanca.org\/lumifer\/producto\/plafon-smart-tricolor-facetado\/","title":{"rendered":"Plafon Smart Tricolor Facetado 36W &#8211; 48W"},"content":{"rendered":"","protected":false},"excerpt":{"rendered":"<ul>\n<li><strong>Lumenes: 2700 \u2013 3600<\/strong><\/li>\n<li><strong>Potencia: 36W \u2013 48W<\/strong><\/li>\n<li><strong>Vida Util: 25 000 hrs.<\/strong><\/li>\n<li><strong>Medidas: 330 x 70 mm. \u2013 380 x 70 mm.<\/strong><\/li>\n<\/ul>\n","protected":false},"featured_media":5163,"template":"","meta":[],"product_brand":[],"product_cat":[89],"product_tag":[],"class_list":{"0":"post-5162","1":"product","2":"type-product","3":"status-publish","4":"has-post-thumbnail","6":"product_cat-led-pegada-al-techo-clasico","8":"first","9":"instock","10":"shipping-taxable","11":"product-type-simple"},"yoast_head":"<!-- This site is optimized with the Yoast SEO plugin v25.7 - https:\/\/yoast.com\/wordpress\/plugins\/seo\/ -->\n<title>Plafon Smart Tricolor Facetado 36W - 48W - Ferrekasa<\/title>\n<meta name=\"robots\" content=\"index, follow, max-snippet:-1, max-image-preview:large, max-video-preview:-1\" \/>\n<link rel=\"canonical\" href=\"https:\/\/huanca.org\/lumifer\/producto\/plafon-smart-tricolor-facetado\/\" \/>\n<meta property=\"og:locale\" content=\"es_ES\" \/>\n<meta property=\"og:type\" content=\"article\" \/>\n<meta property=\"og:title\" content=\"Plafon Smart Tricolor Facetado 36W - 48W - Ferrekasa\" \/>\n<meta property=\"og:description\" content=\"Lumenes: 2700 \u2013 3600  Potencia: 36W \u2013 48W  Vida Util: 25 000 hrs.  Medidas: 330 x 70 mm. \u2013 380 x 70 mm.\" \/>\n<meta property=\"og:url\" content=\"https:\/\/huanca.org\/lumifer\/producto\/plafon-smart-tricolor-facetado\/\" \/>\n<meta property=\"og:site_name\" content=\"Ferrekasa\" \/>\n<meta property=\"article:publisher\" content=\"https:\/\/www.facebook.com\/FERREKASACOMERCIAL\/\" \/>\n<meta property=\"article:modified_time\" content=\"2024-11-27T23:22:10+00:00\" \/>\n<meta property=\"og:image\" content=\"https:\/\/huanca.org\/lumifer\/wp-content\/uploads\/2024\/11\/WhatsApp-Image-2024-11-26-at-7.12.38-PM-3.jpeg\" \/>\n\t<meta property=\"og:image:width\" content=\"1500\" \/>\n\t<meta property=\"og:image:height\" content=\"1500\" \/>\n\t<meta property=\"og:image:type\" content=\"image\/jpeg\" \/>\n<meta name=\"twitter:card\" content=\"summary_large_image\" \/>\n<meta name=\"twitter:label1\" content=\"Tiempo de lectura\" \/>\n\t<meta name=\"twitter:data1\" content=\"1 minuto\" \/>\n<script type=\"application\/ld+json\" class=\"yoast-schema-graph\">{\"@context\":\"https:\/\/schema.org\",\"@graph\":[{\"@type\":\"WebPage\",\"@id\":\"https:\/\/huanca.org\/lumifer\/producto\/plafon-smart-tricolor-facetado\/\",\"url\":\"https:\/\/huanca.org\/lumifer\/producto\/plafon-smart-tricolor-facetado\/\",\"name\":\"Plafon Smart Tricolor Facetado 36W - 48W - Ferrekasa\",\"isPartOf\":{\"@id\":\"https:\/\/huanca.org\/lumifer\/#website\"},\"primaryImageOfPage\":{\"@id\":\"https:\/\/huanca.org\/lumifer\/producto\/plafon-smart-tricolor-facetado\/#primaryimage\"},\"image\":{\"@id\":\"https:\/\/huanca.org\/lumifer\/producto\/plafon-smart-tricolor-facetado\/#primaryimage\"},\"thumbnailUrl\":\"https:\/\/huanca.org\/lumifer\/wp-content\/uploads\/2024\/11\/WhatsApp-Image-2024-11-26-at-7.12.38-PM-3.jpeg\",\"datePublished\":\"2024-11-27T19:45:22+00:00\",\"dateModified\":\"2024-11-27T23:22:10+00:00\",\"breadcrumb\":{\"@id\":\"https:\/\/huanca.org\/lumifer\/producto\/plafon-smart-tricolor-facetado\/#breadcrumb\"},\"inLanguage\":\"es\",\"potentialAction\":[{\"@type\":\"ReadAction\",\"target\":[\"https:\/\/huanca.org\/lumifer\/producto\/plafon-smart-tricolor-facetado\/\"]}]},{\"@type\":\"ImageObject\",\"inLanguage\":\"es\",\"@id\":\"https:\/\/huanca.org\/lumifer\/producto\/plafon-smart-tricolor-facetado\/#primaryimage\",\"url\":\"https:\/\/huanca.org\/lumifer\/wp-content\/uploads\/2024\/11\/WhatsApp-Image-2024-11-26-at-7.12.38-PM-3.jpeg\",\"contentUrl\":\"https:\/\/huanca.org\/lumifer\/wp-content\/uploads\/2024\/11\/WhatsApp-Image-2024-11-26-at-7.12.38-PM-3.jpeg\",\"width\":1500,\"height\":1500},{\"@type\":\"BreadcrumbList\",\"@id\":\"https:\/\/huanca.org\/lumifer\/producto\/plafon-smart-tricolor-facetado\/#breadcrumb\",\"itemListElement\":[{\"@type\":\"ListItem\",\"position\":1,\"name\":\"Portada\",\"item\":\"https:\/\/huanca.org\/lumifer\/\"},{\"@type\":\"ListItem\",\"position\":2,\"name\":\"Productos\",\"item\":\"https:\/\/huanca.org\/lumifer\/shop\/\"},{\"@type\":\"ListItem\",\"position\":3,\"name\":\"Plafon Smart Tricolor Facetado 36W &#8211; 48W\"}]},{\"@type\":\"WebSite\",\"@id\":\"https:\/\/huanca.org\/lumifer\/#website\",\"url\":\"https:\/\/huanca.org\/lumifer\/\",\"name\":\"Ferrekasa\",\"description\":\"Tenemos los mejores productos en iluminaci\u00f3n, cerrajer\u00eda, decoraci\u00f3n del hogar y m\u00e1s.\",\"publisher\":{\"@id\":\"https:\/\/huanca.org\/lumifer\/#organization\"},\"potentialAction\":[{\"@type\":\"SearchAction\",\"target\":{\"@type\":\"EntryPoint\",\"urlTemplate\":\"https:\/\/huanca.org\/lumifer\/?s={search_term_string}\"},\"query-input\":{\"@type\":\"PropertyValueSpecification\",\"valueRequired\":true,\"valueName\":\"search_term_string\"}}],\"inLanguage\":\"es\"},{\"@type\":\"Organization\",\"@id\":\"https:\/\/huanca.org\/lumifer\/#organization\",\"name\":\"Ferrekasa\",\"url\":\"https:\/\/huanca.org\/lumifer\/\",\"logo\":{\"@type\":\"ImageObject\",\"inLanguage\":\"es\",\"@id\":\"https:\/\/huanca.org\/lumifer\/#\/schema\/logo\/image\/\",\"url\":\"https:\/\/huanca.org\/lumifer\/wp-content\/uploads\/2024\/07\/Logo_Ferrekasa.svg\",\"contentUrl\":\"https:\/\/huanca.org\/lumifer\/wp-content\/uploads\/2024\/07\/Logo_Ferrekasa.svg\",\"width\":177,\"height\":112,\"caption\":\"Ferrekasa\"},\"image\":{\"@id\":\"https:\/\/huanca.org\/lumifer\/#\/schema\/logo\/image\/\"},\"sameAs\":[\"https:\/\/www.facebook.com\/FERREKASACOMERCIAL\/\"]}]}<\/script>\n<!-- \/ Yoast SEO plugin. -->","yoast_head_json":{"title":"Plafon Smart Tricolor Facetado 36W - 48W - Ferrekasa","robots":{"index":"index","follow":"follow","max-snippet":"max-snippet:-1","max-image-preview":"max-image-preview:large","max-video-preview":"max-video-preview:-1"},"canonical":"https:\/\/huanca.org\/lumifer\/producto\/plafon-smart-tricolor-facetado\/","og_locale":"es_ES","og_type":"article","og_title":"Plafon Smart Tricolor Facetado 36W - 48W - Ferrekasa","og_description":"Lumenes: 2700 \u2013 3600  Potencia: 36W \u2013 48W  Vida Util: 25 000 hrs.  Medidas: 330 x 70 mm. \u2013 380 x 70 mm.","og_url":"https:\/\/huanca.org\/lumifer\/producto\/plafon-smart-tricolor-facetado\/","og_site_name":"Ferrekasa","article_publisher":"https:\/\/www.facebook.com\/FERREKASACOMERCIAL\/","article_modified_time":"2024-11-27T23:22:10+00:00","og_image":[{"width":1500,"height":1500,"url":"https:\/\/huanca.org\/lumifer\/wp-content\/uploads\/2024\/11\/WhatsApp-Image-2024-11-26-at-7.12.38-PM-3.jpeg","type":"image\/jpeg"}],"twitter_card":"summary_large_image","twitter_misc":{"Tiempo de lectura":"1 minuto"},"schema":{"@context":"https:\/\/schema.org","@graph":[{"@type":"WebPage","@id":"https:\/\/huanca.org\/lumifer\/producto\/plafon-smart-tricolor-facetado\/","url":"https:\/\/huanca.org\/lumifer\/producto\/plafon-smart-tricolor-facetado\/","name":"Plafon Smart Tricolor Facetado 36W - 48W - Ferrekasa","isPartOf":{"@id":"https:\/\/huanca.org\/lumifer\/#website"},"primaryImageOfPage":{"@id":"https:\/\/huanca.org\/lumifer\/producto\/plafon-smart-tricolor-facetado\/#primaryimage"},"image":{"@id":"https:\/\/huanca.org\/lumifer\/producto\/plafon-smart-tricolor-facetado\/#primaryimage"},"thumbnailUrl":"https:\/\/huanca.org\/lumifer\/wp-content\/uploads\/2024\/11\/WhatsApp-Image-2024-11-26-at-7.12.38-PM-3.jpeg","datePublished":"2024-11-27T19:45:22+00:00","dateModified":"2024-11-27T23:22:10+00:00","breadcrumb":{"@id":"https:\/\/huanca.org\/lumifer\/producto\/plafon-smart-tricolor-facetado\/#breadcrumb"},"inLanguage":"es","potentialAction":[{"@type":"ReadAction","target":["https:\/\/huanca.org\/lumifer\/producto\/plafon-smart-tricolor-facetado\/"]}]},{"@type":"ImageObject","inLanguage":"es","@id":"https:\/\/huanca.org\/lumifer\/producto\/plafon-smart-tricolor-facetado\/#primaryimage","url":"https:\/\/huanca.org\/lumifer\/wp-content\/uploads\/2024\/11\/WhatsApp-Image-2024-11-26-at-7.12.38-PM-3.jpeg","contentUrl":"https:\/\/huanca.org\/lumifer\/wp-content\/uploads\/2024\/11\/WhatsApp-Image-2024-11-26-at-7.12.38-PM-3.jpeg","width":1500,"height":1500},{"@type":"BreadcrumbList","@id":"https:\/\/huanca.org\/lumifer\/producto\/plafon-smart-tricolor-facetado\/#breadcrumb","itemListElement":[{"@type":"ListItem","position":1,"name":"Portada","item":"https:\/\/huanca.org\/lumifer\/"},{"@type":"ListItem","position":2,"name":"Productos","item":"https:\/\/huanca.org\/lumifer\/shop\/"},{"@type":"ListItem","position":3,"name":"Plafon Smart Tricolor Facetado 36W &#8211; 48W"}]},{"@type":"WebSite","@id":"https:\/\/huanca.org\/lumifer\/#website","url":"https:\/\/huanca.org\/lumifer\/","name":"Ferrekasa","description":"Tenemos los mejores productos en iluminaci\u00f3n, cerrajer\u00eda, decoraci\u00f3n del hogar y m\u00e1s.","publisher":{"@id":"https:\/\/huanca.org\/lumifer\/#organization"},"potentialAction":[{"@type":"SearchAction","target":{"@type":"EntryPoint","urlTemplate":"https:\/\/huanca.org\/lumifer\/?s={search_term_string}"},"query-input":{"@type":"PropertyValueSpecification","valueRequired":true,"valueName":"search_term_string"}}],"inLanguage":"es"},{"@type":"Organization","@id":"https:\/\/huanca.org\/lumifer\/#organization","name":"Ferrekasa","url":"https:\/\/huanca.org\/lumifer\/","logo":{"@type":"ImageObject","inLanguage":"es","@id":"https:\/\/huanca.org\/lumifer\/#\/schema\/logo\/image\/","url":"https:\/\/huanca.org\/lumifer\/wp-content\/uploads\/2024\/07\/Logo_Ferrekasa.svg","contentUrl":"https:\/\/huanca.org\/lumifer\/wp-content\/uploads\/2024\/07\/Logo_Ferrekasa.svg","width":177,"height":112,"caption":"Ferrekasa"},"image":{"@id":"https:\/\/huanca.org\/lumifer\/#\/schema\/logo\/image\/"},"sameAs":["https:\/\/www.facebook.com\/FERREKASACOMERCIAL\/"]}]}},"_links":{"self":[{"href":"https:\/\/huanca.org\/lumifer\/wp-json\/wp\/v2\/product\/5162","targetHints":{"allow":["GET"]}}],"collection":[{"href":"https:\/\/huanca.org\/lumifer\/wp-json\/wp\/v2\/product"}],"about":[{"href":"https:\/\/huanca.org\/lumifer\/wp-json\/wp\/v2\/types\/product"}],"version-history":[{"count":0,"href":"https:\/\/huanca.org\/lumifer\/wp-json\/wp\/v2\/product\/5162\/revisions"}],"wp:featuredmedia":[{"embeddable":true,"href":"https:\/\/huanca.org\/lumifer\/wp-json\/wp\/v2\/media\/5163"}],"wp:attachment":[{"href":"https:\/\/huanca.org\/lumifer\/wp-json\/wp\/v2\/media?parent=5162"}],"wp:term":[{"taxonomy":"product_brand","embeddable":true,"href":"https:\/\/huanca.org\/lumifer\/wp-json\/wp\/v2\/product_brand?post=5162"},{"taxonomy":"product_cat","embeddable":true,"href":"https:\/\/huanca.org\/lumifer\/wp-json\/wp\/v2\/product_cat?post=5162"},{"taxonomy":"product_tag","embeddable":true,"href":"https:\/\/huanca.org\/lumifer\/wp-json\/wp\/v2\/product_tag?post=5162"}],"curies":[{"name":"wp","href":"https:\/\/api.w.org\/{rel}","templated":true}]}}