{"id":5105,"date":"2024-11-23T12:56:26","date_gmt":"2024-11-23T17:56:26","guid":{"rendered":"https:\/\/ferrekasa.com.pe\/?post_type=product&#038;p=5105"},"modified":"2025-01-29T23:47:54","modified_gmt":"2025-01-30T04:47:54","slug":"equipo-hermetico-120cm-c-2-tubos-led-t5-t8-ip65-marca-philips","status":"publish","type":"product","link":"https:\/\/huanca.org\/lumifer\/producto\/equipo-hermetico-120cm-c-2-tubos-led-t5-t8-ip65-marca-philips\/","title":{"rendered":"Equipo Herm\u00e9tico 120CM C\/2 Tubos Led T5\/T8 IP65 Marca Philips"},"content":{"rendered":"","protected":false},"excerpt":{"rendered":"<ul>\n<li><strong>Potencia de los tubos led:\u00a0\u00a0<\/strong>8W-18W<\/li>\n<li><strong>Temperatura de color: <span style=\"color: #0000ff;\">Blanca 6000K<\/span><\/strong><\/li>\n<li><strong>Protecci\u00f3n:\u00a0<\/strong>IP65 \u2013 IK06<\/li>\n<li><strong>Tensi\u00f3n nominal:\u00a0\u00a0<\/strong>AC100-240V<\/li>\n<li><strong>Material:<\/strong>\u00a0Policarbonato (PVC)<\/li>\n<li><strong>Medidas 100w:<\/strong>\u00a01269,00\u00d7104,00\u00d787,00 mm<\/li>\n<\/ul>\n","protected":false},"featured_media":5106,"template":"","meta":[],"product_brand":[],"product_cat":[37],"product_tag":[],"class_list":{"0":"post-5105","1":"product","2":"type-product","3":"status-publish","4":"has-post-thumbnail","6":"product_cat-hermetico-de-60-y-120cm","8":"first","9":"instock","10":"shipping-taxable","11":"product-type-simple"},"yoast_head":"<!-- This site is optimized with the Yoast SEO plugin v25.7 - https:\/\/yoast.com\/wordpress\/plugins\/seo\/ -->\n<title>Equipo Herm\u00e9tico 120CM C\/2 Tubos Led T5\/T8 IP65 Marca Philips - Ferrekasa<\/title>\n<meta name=\"robots\" content=\"index, follow, max-snippet:-1, max-image-preview:large, max-video-preview:-1\" \/>\n<link rel=\"canonical\" href=\"https:\/\/huanca.org\/lumifer\/producto\/equipo-hermetico-120cm-c-2-tubos-led-t5-t8-ip65-marca-philips\/\" \/>\n<meta property=\"og:locale\" content=\"es_ES\" \/>\n<meta property=\"og:type\" content=\"article\" \/>\n<meta property=\"og:title\" content=\"Equipo Herm\u00e9tico 120CM C\/2 Tubos Led T5\/T8 IP65 Marca Philips - Ferrekasa\" \/>\n<meta property=\"og:description\" content=\"Potencia de los tubos led:\u00a0\u00a08W-18W  Temperatura de color: Blanca 6000K  Protecci\u00f3n:\u00a0IP65 \u2013 IK06  Tensi\u00f3n nominal:\u00a0\u00a0AC100-240V  Material:\u00a0Policarbonato (PVC)  Medidas 100w:\u00a01269,00\u00d7104,00\u00d787,00 mm\" \/>\n<meta property=\"og:url\" content=\"https:\/\/huanca.org\/lumifer\/producto\/equipo-hermetico-120cm-c-2-tubos-led-t5-t8-ip65-marca-philips\/\" \/>\n<meta property=\"og:site_name\" content=\"Ferrekasa\" \/>\n<meta property=\"article:publisher\" content=\"https:\/\/www.facebook.com\/FERREKASACOMERCIAL\/\" \/>\n<meta property=\"article:modified_time\" content=\"2025-01-30T04:47:54+00:00\" \/>\n<meta property=\"og:image\" content=\"https:\/\/huanca.org\/lumifer\/wp-content\/uploads\/2024\/11\/HERMETICO-PHILIPS-scaled.jpg\" \/>\n\t<meta property=\"og:image:width\" content=\"2560\" \/>\n\t<meta property=\"og:image:height\" content=\"2377\" \/>\n\t<meta property=\"og:image:type\" content=\"image\/jpeg\" \/>\n<meta name=\"twitter:card\" content=\"summary_large_image\" \/>\n<meta name=\"twitter:label1\" content=\"Tiempo de lectura\" \/>\n\t<meta name=\"twitter:data1\" content=\"1 minuto\" \/>\n<script type=\"application\/ld+json\" class=\"yoast-schema-graph\">{\"@context\":\"https:\/\/schema.org\",\"@graph\":[{\"@type\":\"WebPage\",\"@id\":\"https:\/\/huanca.org\/lumifer\/producto\/equipo-hermetico-120cm-c-2-tubos-led-t5-t8-ip65-marca-philips\/\",\"url\":\"https:\/\/huanca.org\/lumifer\/producto\/equipo-hermetico-120cm-c-2-tubos-led-t5-t8-ip65-marca-philips\/\",\"name\":\"Equipo Herm\u00e9tico 120CM C\/2 Tubos Led T5\/T8 IP65 Marca Philips - Ferrekasa\",\"isPartOf\":{\"@id\":\"https:\/\/huanca.org\/lumifer\/#website\"},\"primaryImageOfPage\":{\"@id\":\"https:\/\/huanca.org\/lumifer\/producto\/equipo-hermetico-120cm-c-2-tubos-led-t5-t8-ip65-marca-philips\/#primaryimage\"},\"image\":{\"@id\":\"https:\/\/huanca.org\/lumifer\/producto\/equipo-hermetico-120cm-c-2-tubos-led-t5-t8-ip65-marca-philips\/#primaryimage\"},\"thumbnailUrl\":\"https:\/\/huanca.org\/lumifer\/wp-content\/uploads\/2024\/11\/HERMETICO-PHILIPS-scaled.jpg\",\"datePublished\":\"2024-11-23T17:56:26+00:00\",\"dateModified\":\"2025-01-30T04:47:54+00:00\",\"breadcrumb\":{\"@id\":\"https:\/\/huanca.org\/lumifer\/producto\/equipo-hermetico-120cm-c-2-tubos-led-t5-t8-ip65-marca-philips\/#breadcrumb\"},\"inLanguage\":\"es\",\"potentialAction\":[{\"@type\":\"ReadAction\",\"target\":[\"https:\/\/huanca.org\/lumifer\/producto\/equipo-hermetico-120cm-c-2-tubos-led-t5-t8-ip65-marca-philips\/\"]}]},{\"@type\":\"ImageObject\",\"inLanguage\":\"es\",\"@id\":\"https:\/\/huanca.org\/lumifer\/producto\/equipo-hermetico-120cm-c-2-tubos-led-t5-t8-ip65-marca-philips\/#primaryimage\",\"url\":\"https:\/\/huanca.org\/lumifer\/wp-content\/uploads\/2024\/11\/HERMETICO-PHILIPS-scaled.jpg\",\"contentUrl\":\"https:\/\/huanca.org\/lumifer\/wp-content\/uploads\/2024\/11\/HERMETICO-PHILIPS-scaled.jpg\",\"width\":2560,\"height\":2377},{\"@type\":\"BreadcrumbList\",\"@id\":\"https:\/\/huanca.org\/lumifer\/producto\/equipo-hermetico-120cm-c-2-tubos-led-t5-t8-ip65-marca-philips\/#breadcrumb\",\"itemListElement\":[{\"@type\":\"ListItem\",\"position\":1,\"name\":\"Portada\",\"item\":\"https:\/\/huanca.org\/lumifer\/\"},{\"@type\":\"ListItem\",\"position\":2,\"name\":\"Productos\",\"item\":\"https:\/\/huanca.org\/lumifer\/shop\/\"},{\"@type\":\"ListItem\",\"position\":3,\"name\":\"Equipo Herm\u00e9tico 120CM C\/2 Tubos Led T5\/T8 IP65 Marca Philips\"}]},{\"@type\":\"WebSite\",\"@id\":\"https:\/\/huanca.org\/lumifer\/#website\",\"url\":\"https:\/\/huanca.org\/lumifer\/\",\"name\":\"Ferrekasa\",\"description\":\"Tenemos los mejores productos en iluminaci\u00f3n, cerrajer\u00eda, decoraci\u00f3n del hogar y m\u00e1s.\",\"publisher\":{\"@id\":\"https:\/\/huanca.org\/lumifer\/#organization\"},\"potentialAction\":[{\"@type\":\"SearchAction\",\"target\":{\"@type\":\"EntryPoint\",\"urlTemplate\":\"https:\/\/huanca.org\/lumifer\/?s={search_term_string}\"},\"query-input\":{\"@type\":\"PropertyValueSpecification\",\"valueRequired\":true,\"valueName\":\"search_term_string\"}}],\"inLanguage\":\"es\"},{\"@type\":\"Organization\",\"@id\":\"https:\/\/huanca.org\/lumifer\/#organization\",\"name\":\"Ferrekasa\",\"url\":\"https:\/\/huanca.org\/lumifer\/\",\"logo\":{\"@type\":\"ImageObject\",\"inLanguage\":\"es\",\"@id\":\"https:\/\/huanca.org\/lumifer\/#\/schema\/logo\/image\/\",\"url\":\"https:\/\/huanca.org\/lumifer\/wp-content\/uploads\/2024\/07\/Logo_Ferrekasa.svg\",\"contentUrl\":\"https:\/\/huanca.org\/lumifer\/wp-content\/uploads\/2024\/07\/Logo_Ferrekasa.svg\",\"width\":177,\"height\":112,\"caption\":\"Ferrekasa\"},\"image\":{\"@id\":\"https:\/\/huanca.org\/lumifer\/#\/schema\/logo\/image\/\"},\"sameAs\":[\"https:\/\/www.facebook.com\/FERREKASACOMERCIAL\/\"]}]}<\/script>\n<!-- \/ Yoast SEO plugin. -->","yoast_head_json":{"title":"Equipo Herm\u00e9tico 120CM C\/2 Tubos Led T5\/T8 IP65 Marca Philips - Ferrekasa","robots":{"index":"index","follow":"follow","max-snippet":"max-snippet:-1","max-image-preview":"max-image-preview:large","max-video-preview":"max-video-preview:-1"},"canonical":"https:\/\/huanca.org\/lumifer\/producto\/equipo-hermetico-120cm-c-2-tubos-led-t5-t8-ip65-marca-philips\/","og_locale":"es_ES","og_type":"article","og_title":"Equipo Herm\u00e9tico 120CM C\/2 Tubos Led T5\/T8 IP65 Marca Philips - Ferrekasa","og_description":"Potencia de los tubos led:\u00a0\u00a08W-18W  Temperatura de color: Blanca 6000K  Protecci\u00f3n:\u00a0IP65 \u2013 IK06  Tensi\u00f3n nominal:\u00a0\u00a0AC100-240V  Material:\u00a0Policarbonato (PVC)  Medidas 100w:\u00a01269,00\u00d7104,00\u00d787,00 mm","og_url":"https:\/\/huanca.org\/lumifer\/producto\/equipo-hermetico-120cm-c-2-tubos-led-t5-t8-ip65-marca-philips\/","og_site_name":"Ferrekasa","article_publisher":"https:\/\/www.facebook.com\/FERREKASACOMERCIAL\/","article_modified_time":"2025-01-30T04:47:54+00:00","og_image":[{"width":2560,"height":2377,"url":"https:\/\/huanca.org\/lumifer\/wp-content\/uploads\/2024\/11\/HERMETICO-PHILIPS-scaled.jpg","type":"image\/jpeg"}],"twitter_card":"summary_large_image","twitter_misc":{"Tiempo de lectura":"1 minuto"},"schema":{"@context":"https:\/\/schema.org","@graph":[{"@type":"WebPage","@id":"https:\/\/huanca.org\/lumifer\/producto\/equipo-hermetico-120cm-c-2-tubos-led-t5-t8-ip65-marca-philips\/","url":"https:\/\/huanca.org\/lumifer\/producto\/equipo-hermetico-120cm-c-2-tubos-led-t5-t8-ip65-marca-philips\/","name":"Equipo Herm\u00e9tico 120CM C\/2 Tubos Led T5\/T8 IP65 Marca Philips - Ferrekasa","isPartOf":{"@id":"https:\/\/huanca.org\/lumifer\/#website"},"primaryImageOfPage":{"@id":"https:\/\/huanca.org\/lumifer\/producto\/equipo-hermetico-120cm-c-2-tubos-led-t5-t8-ip65-marca-philips\/#primaryimage"},"image":{"@id":"https:\/\/huanca.org\/lumifer\/producto\/equipo-hermetico-120cm-c-2-tubos-led-t5-t8-ip65-marca-philips\/#primaryimage"},"thumbnailUrl":"https:\/\/huanca.org\/lumifer\/wp-content\/uploads\/2024\/11\/HERMETICO-PHILIPS-scaled.jpg","datePublished":"2024-11-23T17:56:26+00:00","dateModified":"2025-01-30T04:47:54+00:00","breadcrumb":{"@id":"https:\/\/huanca.org\/lumifer\/producto\/equipo-hermetico-120cm-c-2-tubos-led-t5-t8-ip65-marca-philips\/#breadcrumb"},"inLanguage":"es","potentialAction":[{"@type":"ReadAction","target":["https:\/\/huanca.org\/lumifer\/producto\/equipo-hermetico-120cm-c-2-tubos-led-t5-t8-ip65-marca-philips\/"]}]},{"@type":"ImageObject","inLanguage":"es","@id":"https:\/\/huanca.org\/lumifer\/producto\/equipo-hermetico-120cm-c-2-tubos-led-t5-t8-ip65-marca-philips\/#primaryimage","url":"https:\/\/huanca.org\/lumifer\/wp-content\/uploads\/2024\/11\/HERMETICO-PHILIPS-scaled.jpg","contentUrl":"https:\/\/huanca.org\/lumifer\/wp-content\/uploads\/2024\/11\/HERMETICO-PHILIPS-scaled.jpg","width":2560,"height":2377},{"@type":"BreadcrumbList","@id":"https:\/\/huanca.org\/lumifer\/producto\/equipo-hermetico-120cm-c-2-tubos-led-t5-t8-ip65-marca-philips\/#breadcrumb","itemListElement":[{"@type":"ListItem","position":1,"name":"Portada","item":"https:\/\/huanca.org\/lumifer\/"},{"@type":"ListItem","position":2,"name":"Productos","item":"https:\/\/huanca.org\/lumifer\/shop\/"},{"@type":"ListItem","position":3,"name":"Equipo Herm\u00e9tico 120CM C\/2 Tubos Led T5\/T8 IP65 Marca Philips"}]},{"@type":"WebSite","@id":"https:\/\/huanca.org\/lumifer\/#website","url":"https:\/\/huanca.org\/lumifer\/","name":"Ferrekasa","description":"Tenemos los mejores productos en iluminaci\u00f3n, cerrajer\u00eda, decoraci\u00f3n del hogar y m\u00e1s.","publisher":{"@id":"https:\/\/huanca.org\/lumifer\/#organization"},"potentialAction":[{"@type":"SearchAction","target":{"@type":"EntryPoint","urlTemplate":"https:\/\/huanca.org\/lumifer\/?s={search_term_string}"},"query-input":{"@type":"PropertyValueSpecification","valueRequired":true,"valueName":"search_term_string"}}],"inLanguage":"es"},{"@type":"Organization","@id":"https:\/\/huanca.org\/lumifer\/#organization","name":"Ferrekasa","url":"https:\/\/huanca.org\/lumifer\/","logo":{"@type":"ImageObject","inLanguage":"es","@id":"https:\/\/huanca.org\/lumifer\/#\/schema\/logo\/image\/","url":"https:\/\/huanca.org\/lumifer\/wp-content\/uploads\/2024\/07\/Logo_Ferrekasa.svg","contentUrl":"https:\/\/huanca.org\/lumifer\/wp-content\/uploads\/2024\/07\/Logo_Ferrekasa.svg","width":177,"height":112,"caption":"Ferrekasa"},"image":{"@id":"https:\/\/huanca.org\/lumifer\/#\/schema\/logo\/image\/"},"sameAs":["https:\/\/www.facebook.com\/FERREKASACOMERCIAL\/"]}]}},"_links":{"self":[{"href":"https:\/\/huanca.org\/lumifer\/wp-json\/wp\/v2\/product\/5105","targetHints":{"allow":["GET"]}}],"collection":[{"href":"https:\/\/huanca.org\/lumifer\/wp-json\/wp\/v2\/product"}],"about":[{"href":"https:\/\/huanca.org\/lumifer\/wp-json\/wp\/v2\/types\/product"}],"version-history":[{"count":2,"href":"https:\/\/huanca.org\/lumifer\/wp-json\/wp\/v2\/product\/5105\/revisions"}],"predecessor-version":[{"id":11576,"href":"https:\/\/huanca.org\/lumifer\/wp-json\/wp\/v2\/product\/5105\/revisions\/11576"}],"wp:featuredmedia":[{"embeddable":true,"href":"https:\/\/huanca.org\/lumifer\/wp-json\/wp\/v2\/media\/5106"}],"wp:attachment":[{"href":"https:\/\/huanca.org\/lumifer\/wp-json\/wp\/v2\/media?parent=5105"}],"wp:term":[{"taxonomy":"product_brand","embeddable":true,"href":"https:\/\/huanca.org\/lumifer\/wp-json\/wp\/v2\/product_brand?post=5105"},{"taxonomy":"product_cat","embeddable":true,"href":"https:\/\/huanca.org\/lumifer\/wp-json\/wp\/v2\/product_cat?post=5105"},{"taxonomy":"product_tag","embeddable":true,"href":"https:\/\/huanca.org\/lumifer\/wp-json\/wp\/v2\/product_tag?post=5105"}],"curies":[{"name":"wp","href":"https:\/\/api.w.org\/{rel}","templated":true}]}}