{"id":4915,"date":"2024-11-18T16:27:38","date_gmt":"2024-11-18T21:27:38","guid":{"rendered":"https:\/\/ferrekasa.com.pe\/?post_type=product&#038;p=4915"},"modified":"2024-11-21T21:07:36","modified_gmt":"2024-11-22T02:07:36","slug":"damp-proof-hermetico-led-pfm-18w-ip65-marca-ledvance","status":"publish","type":"product","link":"https:\/\/huanca.org\/lumifer\/producto\/damp-proof-hermetico-led-pfm-18w-ip65-marca-ledvance\/","title":{"rendered":"Damp-Proof Herm\u00e9tico Led PFM 36W\/840 IP65 Marca Ledvance"},"content":{"rendered":"","protected":false},"excerpt":{"rendered":"<ul>\n<li><strong>Tipo: <\/strong>industrial<\/li>\n<li><strong>Potencia: <\/strong>36w<\/li>\n<li><strong>Temperatura de color: <\/strong>6500k<\/li>\n<li><strong>Flujo luminoso:\u00a0 <\/strong><span class=\"wd-attr-term\">2<\/span>,<span class=\"wd-attr-term\">700 lm<\/span><\/li>\n<li><strong>Protecci\u00f3n: <\/strong>IP65<\/li>\n<li><strong>Tensi\u00f3n nominal: <\/strong>100-277V<\/li>\n<li><strong>Angulo de apertura: <\/strong>120\u00b0<\/li>\n<\/ul>\n","protected":false},"featured_media":4929,"template":"","meta":[],"product_brand":[],"product_cat":[38],"product_tag":[],"class_list":{"0":"post-4915","1":"product","2":"type-product","3":"status-publish","4":"has-post-thumbnail","6":"product_cat-equipo-hermetico-damprof-phillips-y-ledvance","8":"first","9":"instock","10":"shipping-taxable","11":"product-type-simple"},"yoast_head":"<!-- This site is optimized with the Yoast SEO plugin v25.7 - https:\/\/yoast.com\/wordpress\/plugins\/seo\/ -->\n<title>Damp-Proof Herm\u00e9tico Led PFM 36W\/840 IP65 Marca Ledvance - Ferrekasa<\/title>\n<meta name=\"robots\" content=\"index, follow, max-snippet:-1, max-image-preview:large, max-video-preview:-1\" \/>\n<link rel=\"canonical\" href=\"https:\/\/huanca.org\/lumifer\/producto\/damp-proof-hermetico-led-pfm-18w-ip65-marca-ledvance\/\" \/>\n<meta property=\"og:locale\" content=\"es_ES\" \/>\n<meta property=\"og:type\" content=\"article\" \/>\n<meta property=\"og:title\" content=\"Damp-Proof Herm\u00e9tico Led PFM 36W\/840 IP65 Marca Ledvance - Ferrekasa\" \/>\n<meta property=\"og:description\" content=\"Tipo: industrial  Potencia: 36w  Temperatura de color: 6500k  Flujo luminoso:\u00a0 2,700 lm  Protecci\u00f3n: IP65  Tensi\u00f3n nominal: 100-277V  Angulo de apertura: 120\u00b0\" \/>\n<meta property=\"og:url\" content=\"https:\/\/huanca.org\/lumifer\/producto\/damp-proof-hermetico-led-pfm-18w-ip65-marca-ledvance\/\" \/>\n<meta property=\"og:site_name\" content=\"Ferrekasa\" \/>\n<meta property=\"article:publisher\" content=\"https:\/\/www.facebook.com\/FERREKASACOMERCIAL\/\" \/>\n<meta property=\"article:modified_time\" content=\"2024-11-22T02:07:36+00:00\" \/>\n<meta property=\"og:image\" content=\"https:\/\/huanca.org\/lumifer\/wp-content\/uploads\/2024\/11\/4GJUJ-scaled.jpg\" \/>\n\t<meta property=\"og:image:width\" content=\"2560\" \/>\n\t<meta property=\"og:image:height\" content=\"2377\" \/>\n\t<meta property=\"og:image:type\" content=\"image\/jpeg\" \/>\n<meta name=\"twitter:card\" content=\"summary_large_image\" \/>\n<meta name=\"twitter:label1\" content=\"Tiempo de lectura\" \/>\n\t<meta name=\"twitter:data1\" content=\"1 minuto\" \/>\n<script type=\"application\/ld+json\" class=\"yoast-schema-graph\">{\"@context\":\"https:\/\/schema.org\",\"@graph\":[{\"@type\":\"WebPage\",\"@id\":\"https:\/\/huanca.org\/lumifer\/producto\/damp-proof-hermetico-led-pfm-18w-ip65-marca-ledvance\/\",\"url\":\"https:\/\/huanca.org\/lumifer\/producto\/damp-proof-hermetico-led-pfm-18w-ip65-marca-ledvance\/\",\"name\":\"Damp-Proof Herm\u00e9tico Led PFM 36W\/840 IP65 Marca Ledvance - Ferrekasa\",\"isPartOf\":{\"@id\":\"https:\/\/huanca.org\/lumifer\/#website\"},\"primaryImageOfPage\":{\"@id\":\"https:\/\/huanca.org\/lumifer\/producto\/damp-proof-hermetico-led-pfm-18w-ip65-marca-ledvance\/#primaryimage\"},\"image\":{\"@id\":\"https:\/\/huanca.org\/lumifer\/producto\/damp-proof-hermetico-led-pfm-18w-ip65-marca-ledvance\/#primaryimage\"},\"thumbnailUrl\":\"https:\/\/huanca.org\/lumifer\/wp-content\/uploads\/2024\/11\/4GJUJ-scaled.jpg\",\"datePublished\":\"2024-11-18T21:27:38+00:00\",\"dateModified\":\"2024-11-22T02:07:36+00:00\",\"breadcrumb\":{\"@id\":\"https:\/\/huanca.org\/lumifer\/producto\/damp-proof-hermetico-led-pfm-18w-ip65-marca-ledvance\/#breadcrumb\"},\"inLanguage\":\"es\",\"potentialAction\":[{\"@type\":\"ReadAction\",\"target\":[\"https:\/\/huanca.org\/lumifer\/producto\/damp-proof-hermetico-led-pfm-18w-ip65-marca-ledvance\/\"]}]},{\"@type\":\"ImageObject\",\"inLanguage\":\"es\",\"@id\":\"https:\/\/huanca.org\/lumifer\/producto\/damp-proof-hermetico-led-pfm-18w-ip65-marca-ledvance\/#primaryimage\",\"url\":\"https:\/\/huanca.org\/lumifer\/wp-content\/uploads\/2024\/11\/4GJUJ-scaled.jpg\",\"contentUrl\":\"https:\/\/huanca.org\/lumifer\/wp-content\/uploads\/2024\/11\/4GJUJ-scaled.jpg\",\"width\":2560,\"height\":2377},{\"@type\":\"BreadcrumbList\",\"@id\":\"https:\/\/huanca.org\/lumifer\/producto\/damp-proof-hermetico-led-pfm-18w-ip65-marca-ledvance\/#breadcrumb\",\"itemListElement\":[{\"@type\":\"ListItem\",\"position\":1,\"name\":\"Portada\",\"item\":\"https:\/\/huanca.org\/lumifer\/\"},{\"@type\":\"ListItem\",\"position\":2,\"name\":\"Productos\",\"item\":\"https:\/\/huanca.org\/lumifer\/shop\/\"},{\"@type\":\"ListItem\",\"position\":3,\"name\":\"Damp-Proof Herm\u00e9tico Led PFM 36W\/840 IP65 Marca Ledvance\"}]},{\"@type\":\"WebSite\",\"@id\":\"https:\/\/huanca.org\/lumifer\/#website\",\"url\":\"https:\/\/huanca.org\/lumifer\/\",\"name\":\"Ferrekasa\",\"description\":\"Tenemos los mejores productos en iluminaci\u00f3n, cerrajer\u00eda, decoraci\u00f3n del hogar y m\u00e1s.\",\"publisher\":{\"@id\":\"https:\/\/huanca.org\/lumifer\/#organization\"},\"potentialAction\":[{\"@type\":\"SearchAction\",\"target\":{\"@type\":\"EntryPoint\",\"urlTemplate\":\"https:\/\/huanca.org\/lumifer\/?s={search_term_string}\"},\"query-input\":{\"@type\":\"PropertyValueSpecification\",\"valueRequired\":true,\"valueName\":\"search_term_string\"}}],\"inLanguage\":\"es\"},{\"@type\":\"Organization\",\"@id\":\"https:\/\/huanca.org\/lumifer\/#organization\",\"name\":\"Ferrekasa\",\"url\":\"https:\/\/huanca.org\/lumifer\/\",\"logo\":{\"@type\":\"ImageObject\",\"inLanguage\":\"es\",\"@id\":\"https:\/\/huanca.org\/lumifer\/#\/schema\/logo\/image\/\",\"url\":\"https:\/\/huanca.org\/lumifer\/wp-content\/uploads\/2024\/07\/Logo_Ferrekasa.svg\",\"contentUrl\":\"https:\/\/huanca.org\/lumifer\/wp-content\/uploads\/2024\/07\/Logo_Ferrekasa.svg\",\"width\":177,\"height\":112,\"caption\":\"Ferrekasa\"},\"image\":{\"@id\":\"https:\/\/huanca.org\/lumifer\/#\/schema\/logo\/image\/\"},\"sameAs\":[\"https:\/\/www.facebook.com\/FERREKASACOMERCIAL\/\"]}]}<\/script>\n<!-- \/ Yoast SEO plugin. -->","yoast_head_json":{"title":"Damp-Proof Herm\u00e9tico Led PFM 36W\/840 IP65 Marca Ledvance - Ferrekasa","robots":{"index":"index","follow":"follow","max-snippet":"max-snippet:-1","max-image-preview":"max-image-preview:large","max-video-preview":"max-video-preview:-1"},"canonical":"https:\/\/huanca.org\/lumifer\/producto\/damp-proof-hermetico-led-pfm-18w-ip65-marca-ledvance\/","og_locale":"es_ES","og_type":"article","og_title":"Damp-Proof Herm\u00e9tico Led PFM 36W\/840 IP65 Marca Ledvance - Ferrekasa","og_description":"Tipo: industrial  Potencia: 36w  Temperatura de color: 6500k  Flujo luminoso:\u00a0 2,700 lm  Protecci\u00f3n: IP65  Tensi\u00f3n nominal: 100-277V  Angulo de apertura: 120\u00b0","og_url":"https:\/\/huanca.org\/lumifer\/producto\/damp-proof-hermetico-led-pfm-18w-ip65-marca-ledvance\/","og_site_name":"Ferrekasa","article_publisher":"https:\/\/www.facebook.com\/FERREKASACOMERCIAL\/","article_modified_time":"2024-11-22T02:07:36+00:00","og_image":[{"width":2560,"height":2377,"url":"https:\/\/huanca.org\/lumifer\/wp-content\/uploads\/2024\/11\/4GJUJ-scaled.jpg","type":"image\/jpeg"}],"twitter_card":"summary_large_image","twitter_misc":{"Tiempo de lectura":"1 minuto"},"schema":{"@context":"https:\/\/schema.org","@graph":[{"@type":"WebPage","@id":"https:\/\/huanca.org\/lumifer\/producto\/damp-proof-hermetico-led-pfm-18w-ip65-marca-ledvance\/","url":"https:\/\/huanca.org\/lumifer\/producto\/damp-proof-hermetico-led-pfm-18w-ip65-marca-ledvance\/","name":"Damp-Proof Herm\u00e9tico Led PFM 36W\/840 IP65 Marca Ledvance - Ferrekasa","isPartOf":{"@id":"https:\/\/huanca.org\/lumifer\/#website"},"primaryImageOfPage":{"@id":"https:\/\/huanca.org\/lumifer\/producto\/damp-proof-hermetico-led-pfm-18w-ip65-marca-ledvance\/#primaryimage"},"image":{"@id":"https:\/\/huanca.org\/lumifer\/producto\/damp-proof-hermetico-led-pfm-18w-ip65-marca-ledvance\/#primaryimage"},"thumbnailUrl":"https:\/\/huanca.org\/lumifer\/wp-content\/uploads\/2024\/11\/4GJUJ-scaled.jpg","datePublished":"2024-11-18T21:27:38+00:00","dateModified":"2024-11-22T02:07:36+00:00","breadcrumb":{"@id":"https:\/\/huanca.org\/lumifer\/producto\/damp-proof-hermetico-led-pfm-18w-ip65-marca-ledvance\/#breadcrumb"},"inLanguage":"es","potentialAction":[{"@type":"ReadAction","target":["https:\/\/huanca.org\/lumifer\/producto\/damp-proof-hermetico-led-pfm-18w-ip65-marca-ledvance\/"]}]},{"@type":"ImageObject","inLanguage":"es","@id":"https:\/\/huanca.org\/lumifer\/producto\/damp-proof-hermetico-led-pfm-18w-ip65-marca-ledvance\/#primaryimage","url":"https:\/\/huanca.org\/lumifer\/wp-content\/uploads\/2024\/11\/4GJUJ-scaled.jpg","contentUrl":"https:\/\/huanca.org\/lumifer\/wp-content\/uploads\/2024\/11\/4GJUJ-scaled.jpg","width":2560,"height":2377},{"@type":"BreadcrumbList","@id":"https:\/\/huanca.org\/lumifer\/producto\/damp-proof-hermetico-led-pfm-18w-ip65-marca-ledvance\/#breadcrumb","itemListElement":[{"@type":"ListItem","position":1,"name":"Portada","item":"https:\/\/huanca.org\/lumifer\/"},{"@type":"ListItem","position":2,"name":"Productos","item":"https:\/\/huanca.org\/lumifer\/shop\/"},{"@type":"ListItem","position":3,"name":"Damp-Proof Herm\u00e9tico Led PFM 36W\/840 IP65 Marca Ledvance"}]},{"@type":"WebSite","@id":"https:\/\/huanca.org\/lumifer\/#website","url":"https:\/\/huanca.org\/lumifer\/","name":"Ferrekasa","description":"Tenemos los mejores productos en iluminaci\u00f3n, cerrajer\u00eda, decoraci\u00f3n del hogar y m\u00e1s.","publisher":{"@id":"https:\/\/huanca.org\/lumifer\/#organization"},"potentialAction":[{"@type":"SearchAction","target":{"@type":"EntryPoint","urlTemplate":"https:\/\/huanca.org\/lumifer\/?s={search_term_string}"},"query-input":{"@type":"PropertyValueSpecification","valueRequired":true,"valueName":"search_term_string"}}],"inLanguage":"es"},{"@type":"Organization","@id":"https:\/\/huanca.org\/lumifer\/#organization","name":"Ferrekasa","url":"https:\/\/huanca.org\/lumifer\/","logo":{"@type":"ImageObject","inLanguage":"es","@id":"https:\/\/huanca.org\/lumifer\/#\/schema\/logo\/image\/","url":"https:\/\/huanca.org\/lumifer\/wp-content\/uploads\/2024\/07\/Logo_Ferrekasa.svg","contentUrl":"https:\/\/huanca.org\/lumifer\/wp-content\/uploads\/2024\/07\/Logo_Ferrekasa.svg","width":177,"height":112,"caption":"Ferrekasa"},"image":{"@id":"https:\/\/huanca.org\/lumifer\/#\/schema\/logo\/image\/"},"sameAs":["https:\/\/www.facebook.com\/FERREKASACOMERCIAL\/"]}]}},"_links":{"self":[{"href":"https:\/\/huanca.org\/lumifer\/wp-json\/wp\/v2\/product\/4915","targetHints":{"allow":["GET"]}}],"collection":[{"href":"https:\/\/huanca.org\/lumifer\/wp-json\/wp\/v2\/product"}],"about":[{"href":"https:\/\/huanca.org\/lumifer\/wp-json\/wp\/v2\/types\/product"}],"version-history":[{"count":0,"href":"https:\/\/huanca.org\/lumifer\/wp-json\/wp\/v2\/product\/4915\/revisions"}],"wp:featuredmedia":[{"embeddable":true,"href":"https:\/\/huanca.org\/lumifer\/wp-json\/wp\/v2\/media\/4929"}],"wp:attachment":[{"href":"https:\/\/huanca.org\/lumifer\/wp-json\/wp\/v2\/media?parent=4915"}],"wp:term":[{"taxonomy":"product_brand","embeddable":true,"href":"https:\/\/huanca.org\/lumifer\/wp-json\/wp\/v2\/product_brand?post=4915"},{"taxonomy":"product_cat","embeddable":true,"href":"https:\/\/huanca.org\/lumifer\/wp-json\/wp\/v2\/product_cat?post=4915"},{"taxonomy":"product_tag","embeddable":true,"href":"https:\/\/huanca.org\/lumifer\/wp-json\/wp\/v2\/product_tag?post=4915"}],"curies":[{"name":"wp","href":"https:\/\/api.w.org\/{rel}","templated":true}]}}