{"id":4871,"date":"2024-11-18T11:49:49","date_gmt":"2024-11-18T16:49:49","guid":{"rendered":"https:\/\/ferrekasa.com.pe\/?post_type=product&#038;p=4871"},"modified":"2024-11-27T15:10:17","modified_gmt":"2024-11-27T20:10:17","slug":"led-linear-pendat-36w-840-marca-ledvance","status":"publish","type":"product","link":"https:\/\/huanca.org\/lumifer\/producto\/led-linear-pendat-36w-840-marca-ledvance\/","title":{"rendered":"Led Linear Pendat 36W\/840 Marca Ledvance"},"content":{"rendered":"","protected":false},"excerpt":{"rendered":"<p>&nbsp;<\/p>\n<ul>\n<li><strong>Tama\u00f1o:<\/strong> 1265 x 315 x 200<\/li>\n<li><strong>Temperatura de color<\/strong>:\u00a0 4000k Luz Neutra<\/li>\n<li><strong>Potencia:<\/strong> 36W<\/li>\n<li><strong>\u00cdndice de protecci\u00f3n:<\/strong> IP20<\/li>\n<li><strong>M\u00ednima y M\u00e1xima Temperatura de Utilizaci\u00f3n<\/strong> -20\u00b0~ +50\u00b0<\/li>\n<li><strong>M\u00ednima y M\u00e1xima Temperatura de Almacenaje<\/strong> -20\u00b0~ +70\u00b0<\/li>\n<li><strong>Material:\u00a0<\/strong> Aluminio \/ Difusor de Policarbonato<\/li>\n<li><strong>Eficacia luminosa:<\/strong> 3 300 lm<\/li>\n<li><strong>Lumenes(lm):<\/strong>\u00a01200lm<\/li>\n<li><strong>Tenci\u00f3n nominal:<\/strong>\u00a0 100 &#8211; 277 V<\/li>\n<li><strong>Eficiencia :<\/strong> &gt;90 lm\/W<\/li>\n<li><strong>Colores: <\/strong>Gris<\/li>\n<li><strong>Vida \u00fatil:<\/strong> 50 000 hrs<\/li>\n<\/ul>\n","protected":false},"featured_media":4872,"template":"","meta":[],"product_brand":[],"product_cat":[32],"product_tag":[],"class_list":{"0":"post-4871","1":"product","2":"type-product","3":"status-publish","4":"has-post-thumbnail","6":"product_cat-lightech-y-ledvance","8":"first","9":"instock","10":"shipping-taxable","11":"product-type-simple"},"yoast_head":"<!-- This site is optimized with the Yoast SEO plugin v25.7 - https:\/\/yoast.com\/wordpress\/plugins\/seo\/ -->\n<title>Led Linear Pendat 36W\/840 Marca Ledvance - Ferrekasa<\/title>\n<meta name=\"robots\" content=\"index, follow, max-snippet:-1, max-image-preview:large, max-video-preview:-1\" \/>\n<link rel=\"canonical\" href=\"https:\/\/huanca.org\/lumifer\/producto\/led-linear-pendat-36w-840-marca-ledvance\/\" \/>\n<meta property=\"og:locale\" content=\"es_ES\" \/>\n<meta property=\"og:type\" content=\"article\" \/>\n<meta property=\"og:title\" content=\"Led Linear Pendat 36W\/840 Marca Ledvance - Ferrekasa\" \/>\n<meta property=\"og:description\" content=\"&nbsp;   Tama\u00f1o: 1265 x 315 x 200  Temperatura de color:\u00a0 4000k Luz Neutra  Potencia: 36W  \u00cdndice de protecci\u00f3n: IP20  M\u00ednima y M\u00e1xima Temperatura de Utilizaci\u00f3n -20\u00b0~ +50\u00b0  M\u00ednima y M\u00e1xima Temperatura de Almacenaje -20\u00b0~ +70\u00b0  Material:\u00a0 Aluminio \/ Difusor de Policarbonato  Eficacia luminosa: 3 300 lm  Lumenes(lm):\u00a01200lm  Tenci\u00f3n nominal:\u00a0 100 - 277 V  Eficiencia : &gt;90 lm\/W  Colores: Gris  Vida \u00fatil: 50 000 hrs\" \/>\n<meta property=\"og:url\" content=\"https:\/\/huanca.org\/lumifer\/producto\/led-linear-pendat-36w-840-marca-ledvance\/\" \/>\n<meta property=\"og:site_name\" content=\"Ferrekasa\" \/>\n<meta property=\"article:publisher\" content=\"https:\/\/www.facebook.com\/FERREKASACOMERCIAL\/\" \/>\n<meta property=\"article:modified_time\" content=\"2024-11-27T20:10:17+00:00\" \/>\n<meta property=\"og:image\" content=\"https:\/\/huanca.org\/lumifer\/wp-content\/uploads\/2024\/11\/8w3idj.jpg\" \/>\n\t<meta property=\"og:image:width\" content=\"731\" \/>\n\t<meta property=\"og:image:height\" content=\"648\" \/>\n\t<meta property=\"og:image:type\" content=\"image\/jpeg\" \/>\n<meta name=\"twitter:card\" content=\"summary_large_image\" \/>\n<meta name=\"twitter:label1\" content=\"Tiempo de lectura\" \/>\n\t<meta name=\"twitter:data1\" content=\"1 minuto\" \/>\n<script type=\"application\/ld+json\" class=\"yoast-schema-graph\">{\"@context\":\"https:\/\/schema.org\",\"@graph\":[{\"@type\":\"WebPage\",\"@id\":\"https:\/\/huanca.org\/lumifer\/producto\/led-linear-pendat-36w-840-marca-ledvance\/\",\"url\":\"https:\/\/huanca.org\/lumifer\/producto\/led-linear-pendat-36w-840-marca-ledvance\/\",\"name\":\"Led Linear Pendat 36W\/840 Marca Ledvance - Ferrekasa\",\"isPartOf\":{\"@id\":\"https:\/\/huanca.org\/lumifer\/#website\"},\"primaryImageOfPage\":{\"@id\":\"https:\/\/huanca.org\/lumifer\/producto\/led-linear-pendat-36w-840-marca-ledvance\/#primaryimage\"},\"image\":{\"@id\":\"https:\/\/huanca.org\/lumifer\/producto\/led-linear-pendat-36w-840-marca-ledvance\/#primaryimage\"},\"thumbnailUrl\":\"https:\/\/huanca.org\/lumifer\/wp-content\/uploads\/2024\/11\/8w3idj.jpg\",\"datePublished\":\"2024-11-18T16:49:49+00:00\",\"dateModified\":\"2024-11-27T20:10:17+00:00\",\"breadcrumb\":{\"@id\":\"https:\/\/huanca.org\/lumifer\/producto\/led-linear-pendat-36w-840-marca-ledvance\/#breadcrumb\"},\"inLanguage\":\"es\",\"potentialAction\":[{\"@type\":\"ReadAction\",\"target\":[\"https:\/\/huanca.org\/lumifer\/producto\/led-linear-pendat-36w-840-marca-ledvance\/\"]}]},{\"@type\":\"ImageObject\",\"inLanguage\":\"es\",\"@id\":\"https:\/\/huanca.org\/lumifer\/producto\/led-linear-pendat-36w-840-marca-ledvance\/#primaryimage\",\"url\":\"https:\/\/huanca.org\/lumifer\/wp-content\/uploads\/2024\/11\/8w3idj.jpg\",\"contentUrl\":\"https:\/\/huanca.org\/lumifer\/wp-content\/uploads\/2024\/11\/8w3idj.jpg\",\"width\":731,\"height\":648},{\"@type\":\"BreadcrumbList\",\"@id\":\"https:\/\/huanca.org\/lumifer\/producto\/led-linear-pendat-36w-840-marca-ledvance\/#breadcrumb\",\"itemListElement\":[{\"@type\":\"ListItem\",\"position\":1,\"name\":\"Portada\",\"item\":\"https:\/\/huanca.org\/lumifer\/\"},{\"@type\":\"ListItem\",\"position\":2,\"name\":\"Productos\",\"item\":\"https:\/\/huanca.org\/lumifer\/shop\/\"},{\"@type\":\"ListItem\",\"position\":3,\"name\":\"Led Linear Pendat 36W\/840 Marca Ledvance\"}]},{\"@type\":\"WebSite\",\"@id\":\"https:\/\/huanca.org\/lumifer\/#website\",\"url\":\"https:\/\/huanca.org\/lumifer\/\",\"name\":\"Ferrekasa\",\"description\":\"Tenemos los mejores productos en iluminaci\u00f3n, cerrajer\u00eda, decoraci\u00f3n del hogar y m\u00e1s.\",\"publisher\":{\"@id\":\"https:\/\/huanca.org\/lumifer\/#organization\"},\"potentialAction\":[{\"@type\":\"SearchAction\",\"target\":{\"@type\":\"EntryPoint\",\"urlTemplate\":\"https:\/\/huanca.org\/lumifer\/?s={search_term_string}\"},\"query-input\":{\"@type\":\"PropertyValueSpecification\",\"valueRequired\":true,\"valueName\":\"search_term_string\"}}],\"inLanguage\":\"es\"},{\"@type\":\"Organization\",\"@id\":\"https:\/\/huanca.org\/lumifer\/#organization\",\"name\":\"Ferrekasa\",\"url\":\"https:\/\/huanca.org\/lumifer\/\",\"logo\":{\"@type\":\"ImageObject\",\"inLanguage\":\"es\",\"@id\":\"https:\/\/huanca.org\/lumifer\/#\/schema\/logo\/image\/\",\"url\":\"https:\/\/huanca.org\/lumifer\/wp-content\/uploads\/2024\/07\/Logo_Ferrekasa.svg\",\"contentUrl\":\"https:\/\/huanca.org\/lumifer\/wp-content\/uploads\/2024\/07\/Logo_Ferrekasa.svg\",\"width\":177,\"height\":112,\"caption\":\"Ferrekasa\"},\"image\":{\"@id\":\"https:\/\/huanca.org\/lumifer\/#\/schema\/logo\/image\/\"},\"sameAs\":[\"https:\/\/www.facebook.com\/FERREKASACOMERCIAL\/\"]}]}<\/script>\n<!-- \/ Yoast SEO plugin. -->","yoast_head_json":{"title":"Led Linear Pendat 36W\/840 Marca Ledvance - Ferrekasa","robots":{"index":"index","follow":"follow","max-snippet":"max-snippet:-1","max-image-preview":"max-image-preview:large","max-video-preview":"max-video-preview:-1"},"canonical":"https:\/\/huanca.org\/lumifer\/producto\/led-linear-pendat-36w-840-marca-ledvance\/","og_locale":"es_ES","og_type":"article","og_title":"Led Linear Pendat 36W\/840 Marca Ledvance - Ferrekasa","og_description":"&nbsp;   Tama\u00f1o: 1265 x 315 x 200  Temperatura de color:\u00a0 4000k Luz Neutra  Potencia: 36W  \u00cdndice de protecci\u00f3n: IP20  M\u00ednima y M\u00e1xima Temperatura de Utilizaci\u00f3n -20\u00b0~ +50\u00b0  M\u00ednima y M\u00e1xima Temperatura de Almacenaje -20\u00b0~ +70\u00b0  Material:\u00a0 Aluminio \/ Difusor de Policarbonato  Eficacia luminosa: 3 300 lm  Lumenes(lm):\u00a01200lm  Tenci\u00f3n nominal:\u00a0 100 - 277 V  Eficiencia : &gt;90 lm\/W  Colores: Gris  Vida \u00fatil: 50 000 hrs","og_url":"https:\/\/huanca.org\/lumifer\/producto\/led-linear-pendat-36w-840-marca-ledvance\/","og_site_name":"Ferrekasa","article_publisher":"https:\/\/www.facebook.com\/FERREKASACOMERCIAL\/","article_modified_time":"2024-11-27T20:10:17+00:00","og_image":[{"width":731,"height":648,"url":"https:\/\/huanca.org\/lumifer\/wp-content\/uploads\/2024\/11\/8w3idj.jpg","type":"image\/jpeg"}],"twitter_card":"summary_large_image","twitter_misc":{"Tiempo de lectura":"1 minuto"},"schema":{"@context":"https:\/\/schema.org","@graph":[{"@type":"WebPage","@id":"https:\/\/huanca.org\/lumifer\/producto\/led-linear-pendat-36w-840-marca-ledvance\/","url":"https:\/\/huanca.org\/lumifer\/producto\/led-linear-pendat-36w-840-marca-ledvance\/","name":"Led Linear Pendat 36W\/840 Marca Ledvance - Ferrekasa","isPartOf":{"@id":"https:\/\/huanca.org\/lumifer\/#website"},"primaryImageOfPage":{"@id":"https:\/\/huanca.org\/lumifer\/producto\/led-linear-pendat-36w-840-marca-ledvance\/#primaryimage"},"image":{"@id":"https:\/\/huanca.org\/lumifer\/producto\/led-linear-pendat-36w-840-marca-ledvance\/#primaryimage"},"thumbnailUrl":"https:\/\/huanca.org\/lumifer\/wp-content\/uploads\/2024\/11\/8w3idj.jpg","datePublished":"2024-11-18T16:49:49+00:00","dateModified":"2024-11-27T20:10:17+00:00","breadcrumb":{"@id":"https:\/\/huanca.org\/lumifer\/producto\/led-linear-pendat-36w-840-marca-ledvance\/#breadcrumb"},"inLanguage":"es","potentialAction":[{"@type":"ReadAction","target":["https:\/\/huanca.org\/lumifer\/producto\/led-linear-pendat-36w-840-marca-ledvance\/"]}]},{"@type":"ImageObject","inLanguage":"es","@id":"https:\/\/huanca.org\/lumifer\/producto\/led-linear-pendat-36w-840-marca-ledvance\/#primaryimage","url":"https:\/\/huanca.org\/lumifer\/wp-content\/uploads\/2024\/11\/8w3idj.jpg","contentUrl":"https:\/\/huanca.org\/lumifer\/wp-content\/uploads\/2024\/11\/8w3idj.jpg","width":731,"height":648},{"@type":"BreadcrumbList","@id":"https:\/\/huanca.org\/lumifer\/producto\/led-linear-pendat-36w-840-marca-ledvance\/#breadcrumb","itemListElement":[{"@type":"ListItem","position":1,"name":"Portada","item":"https:\/\/huanca.org\/lumifer\/"},{"@type":"ListItem","position":2,"name":"Productos","item":"https:\/\/huanca.org\/lumifer\/shop\/"},{"@type":"ListItem","position":3,"name":"Led Linear Pendat 36W\/840 Marca Ledvance"}]},{"@type":"WebSite","@id":"https:\/\/huanca.org\/lumifer\/#website","url":"https:\/\/huanca.org\/lumifer\/","name":"Ferrekasa","description":"Tenemos los mejores productos en iluminaci\u00f3n, cerrajer\u00eda, decoraci\u00f3n del hogar y m\u00e1s.","publisher":{"@id":"https:\/\/huanca.org\/lumifer\/#organization"},"potentialAction":[{"@type":"SearchAction","target":{"@type":"EntryPoint","urlTemplate":"https:\/\/huanca.org\/lumifer\/?s={search_term_string}"},"query-input":{"@type":"PropertyValueSpecification","valueRequired":true,"valueName":"search_term_string"}}],"inLanguage":"es"},{"@type":"Organization","@id":"https:\/\/huanca.org\/lumifer\/#organization","name":"Ferrekasa","url":"https:\/\/huanca.org\/lumifer\/","logo":{"@type":"ImageObject","inLanguage":"es","@id":"https:\/\/huanca.org\/lumifer\/#\/schema\/logo\/image\/","url":"https:\/\/huanca.org\/lumifer\/wp-content\/uploads\/2024\/07\/Logo_Ferrekasa.svg","contentUrl":"https:\/\/huanca.org\/lumifer\/wp-content\/uploads\/2024\/07\/Logo_Ferrekasa.svg","width":177,"height":112,"caption":"Ferrekasa"},"image":{"@id":"https:\/\/huanca.org\/lumifer\/#\/schema\/logo\/image\/"},"sameAs":["https:\/\/www.facebook.com\/FERREKASACOMERCIAL\/"]}]}},"_links":{"self":[{"href":"https:\/\/huanca.org\/lumifer\/wp-json\/wp\/v2\/product\/4871","targetHints":{"allow":["GET"]}}],"collection":[{"href":"https:\/\/huanca.org\/lumifer\/wp-json\/wp\/v2\/product"}],"about":[{"href":"https:\/\/huanca.org\/lumifer\/wp-json\/wp\/v2\/types\/product"}],"version-history":[{"count":0,"href":"https:\/\/huanca.org\/lumifer\/wp-json\/wp\/v2\/product\/4871\/revisions"}],"wp:featuredmedia":[{"embeddable":true,"href":"https:\/\/huanca.org\/lumifer\/wp-json\/wp\/v2\/media\/4872"}],"wp:attachment":[{"href":"https:\/\/huanca.org\/lumifer\/wp-json\/wp\/v2\/media?parent=4871"}],"wp:term":[{"taxonomy":"product_brand","embeddable":true,"href":"https:\/\/huanca.org\/lumifer\/wp-json\/wp\/v2\/product_brand?post=4871"},{"taxonomy":"product_cat","embeddable":true,"href":"https:\/\/huanca.org\/lumifer\/wp-json\/wp\/v2\/product_cat?post=4871"},{"taxonomy":"product_tag","embeddable":true,"href":"https:\/\/huanca.org\/lumifer\/wp-json\/wp\/v2\/product_tag?post=4871"}],"curies":[{"name":"wp","href":"https:\/\/api.w.org\/{rel}","templated":true}]}}