{"id":4071,"date":"2024-11-02T12:45:19","date_gmt":"2024-11-02T17:45:19","guid":{"rendered":"https:\/\/ferrekasa.com.pe\/?post_type=product&#038;p=4071"},"modified":"2024-11-04T16:52:11","modified_gmt":"2024-11-04T21:52:11","slug":"spot-de-riel-belotti-gu10","status":"publish","type":"product","link":"https:\/\/huanca.org\/lumifer\/producto\/spot-de-riel-belotti-gu10\/","title":{"rendered":"Spot de Riel Belotti GU10"},"content":{"rendered":"","protected":false},"excerpt":{"rendered":"<p>\u00a1La TOP en ventas para iluminaci\u00f3n en sistemas de Rieles LED lleg\u00f3 nuevamente!<\/p>\n<ul class=\"ui-vpp-highlighted-specs__features-list\">\n<li><strong>Tipo de socket:<\/strong>\u00a0<span style=\"color: #ff0000\"><strong>GU10<\/strong><\/span><\/li>\n<li><strong>Tipo de material:<\/strong> aluminio extruido<\/li>\n<li><strong>Voltaje:<\/strong>\u00a0100-240 V<\/li>\n<li><strong>Medidas:<\/strong> 7.3 x 6.5 cm<\/li>\n<li><strong>Color:<\/strong>\u00a0Negro y Blanco<\/li>\n<li><strong>Es dimmable:<\/strong>\u00a0No<\/li>\n<li>\u00a0<strong>Estilo de instalaci\u00f3n:<\/strong>\u00a0montado en superficie<\/li>\n<li>\u00a0<strong>Conexi\u00f3n:<\/strong>\u00a0220VAC<\/li>\n<li><strong>Potencia por foco: 50<\/strong><\/li>\n<li class=\"ui-vpp-highlighted-specs__features-list-item ui-pdp-color--BLACK ui-pdp-size--XSMALL ui-pdp-family--REGULAR\">Dise\u00f1ada para l\u00e1mparas led.<\/li>\n<li class=\"ui-vpp-highlighted-specs__features-list-item ui-pdp-color--BLACK ui-pdp-size--XSMALL ui-pdp-family--REGULAR\">Apta para ser colocada en ambientes interiores.<\/li>\n<li class=\"ui-vpp-highlighted-specs__features-list-item ui-pdp-color--BLACK ui-pdp-size--XSMALL ui-pdp-family--REGULAR\"><strong>No incluye foco<\/strong><\/li>\n<\/ul>\n","protected":false},"featured_media":4128,"template":"","meta":[],"product_brand":[],"product_cat":[59],"product_tag":[],"class_list":{"0":"post-4071","1":"product","2":"type-product","3":"status-publish","4":"has-post-thumbnail","6":"product_cat-spot-de-riel-pequenos-dicroicolled","8":"first","9":"instock","10":"shipping-taxable","11":"product-type-simple"},"yoast_head":"<!-- This site is optimized with the Yoast SEO plugin v25.7 - https:\/\/yoast.com\/wordpress\/plugins\/seo\/ -->\n<title>Spot de Riel Belotti GU10 - Ferrekasa<\/title>\n<meta name=\"robots\" content=\"index, follow, max-snippet:-1, max-image-preview:large, max-video-preview:-1\" \/>\n<link rel=\"canonical\" href=\"https:\/\/huanca.org\/lumifer\/producto\/spot-de-riel-belotti-gu10\/\" \/>\n<meta property=\"og:locale\" content=\"es_ES\" \/>\n<meta property=\"og:type\" content=\"article\" \/>\n<meta property=\"og:title\" content=\"Spot de Riel Belotti GU10 - Ferrekasa\" \/>\n<meta property=\"og:description\" content=\"\u00a1La TOP en ventas para iluminaci\u00f3n en sistemas de Rieles LED lleg\u00f3 nuevamente!   Tipo de socket:\u00a0GU10  Tipo de material: aluminio extruido  Voltaje:\u00a0100-240 V  Medidas: 7.3 x 6.5 cm  Color:\u00a0Negro y Blanco  Es dimmable:\u00a0No  \u00a0Estilo de instalaci\u00f3n:\u00a0montado en superficie  \u00a0Conexi\u00f3n:\u00a0220VAC  Potencia por foco: 50  Dise\u00f1ada para l\u00e1mparas led.  Apta para ser colocada en ambientes interiores.  No incluye foco\" \/>\n<meta property=\"og:url\" content=\"https:\/\/huanca.org\/lumifer\/producto\/spot-de-riel-belotti-gu10\/\" \/>\n<meta property=\"og:site_name\" content=\"Ferrekasa\" \/>\n<meta property=\"article:publisher\" content=\"https:\/\/www.facebook.com\/FERREKASACOMERCIAL\/\" \/>\n<meta property=\"article:modified_time\" content=\"2024-11-04T21:52:11+00:00\" \/>\n<meta property=\"og:image\" content=\"https:\/\/huanca.org\/lumifer\/wp-content\/uploads\/2024\/11\/ww.jpg\" \/>\n\t<meta property=\"og:image:width\" content=\"750\" \/>\n\t<meta property=\"og:image:height\" content=\"650\" \/>\n\t<meta property=\"og:image:type\" content=\"image\/jpeg\" \/>\n<meta name=\"twitter:card\" content=\"summary_large_image\" \/>\n<meta name=\"twitter:label1\" content=\"Tiempo de lectura\" \/>\n\t<meta name=\"twitter:data1\" content=\"1 minuto\" \/>\n<script type=\"application\/ld+json\" class=\"yoast-schema-graph\">{\"@context\":\"https:\/\/schema.org\",\"@graph\":[{\"@type\":\"WebPage\",\"@id\":\"https:\/\/huanca.org\/lumifer\/producto\/spot-de-riel-belotti-gu10\/\",\"url\":\"https:\/\/huanca.org\/lumifer\/producto\/spot-de-riel-belotti-gu10\/\",\"name\":\"Spot de Riel Belotti GU10 - Ferrekasa\",\"isPartOf\":{\"@id\":\"https:\/\/huanca.org\/lumifer\/#website\"},\"primaryImageOfPage\":{\"@id\":\"https:\/\/huanca.org\/lumifer\/producto\/spot-de-riel-belotti-gu10\/#primaryimage\"},\"image\":{\"@id\":\"https:\/\/huanca.org\/lumifer\/producto\/spot-de-riel-belotti-gu10\/#primaryimage\"},\"thumbnailUrl\":\"https:\/\/huanca.org\/lumifer\/wp-content\/uploads\/2024\/11\/ww.jpg\",\"datePublished\":\"2024-11-02T17:45:19+00:00\",\"dateModified\":\"2024-11-04T21:52:11+00:00\",\"breadcrumb\":{\"@id\":\"https:\/\/huanca.org\/lumifer\/producto\/spot-de-riel-belotti-gu10\/#breadcrumb\"},\"inLanguage\":\"es\",\"potentialAction\":[{\"@type\":\"ReadAction\",\"target\":[\"https:\/\/huanca.org\/lumifer\/producto\/spot-de-riel-belotti-gu10\/\"]}]},{\"@type\":\"ImageObject\",\"inLanguage\":\"es\",\"@id\":\"https:\/\/huanca.org\/lumifer\/producto\/spot-de-riel-belotti-gu10\/#primaryimage\",\"url\":\"https:\/\/huanca.org\/lumifer\/wp-content\/uploads\/2024\/11\/ww.jpg\",\"contentUrl\":\"https:\/\/huanca.org\/lumifer\/wp-content\/uploads\/2024\/11\/ww.jpg\",\"width\":750,\"height\":650},{\"@type\":\"BreadcrumbList\",\"@id\":\"https:\/\/huanca.org\/lumifer\/producto\/spot-de-riel-belotti-gu10\/#breadcrumb\",\"itemListElement\":[{\"@type\":\"ListItem\",\"position\":1,\"name\":\"Portada\",\"item\":\"https:\/\/huanca.org\/lumifer\/\"},{\"@type\":\"ListItem\",\"position\":2,\"name\":\"Productos\",\"item\":\"https:\/\/huanca.org\/lumifer\/shop\/\"},{\"@type\":\"ListItem\",\"position\":3,\"name\":\"Spot de Riel Belotti GU10\"}]},{\"@type\":\"WebSite\",\"@id\":\"https:\/\/huanca.org\/lumifer\/#website\",\"url\":\"https:\/\/huanca.org\/lumifer\/\",\"name\":\"Ferrekasa\",\"description\":\"Tenemos los mejores productos en iluminaci\u00f3n, cerrajer\u00eda, decoraci\u00f3n del hogar y m\u00e1s.\",\"publisher\":{\"@id\":\"https:\/\/huanca.org\/lumifer\/#organization\"},\"potentialAction\":[{\"@type\":\"SearchAction\",\"target\":{\"@type\":\"EntryPoint\",\"urlTemplate\":\"https:\/\/huanca.org\/lumifer\/?s={search_term_string}\"},\"query-input\":{\"@type\":\"PropertyValueSpecification\",\"valueRequired\":true,\"valueName\":\"search_term_string\"}}],\"inLanguage\":\"es\"},{\"@type\":\"Organization\",\"@id\":\"https:\/\/huanca.org\/lumifer\/#organization\",\"name\":\"Ferrekasa\",\"url\":\"https:\/\/huanca.org\/lumifer\/\",\"logo\":{\"@type\":\"ImageObject\",\"inLanguage\":\"es\",\"@id\":\"https:\/\/huanca.org\/lumifer\/#\/schema\/logo\/image\/\",\"url\":\"https:\/\/huanca.org\/lumifer\/wp-content\/uploads\/2024\/07\/Logo_Ferrekasa.svg\",\"contentUrl\":\"https:\/\/huanca.org\/lumifer\/wp-content\/uploads\/2024\/07\/Logo_Ferrekasa.svg\",\"width\":177,\"height\":112,\"caption\":\"Ferrekasa\"},\"image\":{\"@id\":\"https:\/\/huanca.org\/lumifer\/#\/schema\/logo\/image\/\"},\"sameAs\":[\"https:\/\/www.facebook.com\/FERREKASACOMERCIAL\/\"]}]}<\/script>\n<!-- \/ Yoast SEO plugin. -->","yoast_head_json":{"title":"Spot de Riel Belotti GU10 - Ferrekasa","robots":{"index":"index","follow":"follow","max-snippet":"max-snippet:-1","max-image-preview":"max-image-preview:large","max-video-preview":"max-video-preview:-1"},"canonical":"https:\/\/huanca.org\/lumifer\/producto\/spot-de-riel-belotti-gu10\/","og_locale":"es_ES","og_type":"article","og_title":"Spot de Riel Belotti GU10 - Ferrekasa","og_description":"\u00a1La TOP en ventas para iluminaci\u00f3n en sistemas de Rieles LED lleg\u00f3 nuevamente!   Tipo de socket:\u00a0GU10  Tipo de material: aluminio extruido  Voltaje:\u00a0100-240 V  Medidas: 7.3 x 6.5 cm  Color:\u00a0Negro y Blanco  Es dimmable:\u00a0No  \u00a0Estilo de instalaci\u00f3n:\u00a0montado en superficie  \u00a0Conexi\u00f3n:\u00a0220VAC  Potencia por foco: 50  Dise\u00f1ada para l\u00e1mparas led.  Apta para ser colocada en ambientes interiores.  No incluye foco","og_url":"https:\/\/huanca.org\/lumifer\/producto\/spot-de-riel-belotti-gu10\/","og_site_name":"Ferrekasa","article_publisher":"https:\/\/www.facebook.com\/FERREKASACOMERCIAL\/","article_modified_time":"2024-11-04T21:52:11+00:00","og_image":[{"width":750,"height":650,"url":"https:\/\/huanca.org\/lumifer\/wp-content\/uploads\/2024\/11\/ww.jpg","type":"image\/jpeg"}],"twitter_card":"summary_large_image","twitter_misc":{"Tiempo de lectura":"1 minuto"},"schema":{"@context":"https:\/\/schema.org","@graph":[{"@type":"WebPage","@id":"https:\/\/huanca.org\/lumifer\/producto\/spot-de-riel-belotti-gu10\/","url":"https:\/\/huanca.org\/lumifer\/producto\/spot-de-riel-belotti-gu10\/","name":"Spot de Riel Belotti GU10 - Ferrekasa","isPartOf":{"@id":"https:\/\/huanca.org\/lumifer\/#website"},"primaryImageOfPage":{"@id":"https:\/\/huanca.org\/lumifer\/producto\/spot-de-riel-belotti-gu10\/#primaryimage"},"image":{"@id":"https:\/\/huanca.org\/lumifer\/producto\/spot-de-riel-belotti-gu10\/#primaryimage"},"thumbnailUrl":"https:\/\/huanca.org\/lumifer\/wp-content\/uploads\/2024\/11\/ww.jpg","datePublished":"2024-11-02T17:45:19+00:00","dateModified":"2024-11-04T21:52:11+00:00","breadcrumb":{"@id":"https:\/\/huanca.org\/lumifer\/producto\/spot-de-riel-belotti-gu10\/#breadcrumb"},"inLanguage":"es","potentialAction":[{"@type":"ReadAction","target":["https:\/\/huanca.org\/lumifer\/producto\/spot-de-riel-belotti-gu10\/"]}]},{"@type":"ImageObject","inLanguage":"es","@id":"https:\/\/huanca.org\/lumifer\/producto\/spot-de-riel-belotti-gu10\/#primaryimage","url":"https:\/\/huanca.org\/lumifer\/wp-content\/uploads\/2024\/11\/ww.jpg","contentUrl":"https:\/\/huanca.org\/lumifer\/wp-content\/uploads\/2024\/11\/ww.jpg","width":750,"height":650},{"@type":"BreadcrumbList","@id":"https:\/\/huanca.org\/lumifer\/producto\/spot-de-riel-belotti-gu10\/#breadcrumb","itemListElement":[{"@type":"ListItem","position":1,"name":"Portada","item":"https:\/\/huanca.org\/lumifer\/"},{"@type":"ListItem","position":2,"name":"Productos","item":"https:\/\/huanca.org\/lumifer\/shop\/"},{"@type":"ListItem","position":3,"name":"Spot de Riel Belotti GU10"}]},{"@type":"WebSite","@id":"https:\/\/huanca.org\/lumifer\/#website","url":"https:\/\/huanca.org\/lumifer\/","name":"Ferrekasa","description":"Tenemos los mejores productos en iluminaci\u00f3n, cerrajer\u00eda, decoraci\u00f3n del hogar y m\u00e1s.","publisher":{"@id":"https:\/\/huanca.org\/lumifer\/#organization"},"potentialAction":[{"@type":"SearchAction","target":{"@type":"EntryPoint","urlTemplate":"https:\/\/huanca.org\/lumifer\/?s={search_term_string}"},"query-input":{"@type":"PropertyValueSpecification","valueRequired":true,"valueName":"search_term_string"}}],"inLanguage":"es"},{"@type":"Organization","@id":"https:\/\/huanca.org\/lumifer\/#organization","name":"Ferrekasa","url":"https:\/\/huanca.org\/lumifer\/","logo":{"@type":"ImageObject","inLanguage":"es","@id":"https:\/\/huanca.org\/lumifer\/#\/schema\/logo\/image\/","url":"https:\/\/huanca.org\/lumifer\/wp-content\/uploads\/2024\/07\/Logo_Ferrekasa.svg","contentUrl":"https:\/\/huanca.org\/lumifer\/wp-content\/uploads\/2024\/07\/Logo_Ferrekasa.svg","width":177,"height":112,"caption":"Ferrekasa"},"image":{"@id":"https:\/\/huanca.org\/lumifer\/#\/schema\/logo\/image\/"},"sameAs":["https:\/\/www.facebook.com\/FERREKASACOMERCIAL\/"]}]}},"_links":{"self":[{"href":"https:\/\/huanca.org\/lumifer\/wp-json\/wp\/v2\/product\/4071","targetHints":{"allow":["GET"]}}],"collection":[{"href":"https:\/\/huanca.org\/lumifer\/wp-json\/wp\/v2\/product"}],"about":[{"href":"https:\/\/huanca.org\/lumifer\/wp-json\/wp\/v2\/types\/product"}],"version-history":[{"count":0,"href":"https:\/\/huanca.org\/lumifer\/wp-json\/wp\/v2\/product\/4071\/revisions"}],"wp:featuredmedia":[{"embeddable":true,"href":"https:\/\/huanca.org\/lumifer\/wp-json\/wp\/v2\/media\/4128"}],"wp:attachment":[{"href":"https:\/\/huanca.org\/lumifer\/wp-json\/wp\/v2\/media?parent=4071"}],"wp:term":[{"taxonomy":"product_brand","embeddable":true,"href":"https:\/\/huanca.org\/lumifer\/wp-json\/wp\/v2\/product_brand?post=4071"},{"taxonomy":"product_cat","embeddable":true,"href":"https:\/\/huanca.org\/lumifer\/wp-json\/wp\/v2\/product_cat?post=4071"},{"taxonomy":"product_tag","embeddable":true,"href":"https:\/\/huanca.org\/lumifer\/wp-json\/wp\/v2\/product_tag?post=4071"}],"curies":[{"name":"wp","href":"https:\/\/api.w.org\/{rel}","templated":true}]}}