{"id":3376,"date":"2024-09-05T12:21:23","date_gmt":"2024-09-05T17:21:23","guid":{"rendered":"https:\/\/ferrekasa.com.pe\/?post_type=product&#038;p=3376"},"modified":"2024-09-05T12:47:12","modified_gmt":"2024-09-05T17:47:12","slug":"lampara-de-pie-marte-negro-11w","status":"publish","type":"product","link":"https:\/\/huanca.org\/lumifer\/producto\/lampara-de-pie-marte-negro-11w\/","title":{"rendered":"L\u00e1mpara de Pie Marte Negro 11w"},"content":{"rendered":"","protected":false},"excerpt":{"rendered":"<p>L\u00e1mpara de pie Color Negro, Potencia 11W. Temperatura dimeable de 2700K-4500K-6500K<\/p>\n<ul>\n<li>Modelo: Marte Negro<\/li>\n<li>LED SMD: 2835 &#8211; 24pcs<\/li>\n<li>L\u00famenes:\u00a0500lm<\/li>\n<li>Memoria de \u00faltima funci\u00f3n:\u00a0Si<\/li>\n<li>Material del cuerpo : ABS<\/li>\n<li>Dimensiones: 145x24x24Cm<\/li>\n<li>Temperatura: 2700K-4500K-6500K<\/li>\n<\/ul>\n","protected":false},"featured_media":3377,"template":"","meta":[],"product_brand":[],"product_cat":[77,243,19],"product_tag":[],"class_list":{"0":"post-3376","1":"product","2":"type-product","3":"status-publish","4":"has-post-thumbnail","6":"product_cat-lampara-de-mesa-colgante-y-escritorio","7":"product_cat-lampara-de-pie","8":"product_cat-luminarias-decorativo-interior","10":"first","11":"instock","12":"shipping-taxable","13":"product-type-simple"},"yoast_head":"<!-- This site is optimized with the Yoast SEO plugin v25.7 - https:\/\/yoast.com\/wordpress\/plugins\/seo\/ -->\n<title>L\u00e1mpara de Pie Marte Negro 11w - Ferrekasa<\/title>\n<meta name=\"robots\" content=\"index, follow, max-snippet:-1, max-image-preview:large, max-video-preview:-1\" \/>\n<link rel=\"canonical\" href=\"https:\/\/huanca.org\/lumifer\/producto\/lampara-de-pie-marte-negro-11w\/\" \/>\n<meta property=\"og:locale\" content=\"es_ES\" \/>\n<meta property=\"og:type\" content=\"article\" \/>\n<meta property=\"og:title\" content=\"L\u00e1mpara de Pie Marte Negro 11w - Ferrekasa\" \/>\n<meta property=\"og:description\" content=\"L\u00e1mpara de pie Color Negro, Potencia 11W. Temperatura dimeable de 2700K-4500K-6500K   Modelo: Marte Negro  LED SMD: 2835 - 24pcs  L\u00famenes:\u00a0500lm  Memoria de \u00faltima funci\u00f3n:\u00a0Si  Material del cuerpo : ABS  Dimensiones: 145x24x24Cm  Temperatura: 2700K-4500K-6500K\" \/>\n<meta property=\"og:url\" content=\"https:\/\/huanca.org\/lumifer\/producto\/lampara-de-pie-marte-negro-11w\/\" \/>\n<meta property=\"og:site_name\" content=\"Ferrekasa\" \/>\n<meta property=\"article:publisher\" content=\"https:\/\/www.facebook.com\/FERREKASACOMERCIAL\/\" \/>\n<meta property=\"article:modified_time\" content=\"2024-09-05T17:47:12+00:00\" \/>\n<meta property=\"og:image\" content=\"https:\/\/huanca.org\/lumifer\/wp-content\/uploads\/2024\/09\/marte-negro-lampara-de-pie-11w-vista-1.jpg\" \/>\n\t<meta property=\"og:image:width\" content=\"800\" \/>\n\t<meta property=\"og:image:height\" content=\"800\" \/>\n\t<meta property=\"og:image:type\" content=\"image\/jpeg\" \/>\n<meta name=\"twitter:card\" content=\"summary_large_image\" \/>\n<meta name=\"twitter:label1\" content=\"Tiempo de lectura\" \/>\n\t<meta name=\"twitter:data1\" content=\"1 minuto\" \/>\n<script type=\"application\/ld+json\" class=\"yoast-schema-graph\">{\"@context\":\"https:\/\/schema.org\",\"@graph\":[{\"@type\":\"WebPage\",\"@id\":\"https:\/\/huanca.org\/lumifer\/producto\/lampara-de-pie-marte-negro-11w\/\",\"url\":\"https:\/\/huanca.org\/lumifer\/producto\/lampara-de-pie-marte-negro-11w\/\",\"name\":\"L\u00e1mpara de Pie Marte Negro 11w - Ferrekasa\",\"isPartOf\":{\"@id\":\"https:\/\/huanca.org\/lumifer\/#website\"},\"primaryImageOfPage\":{\"@id\":\"https:\/\/huanca.org\/lumifer\/producto\/lampara-de-pie-marte-negro-11w\/#primaryimage\"},\"image\":{\"@id\":\"https:\/\/huanca.org\/lumifer\/producto\/lampara-de-pie-marte-negro-11w\/#primaryimage\"},\"thumbnailUrl\":\"https:\/\/huanca.org\/lumifer\/wp-content\/uploads\/2024\/09\/marte-negro-lampara-de-pie-11w-vista-1.jpg\",\"datePublished\":\"2024-09-05T17:21:23+00:00\",\"dateModified\":\"2024-09-05T17:47:12+00:00\",\"breadcrumb\":{\"@id\":\"https:\/\/huanca.org\/lumifer\/producto\/lampara-de-pie-marte-negro-11w\/#breadcrumb\"},\"inLanguage\":\"es\",\"potentialAction\":[{\"@type\":\"ReadAction\",\"target\":[\"https:\/\/huanca.org\/lumifer\/producto\/lampara-de-pie-marte-negro-11w\/\"]}]},{\"@type\":\"ImageObject\",\"inLanguage\":\"es\",\"@id\":\"https:\/\/huanca.org\/lumifer\/producto\/lampara-de-pie-marte-negro-11w\/#primaryimage\",\"url\":\"https:\/\/huanca.org\/lumifer\/wp-content\/uploads\/2024\/09\/marte-negro-lampara-de-pie-11w-vista-1.jpg\",\"contentUrl\":\"https:\/\/huanca.org\/lumifer\/wp-content\/uploads\/2024\/09\/marte-negro-lampara-de-pie-11w-vista-1.jpg\",\"width\":800,\"height\":800,\"caption\":\"marte-negro-lampara-de-pie-11w-vista-1\"},{\"@type\":\"BreadcrumbList\",\"@id\":\"https:\/\/huanca.org\/lumifer\/producto\/lampara-de-pie-marte-negro-11w\/#breadcrumb\",\"itemListElement\":[{\"@type\":\"ListItem\",\"position\":1,\"name\":\"Portada\",\"item\":\"https:\/\/huanca.org\/lumifer\/\"},{\"@type\":\"ListItem\",\"position\":2,\"name\":\"Productos\",\"item\":\"https:\/\/huanca.org\/lumifer\/shop\/\"},{\"@type\":\"ListItem\",\"position\":3,\"name\":\"L\u00e1mpara de Pie Marte Negro 11w\"}]},{\"@type\":\"WebSite\",\"@id\":\"https:\/\/huanca.org\/lumifer\/#website\",\"url\":\"https:\/\/huanca.org\/lumifer\/\",\"name\":\"Ferrekasa\",\"description\":\"Tenemos los mejores productos en iluminaci\u00f3n, cerrajer\u00eda, decoraci\u00f3n del hogar y m\u00e1s.\",\"publisher\":{\"@id\":\"https:\/\/huanca.org\/lumifer\/#organization\"},\"potentialAction\":[{\"@type\":\"SearchAction\",\"target\":{\"@type\":\"EntryPoint\",\"urlTemplate\":\"https:\/\/huanca.org\/lumifer\/?s={search_term_string}\"},\"query-input\":{\"@type\":\"PropertyValueSpecification\",\"valueRequired\":true,\"valueName\":\"search_term_string\"}}],\"inLanguage\":\"es\"},{\"@type\":\"Organization\",\"@id\":\"https:\/\/huanca.org\/lumifer\/#organization\",\"name\":\"Ferrekasa\",\"url\":\"https:\/\/huanca.org\/lumifer\/\",\"logo\":{\"@type\":\"ImageObject\",\"inLanguage\":\"es\",\"@id\":\"https:\/\/huanca.org\/lumifer\/#\/schema\/logo\/image\/\",\"url\":\"https:\/\/huanca.org\/lumifer\/wp-content\/uploads\/2024\/07\/Logo_Ferrekasa.svg\",\"contentUrl\":\"https:\/\/huanca.org\/lumifer\/wp-content\/uploads\/2024\/07\/Logo_Ferrekasa.svg\",\"width\":177,\"height\":112,\"caption\":\"Ferrekasa\"},\"image\":{\"@id\":\"https:\/\/huanca.org\/lumifer\/#\/schema\/logo\/image\/\"},\"sameAs\":[\"https:\/\/www.facebook.com\/FERREKASACOMERCIAL\/\"]}]}<\/script>\n<!-- \/ Yoast SEO plugin. -->","yoast_head_json":{"title":"L\u00e1mpara de Pie Marte Negro 11w - Ferrekasa","robots":{"index":"index","follow":"follow","max-snippet":"max-snippet:-1","max-image-preview":"max-image-preview:large","max-video-preview":"max-video-preview:-1"},"canonical":"https:\/\/huanca.org\/lumifer\/producto\/lampara-de-pie-marte-negro-11w\/","og_locale":"es_ES","og_type":"article","og_title":"L\u00e1mpara de Pie Marte Negro 11w - Ferrekasa","og_description":"L\u00e1mpara de pie Color Negro, Potencia 11W. Temperatura dimeable de 2700K-4500K-6500K   Modelo: Marte Negro  LED SMD: 2835 - 24pcs  L\u00famenes:\u00a0500lm  Memoria de \u00faltima funci\u00f3n:\u00a0Si  Material del cuerpo : ABS  Dimensiones: 145x24x24Cm  Temperatura: 2700K-4500K-6500K","og_url":"https:\/\/huanca.org\/lumifer\/producto\/lampara-de-pie-marte-negro-11w\/","og_site_name":"Ferrekasa","article_publisher":"https:\/\/www.facebook.com\/FERREKASACOMERCIAL\/","article_modified_time":"2024-09-05T17:47:12+00:00","og_image":[{"width":800,"height":800,"url":"https:\/\/huanca.org\/lumifer\/wp-content\/uploads\/2024\/09\/marte-negro-lampara-de-pie-11w-vista-1.jpg","type":"image\/jpeg"}],"twitter_card":"summary_large_image","twitter_misc":{"Tiempo de lectura":"1 minuto"},"schema":{"@context":"https:\/\/schema.org","@graph":[{"@type":"WebPage","@id":"https:\/\/huanca.org\/lumifer\/producto\/lampara-de-pie-marte-negro-11w\/","url":"https:\/\/huanca.org\/lumifer\/producto\/lampara-de-pie-marte-negro-11w\/","name":"L\u00e1mpara de Pie Marte Negro 11w - Ferrekasa","isPartOf":{"@id":"https:\/\/huanca.org\/lumifer\/#website"},"primaryImageOfPage":{"@id":"https:\/\/huanca.org\/lumifer\/producto\/lampara-de-pie-marte-negro-11w\/#primaryimage"},"image":{"@id":"https:\/\/huanca.org\/lumifer\/producto\/lampara-de-pie-marte-negro-11w\/#primaryimage"},"thumbnailUrl":"https:\/\/huanca.org\/lumifer\/wp-content\/uploads\/2024\/09\/marte-negro-lampara-de-pie-11w-vista-1.jpg","datePublished":"2024-09-05T17:21:23+00:00","dateModified":"2024-09-05T17:47:12+00:00","breadcrumb":{"@id":"https:\/\/huanca.org\/lumifer\/producto\/lampara-de-pie-marte-negro-11w\/#breadcrumb"},"inLanguage":"es","potentialAction":[{"@type":"ReadAction","target":["https:\/\/huanca.org\/lumifer\/producto\/lampara-de-pie-marte-negro-11w\/"]}]},{"@type":"ImageObject","inLanguage":"es","@id":"https:\/\/huanca.org\/lumifer\/producto\/lampara-de-pie-marte-negro-11w\/#primaryimage","url":"https:\/\/huanca.org\/lumifer\/wp-content\/uploads\/2024\/09\/marte-negro-lampara-de-pie-11w-vista-1.jpg","contentUrl":"https:\/\/huanca.org\/lumifer\/wp-content\/uploads\/2024\/09\/marte-negro-lampara-de-pie-11w-vista-1.jpg","width":800,"height":800,"caption":"marte-negro-lampara-de-pie-11w-vista-1"},{"@type":"BreadcrumbList","@id":"https:\/\/huanca.org\/lumifer\/producto\/lampara-de-pie-marte-negro-11w\/#breadcrumb","itemListElement":[{"@type":"ListItem","position":1,"name":"Portada","item":"https:\/\/huanca.org\/lumifer\/"},{"@type":"ListItem","position":2,"name":"Productos","item":"https:\/\/huanca.org\/lumifer\/shop\/"},{"@type":"ListItem","position":3,"name":"L\u00e1mpara de Pie Marte Negro 11w"}]},{"@type":"WebSite","@id":"https:\/\/huanca.org\/lumifer\/#website","url":"https:\/\/huanca.org\/lumifer\/","name":"Ferrekasa","description":"Tenemos los mejores productos en iluminaci\u00f3n, cerrajer\u00eda, decoraci\u00f3n del hogar y m\u00e1s.","publisher":{"@id":"https:\/\/huanca.org\/lumifer\/#organization"},"potentialAction":[{"@type":"SearchAction","target":{"@type":"EntryPoint","urlTemplate":"https:\/\/huanca.org\/lumifer\/?s={search_term_string}"},"query-input":{"@type":"PropertyValueSpecification","valueRequired":true,"valueName":"search_term_string"}}],"inLanguage":"es"},{"@type":"Organization","@id":"https:\/\/huanca.org\/lumifer\/#organization","name":"Ferrekasa","url":"https:\/\/huanca.org\/lumifer\/","logo":{"@type":"ImageObject","inLanguage":"es","@id":"https:\/\/huanca.org\/lumifer\/#\/schema\/logo\/image\/","url":"https:\/\/huanca.org\/lumifer\/wp-content\/uploads\/2024\/07\/Logo_Ferrekasa.svg","contentUrl":"https:\/\/huanca.org\/lumifer\/wp-content\/uploads\/2024\/07\/Logo_Ferrekasa.svg","width":177,"height":112,"caption":"Ferrekasa"},"image":{"@id":"https:\/\/huanca.org\/lumifer\/#\/schema\/logo\/image\/"},"sameAs":["https:\/\/www.facebook.com\/FERREKASACOMERCIAL\/"]}]}},"_links":{"self":[{"href":"https:\/\/huanca.org\/lumifer\/wp-json\/wp\/v2\/product\/3376","targetHints":{"allow":["GET"]}}],"collection":[{"href":"https:\/\/huanca.org\/lumifer\/wp-json\/wp\/v2\/product"}],"about":[{"href":"https:\/\/huanca.org\/lumifer\/wp-json\/wp\/v2\/types\/product"}],"version-history":[{"count":0,"href":"https:\/\/huanca.org\/lumifer\/wp-json\/wp\/v2\/product\/3376\/revisions"}],"wp:featuredmedia":[{"embeddable":true,"href":"https:\/\/huanca.org\/lumifer\/wp-json\/wp\/v2\/media\/3377"}],"wp:attachment":[{"href":"https:\/\/huanca.org\/lumifer\/wp-json\/wp\/v2\/media?parent=3376"}],"wp:term":[{"taxonomy":"product_brand","embeddable":true,"href":"https:\/\/huanca.org\/lumifer\/wp-json\/wp\/v2\/product_brand?post=3376"},{"taxonomy":"product_cat","embeddable":true,"href":"https:\/\/huanca.org\/lumifer\/wp-json\/wp\/v2\/product_cat?post=3376"},{"taxonomy":"product_tag","embeddable":true,"href":"https:\/\/huanca.org\/lumifer\/wp-json\/wp\/v2\/product_tag?post=3376"}],"curies":[{"name":"wp","href":"https:\/\/api.w.org\/{rel}","templated":true}]}}