{"id":3255,"date":"2024-09-04T12:16:00","date_gmt":"2024-09-04T17:16:00","guid":{"rendered":"https:\/\/ferrekasa.com.pe\/?post_type=product&#038;p=3255"},"modified":"2025-03-27T14:18:18","modified_gmt":"2025-03-27T19:18:18","slug":"spot-110mm-impermeable-caja100","status":"publish","type":"product","link":"https:\/\/huanca.org\/lumifer\/producto\/spot-110mm-impermeable-caja100\/","title":{"rendered":"Spot De Policarbonato P\/50mm Integrado 3w"},"content":{"rendered":"","protected":false},"excerpt":{"rendered":"<ul>\n<li><strong>TIPO DE LUZ :<\/strong>\u00a0<strong><span style=\"color: #ffcc99\">Luz C\u00e1lida 3000K<\/span>\u00a0\u2013\u00a0<span style=\"color: #99ccff\">Luz Blanca 6000k<\/span><\/strong><\/li>\n<li><strong>Material<\/strong> : Policarbonato<\/li>\n<li><strong>Color :<\/strong> Blanco<\/li>\n<li><strong>Potencia :<\/strong> 3w<\/li>\n<li><strong>Lumenes :<\/strong> 280 lm &#8211; 300lm<\/li>\n<li><strong>Perforaci\u00f3n :<\/strong> \u00d850mm<\/li>\n<li><strong>Corte : <\/strong>\u00d860mm<\/li>\n<li><strong>H :<\/strong> 30mm<\/li>\n<\/ul>\n","protected":false},"featured_media":12294,"template":"","meta":[],"product_brand":[],"product_cat":[101],"product_tag":[],"class_list":{"0":"post-3255","1":"product","2":"type-product","3":"status-publish","4":"has-post-thumbnail","6":"product_cat-spot-plano-empotrado","8":"first","9":"instock","10":"shipping-taxable","11":"product-type-simple"},"yoast_head":"<!-- This site is optimized with the Yoast SEO plugin v25.7 - https:\/\/yoast.com\/wordpress\/plugins\/seo\/ -->\n<title>Spot De Policarbonato P\/50mm Integrado 3w - Ferrekasa<\/title>\n<meta name=\"robots\" content=\"index, follow, max-snippet:-1, max-image-preview:large, max-video-preview:-1\" \/>\n<link rel=\"canonical\" href=\"https:\/\/huanca.org\/lumifer\/producto\/spot-110mm-impermeable-caja100\/\" \/>\n<meta property=\"og:locale\" content=\"es_ES\" \/>\n<meta property=\"og:type\" content=\"article\" \/>\n<meta property=\"og:title\" content=\"Spot De Policarbonato P\/50mm Integrado 3w - Ferrekasa\" \/>\n<meta property=\"og:description\" content=\"TIPO DE LUZ :\u00a0Luz C\u00e1lida 3000K\u00a0\u2013\u00a0Luz Blanca 6000k  Material : Policarbonato  Color : Blanco  Potencia : 3w  Lumenes : 280 lm - 300lm  Perforaci\u00f3n : \u00d850mm  Corte : \u00d860mm  H : 30mm\" \/>\n<meta property=\"og:url\" content=\"https:\/\/huanca.org\/lumifer\/producto\/spot-110mm-impermeable-caja100\/\" \/>\n<meta property=\"og:site_name\" content=\"Ferrekasa\" \/>\n<meta property=\"article:publisher\" content=\"https:\/\/www.facebook.com\/FERREKASACOMERCIAL\/\" \/>\n<meta property=\"article:modified_time\" content=\"2025-03-27T19:18:18+00:00\" \/>\n<meta property=\"og:image\" content=\"https:\/\/huanca.org\/lumifer\/wp-content\/uploads\/2024\/09\/categoria-y-producto-9.png\" \/>\n\t<meta property=\"og:image:width\" content=\"349\" \/>\n\t<meta property=\"og:image:height\" content=\"349\" \/>\n\t<meta property=\"og:image:type\" content=\"image\/png\" \/>\n<meta name=\"twitter:card\" content=\"summary_large_image\" \/>\n<meta name=\"twitter:label1\" content=\"Tiempo de lectura\" \/>\n\t<meta name=\"twitter:data1\" content=\"1 minuto\" \/>\n<script type=\"application\/ld+json\" class=\"yoast-schema-graph\">{\"@context\":\"https:\/\/schema.org\",\"@graph\":[{\"@type\":\"WebPage\",\"@id\":\"https:\/\/huanca.org\/lumifer\/producto\/spot-110mm-impermeable-caja100\/\",\"url\":\"https:\/\/huanca.org\/lumifer\/producto\/spot-110mm-impermeable-caja100\/\",\"name\":\"Spot De Policarbonato P\/50mm Integrado 3w - Ferrekasa\",\"isPartOf\":{\"@id\":\"https:\/\/huanca.org\/lumifer\/#website\"},\"primaryImageOfPage\":{\"@id\":\"https:\/\/huanca.org\/lumifer\/producto\/spot-110mm-impermeable-caja100\/#primaryimage\"},\"image\":{\"@id\":\"https:\/\/huanca.org\/lumifer\/producto\/spot-110mm-impermeable-caja100\/#primaryimage\"},\"thumbnailUrl\":\"https:\/\/huanca.org\/lumifer\/wp-content\/uploads\/2024\/09\/categoria-y-producto-9.png\",\"datePublished\":\"2024-09-04T17:16:00+00:00\",\"dateModified\":\"2025-03-27T19:18:18+00:00\",\"breadcrumb\":{\"@id\":\"https:\/\/huanca.org\/lumifer\/producto\/spot-110mm-impermeable-caja100\/#breadcrumb\"},\"inLanguage\":\"es\",\"potentialAction\":[{\"@type\":\"ReadAction\",\"target\":[\"https:\/\/huanca.org\/lumifer\/producto\/spot-110mm-impermeable-caja100\/\"]}]},{\"@type\":\"ImageObject\",\"inLanguage\":\"es\",\"@id\":\"https:\/\/huanca.org\/lumifer\/producto\/spot-110mm-impermeable-caja100\/#primaryimage\",\"url\":\"https:\/\/huanca.org\/lumifer\/wp-content\/uploads\/2024\/09\/categoria-y-producto-9.png\",\"contentUrl\":\"https:\/\/huanca.org\/lumifer\/wp-content\/uploads\/2024\/09\/categoria-y-producto-9.png\",\"width\":349,\"height\":349},{\"@type\":\"BreadcrumbList\",\"@id\":\"https:\/\/huanca.org\/lumifer\/producto\/spot-110mm-impermeable-caja100\/#breadcrumb\",\"itemListElement\":[{\"@type\":\"ListItem\",\"position\":1,\"name\":\"Portada\",\"item\":\"https:\/\/huanca.org\/lumifer\/\"},{\"@type\":\"ListItem\",\"position\":2,\"name\":\"Productos\",\"item\":\"https:\/\/huanca.org\/lumifer\/shop\/\"},{\"@type\":\"ListItem\",\"position\":3,\"name\":\"Spot De Policarbonato P\/50mm Integrado 3w\"}]},{\"@type\":\"WebSite\",\"@id\":\"https:\/\/huanca.org\/lumifer\/#website\",\"url\":\"https:\/\/huanca.org\/lumifer\/\",\"name\":\"Ferrekasa\",\"description\":\"Tenemos los mejores productos en iluminaci\u00f3n, cerrajer\u00eda, decoraci\u00f3n del hogar y m\u00e1s.\",\"publisher\":{\"@id\":\"https:\/\/huanca.org\/lumifer\/#organization\"},\"potentialAction\":[{\"@type\":\"SearchAction\",\"target\":{\"@type\":\"EntryPoint\",\"urlTemplate\":\"https:\/\/huanca.org\/lumifer\/?s={search_term_string}\"},\"query-input\":{\"@type\":\"PropertyValueSpecification\",\"valueRequired\":true,\"valueName\":\"search_term_string\"}}],\"inLanguage\":\"es\"},{\"@type\":\"Organization\",\"@id\":\"https:\/\/huanca.org\/lumifer\/#organization\",\"name\":\"Ferrekasa\",\"url\":\"https:\/\/huanca.org\/lumifer\/\",\"logo\":{\"@type\":\"ImageObject\",\"inLanguage\":\"es\",\"@id\":\"https:\/\/huanca.org\/lumifer\/#\/schema\/logo\/image\/\",\"url\":\"https:\/\/huanca.org\/lumifer\/wp-content\/uploads\/2024\/07\/Logo_Ferrekasa.svg\",\"contentUrl\":\"https:\/\/huanca.org\/lumifer\/wp-content\/uploads\/2024\/07\/Logo_Ferrekasa.svg\",\"width\":177,\"height\":112,\"caption\":\"Ferrekasa\"},\"image\":{\"@id\":\"https:\/\/huanca.org\/lumifer\/#\/schema\/logo\/image\/\"},\"sameAs\":[\"https:\/\/www.facebook.com\/FERREKASACOMERCIAL\/\"]}]}<\/script>\n<!-- \/ Yoast SEO plugin. -->","yoast_head_json":{"title":"Spot De Policarbonato P\/50mm Integrado 3w - Ferrekasa","robots":{"index":"index","follow":"follow","max-snippet":"max-snippet:-1","max-image-preview":"max-image-preview:large","max-video-preview":"max-video-preview:-1"},"canonical":"https:\/\/huanca.org\/lumifer\/producto\/spot-110mm-impermeable-caja100\/","og_locale":"es_ES","og_type":"article","og_title":"Spot De Policarbonato P\/50mm Integrado 3w - Ferrekasa","og_description":"TIPO DE LUZ :\u00a0Luz C\u00e1lida 3000K\u00a0\u2013\u00a0Luz Blanca 6000k  Material : Policarbonato  Color : Blanco  Potencia : 3w  Lumenes : 280 lm - 300lm  Perforaci\u00f3n : \u00d850mm  Corte : \u00d860mm  H : 30mm","og_url":"https:\/\/huanca.org\/lumifer\/producto\/spot-110mm-impermeable-caja100\/","og_site_name":"Ferrekasa","article_publisher":"https:\/\/www.facebook.com\/FERREKASACOMERCIAL\/","article_modified_time":"2025-03-27T19:18:18+00:00","og_image":[{"width":349,"height":349,"url":"https:\/\/huanca.org\/lumifer\/wp-content\/uploads\/2024\/09\/categoria-y-producto-9.png","type":"image\/png"}],"twitter_card":"summary_large_image","twitter_misc":{"Tiempo de lectura":"1 minuto"},"schema":{"@context":"https:\/\/schema.org","@graph":[{"@type":"WebPage","@id":"https:\/\/huanca.org\/lumifer\/producto\/spot-110mm-impermeable-caja100\/","url":"https:\/\/huanca.org\/lumifer\/producto\/spot-110mm-impermeable-caja100\/","name":"Spot De Policarbonato P\/50mm Integrado 3w - Ferrekasa","isPartOf":{"@id":"https:\/\/huanca.org\/lumifer\/#website"},"primaryImageOfPage":{"@id":"https:\/\/huanca.org\/lumifer\/producto\/spot-110mm-impermeable-caja100\/#primaryimage"},"image":{"@id":"https:\/\/huanca.org\/lumifer\/producto\/spot-110mm-impermeable-caja100\/#primaryimage"},"thumbnailUrl":"https:\/\/huanca.org\/lumifer\/wp-content\/uploads\/2024\/09\/categoria-y-producto-9.png","datePublished":"2024-09-04T17:16:00+00:00","dateModified":"2025-03-27T19:18:18+00:00","breadcrumb":{"@id":"https:\/\/huanca.org\/lumifer\/producto\/spot-110mm-impermeable-caja100\/#breadcrumb"},"inLanguage":"es","potentialAction":[{"@type":"ReadAction","target":["https:\/\/huanca.org\/lumifer\/producto\/spot-110mm-impermeable-caja100\/"]}]},{"@type":"ImageObject","inLanguage":"es","@id":"https:\/\/huanca.org\/lumifer\/producto\/spot-110mm-impermeable-caja100\/#primaryimage","url":"https:\/\/huanca.org\/lumifer\/wp-content\/uploads\/2024\/09\/categoria-y-producto-9.png","contentUrl":"https:\/\/huanca.org\/lumifer\/wp-content\/uploads\/2024\/09\/categoria-y-producto-9.png","width":349,"height":349},{"@type":"BreadcrumbList","@id":"https:\/\/huanca.org\/lumifer\/producto\/spot-110mm-impermeable-caja100\/#breadcrumb","itemListElement":[{"@type":"ListItem","position":1,"name":"Portada","item":"https:\/\/huanca.org\/lumifer\/"},{"@type":"ListItem","position":2,"name":"Productos","item":"https:\/\/huanca.org\/lumifer\/shop\/"},{"@type":"ListItem","position":3,"name":"Spot De Policarbonato P\/50mm Integrado 3w"}]},{"@type":"WebSite","@id":"https:\/\/huanca.org\/lumifer\/#website","url":"https:\/\/huanca.org\/lumifer\/","name":"Ferrekasa","description":"Tenemos los mejores productos en iluminaci\u00f3n, cerrajer\u00eda, decoraci\u00f3n del hogar y m\u00e1s.","publisher":{"@id":"https:\/\/huanca.org\/lumifer\/#organization"},"potentialAction":[{"@type":"SearchAction","target":{"@type":"EntryPoint","urlTemplate":"https:\/\/huanca.org\/lumifer\/?s={search_term_string}"},"query-input":{"@type":"PropertyValueSpecification","valueRequired":true,"valueName":"search_term_string"}}],"inLanguage":"es"},{"@type":"Organization","@id":"https:\/\/huanca.org\/lumifer\/#organization","name":"Ferrekasa","url":"https:\/\/huanca.org\/lumifer\/","logo":{"@type":"ImageObject","inLanguage":"es","@id":"https:\/\/huanca.org\/lumifer\/#\/schema\/logo\/image\/","url":"https:\/\/huanca.org\/lumifer\/wp-content\/uploads\/2024\/07\/Logo_Ferrekasa.svg","contentUrl":"https:\/\/huanca.org\/lumifer\/wp-content\/uploads\/2024\/07\/Logo_Ferrekasa.svg","width":177,"height":112,"caption":"Ferrekasa"},"image":{"@id":"https:\/\/huanca.org\/lumifer\/#\/schema\/logo\/image\/"},"sameAs":["https:\/\/www.facebook.com\/FERREKASACOMERCIAL\/"]}]}},"_links":{"self":[{"href":"https:\/\/huanca.org\/lumifer\/wp-json\/wp\/v2\/product\/3255","targetHints":{"allow":["GET"]}}],"collection":[{"href":"https:\/\/huanca.org\/lumifer\/wp-json\/wp\/v2\/product"}],"about":[{"href":"https:\/\/huanca.org\/lumifer\/wp-json\/wp\/v2\/types\/product"}],"version-history":[{"count":2,"href":"https:\/\/huanca.org\/lumifer\/wp-json\/wp\/v2\/product\/3255\/revisions"}],"predecessor-version":[{"id":12296,"href":"https:\/\/huanca.org\/lumifer\/wp-json\/wp\/v2\/product\/3255\/revisions\/12296"}],"wp:featuredmedia":[{"embeddable":true,"href":"https:\/\/huanca.org\/lumifer\/wp-json\/wp\/v2\/media\/12294"}],"wp:attachment":[{"href":"https:\/\/huanca.org\/lumifer\/wp-json\/wp\/v2\/media?parent=3255"}],"wp:term":[{"taxonomy":"product_brand","embeddable":true,"href":"https:\/\/huanca.org\/lumifer\/wp-json\/wp\/v2\/product_brand?post=3255"},{"taxonomy":"product_cat","embeddable":true,"href":"https:\/\/huanca.org\/lumifer\/wp-json\/wp\/v2\/product_cat?post=3255"},{"taxonomy":"product_tag","embeddable":true,"href":"https:\/\/huanca.org\/lumifer\/wp-json\/wp\/v2\/product_tag?post=3255"}],"curies":[{"name":"wp","href":"https:\/\/api.w.org\/{rel}","templated":true}]}}