{"id":3160,"date":"2024-09-03T20:37:32","date_gmt":"2024-09-04T01:37:32","guid":{"rendered":"https:\/\/ferrekasa.com.pe\/?post_type=product&#038;p=3160"},"modified":"2024-11-07T13:33:02","modified_gmt":"2024-11-07T18:33:02","slug":"spot-para-riel-30w-modelo-grilla-caja20","status":"publish","type":"product","link":"https:\/\/huanca.org\/lumifer\/producto\/spot-para-riel-30w-modelo-grilla-caja20\/","title":{"rendered":"Spot Rara Riel 30w Modelo Grilla"},"content":{"rendered":"","protected":false},"excerpt":{"rendered":"<ul class=\"metafield-single_line_text_field-array\">\n<li>\n<h3><strong>TEMP. COLOR:\u00a0\u00a0<span style=\"color: #ff6600\">3000K<\/span><\/strong><\/h3>\n<\/li>\n<li class=\"metafield-single_line_text_field\">Material: Policarbonato<\/li>\n<li class=\"metafield-single_line_text_field\">Watts: 30w<\/li>\n<li class=\"metafield-single_line_text_field\">Colores: Negro<\/li>\n<li class=\"metafield-single_line_text_field\">Voltaje: 110V-240V<\/li>\n<li class=\"metafield-single_line_text_field\">Apertura: 120\u00b0<\/li>\n<li>Luminaria: 2400lm<\/li>\n<li>Dimensiones: 33 x 478 x 55 mm<\/li>\n<li>Protecci\u00f3n: IP20<\/li>\n<\/ul>\n","protected":false},"featured_media":3161,"template":"","meta":[],"product_brand":[],"product_cat":[58],"product_tag":[],"class_list":{"0":"post-3160","1":"product","2":"type-product","3":"status-publish","4":"has-post-thumbnail","6":"product_cat-spot-de-riel-medianos-y-grandes-led","8":"first","9":"instock","10":"shipping-taxable","11":"product-type-simple"},"yoast_head":"<!-- This site is optimized with the Yoast SEO plugin v25.7 - https:\/\/yoast.com\/wordpress\/plugins\/seo\/ -->\n<title>Spot Rara Riel 30w Modelo Grilla - Ferrekasa<\/title>\n<meta name=\"robots\" content=\"index, follow, max-snippet:-1, max-image-preview:large, max-video-preview:-1\" \/>\n<link rel=\"canonical\" href=\"https:\/\/huanca.org\/lumifer\/producto\/spot-para-riel-30w-modelo-grilla-caja20\/\" \/>\n<meta property=\"og:locale\" content=\"es_ES\" \/>\n<meta property=\"og:type\" content=\"article\" \/>\n<meta property=\"og:title\" content=\"Spot Rara Riel 30w Modelo Grilla - Ferrekasa\" \/>\n<meta property=\"og:description\" content=\"TEMP. COLOR:\u00a0\u00a03000K   Material: Policarbonato  Watts: 30w  Colores: Negro  Voltaje: 110V-240V  Apertura: 120\u00b0  Luminaria: 2400lm  Dimensiones: 33 x 478 x 55 mm  Protecci\u00f3n: IP20\" \/>\n<meta property=\"og:url\" content=\"https:\/\/huanca.org\/lumifer\/producto\/spot-para-riel-30w-modelo-grilla-caja20\/\" \/>\n<meta property=\"og:site_name\" content=\"Ferrekasa\" \/>\n<meta property=\"article:publisher\" content=\"https:\/\/www.facebook.com\/FERREKASACOMERCIAL\/\" \/>\n<meta property=\"article:modified_time\" content=\"2024-11-07T18:33:02+00:00\" \/>\n<meta property=\"og:image\" content=\"https:\/\/huanca.org\/lumifer\/wp-content\/uploads\/2024\/09\/SPOT-PARA-RIEL-30W-MODELO-GRILLA.jpg\" \/>\n\t<meta property=\"og:image:width\" content=\"800\" \/>\n\t<meta property=\"og:image:height\" content=\"800\" \/>\n\t<meta property=\"og:image:type\" content=\"image\/jpeg\" \/>\n<meta name=\"twitter:card\" content=\"summary_large_image\" \/>\n<meta name=\"twitter:label1\" content=\"Tiempo de lectura\" \/>\n\t<meta name=\"twitter:data1\" content=\"1 minuto\" \/>\n<script type=\"application\/ld+json\" class=\"yoast-schema-graph\">{\"@context\":\"https:\/\/schema.org\",\"@graph\":[{\"@type\":\"WebPage\",\"@id\":\"https:\/\/huanca.org\/lumifer\/producto\/spot-para-riel-30w-modelo-grilla-caja20\/\",\"url\":\"https:\/\/huanca.org\/lumifer\/producto\/spot-para-riel-30w-modelo-grilla-caja20\/\",\"name\":\"Spot Rara Riel 30w Modelo Grilla - Ferrekasa\",\"isPartOf\":{\"@id\":\"https:\/\/huanca.org\/lumifer\/#website\"},\"primaryImageOfPage\":{\"@id\":\"https:\/\/huanca.org\/lumifer\/producto\/spot-para-riel-30w-modelo-grilla-caja20\/#primaryimage\"},\"image\":{\"@id\":\"https:\/\/huanca.org\/lumifer\/producto\/spot-para-riel-30w-modelo-grilla-caja20\/#primaryimage\"},\"thumbnailUrl\":\"https:\/\/huanca.org\/lumifer\/wp-content\/uploads\/2024\/09\/SPOT-PARA-RIEL-30W-MODELO-GRILLA.jpg\",\"datePublished\":\"2024-09-04T01:37:32+00:00\",\"dateModified\":\"2024-11-07T18:33:02+00:00\",\"breadcrumb\":{\"@id\":\"https:\/\/huanca.org\/lumifer\/producto\/spot-para-riel-30w-modelo-grilla-caja20\/#breadcrumb\"},\"inLanguage\":\"es\",\"potentialAction\":[{\"@type\":\"ReadAction\",\"target\":[\"https:\/\/huanca.org\/lumifer\/producto\/spot-para-riel-30w-modelo-grilla-caja20\/\"]}]},{\"@type\":\"ImageObject\",\"inLanguage\":\"es\",\"@id\":\"https:\/\/huanca.org\/lumifer\/producto\/spot-para-riel-30w-modelo-grilla-caja20\/#primaryimage\",\"url\":\"https:\/\/huanca.org\/lumifer\/wp-content\/uploads\/2024\/09\/SPOT-PARA-RIEL-30W-MODELO-GRILLA.jpg\",\"contentUrl\":\"https:\/\/huanca.org\/lumifer\/wp-content\/uploads\/2024\/09\/SPOT-PARA-RIEL-30W-MODELO-GRILLA.jpg\",\"width\":800,\"height\":800,\"caption\":\"SPOT PARA RIEL 30W MODELO GRILLA\"},{\"@type\":\"BreadcrumbList\",\"@id\":\"https:\/\/huanca.org\/lumifer\/producto\/spot-para-riel-30w-modelo-grilla-caja20\/#breadcrumb\",\"itemListElement\":[{\"@type\":\"ListItem\",\"position\":1,\"name\":\"Portada\",\"item\":\"https:\/\/huanca.org\/lumifer\/\"},{\"@type\":\"ListItem\",\"position\":2,\"name\":\"Productos\",\"item\":\"https:\/\/huanca.org\/lumifer\/shop\/\"},{\"@type\":\"ListItem\",\"position\":3,\"name\":\"Spot Rara Riel 30w Modelo Grilla\"}]},{\"@type\":\"WebSite\",\"@id\":\"https:\/\/huanca.org\/lumifer\/#website\",\"url\":\"https:\/\/huanca.org\/lumifer\/\",\"name\":\"Ferrekasa\",\"description\":\"Tenemos los mejores productos en iluminaci\u00f3n, cerrajer\u00eda, decoraci\u00f3n del hogar y m\u00e1s.\",\"publisher\":{\"@id\":\"https:\/\/huanca.org\/lumifer\/#organization\"},\"potentialAction\":[{\"@type\":\"SearchAction\",\"target\":{\"@type\":\"EntryPoint\",\"urlTemplate\":\"https:\/\/huanca.org\/lumifer\/?s={search_term_string}\"},\"query-input\":{\"@type\":\"PropertyValueSpecification\",\"valueRequired\":true,\"valueName\":\"search_term_string\"}}],\"inLanguage\":\"es\"},{\"@type\":\"Organization\",\"@id\":\"https:\/\/huanca.org\/lumifer\/#organization\",\"name\":\"Ferrekasa\",\"url\":\"https:\/\/huanca.org\/lumifer\/\",\"logo\":{\"@type\":\"ImageObject\",\"inLanguage\":\"es\",\"@id\":\"https:\/\/huanca.org\/lumifer\/#\/schema\/logo\/image\/\",\"url\":\"https:\/\/huanca.org\/lumifer\/wp-content\/uploads\/2024\/07\/Logo_Ferrekasa.svg\",\"contentUrl\":\"https:\/\/huanca.org\/lumifer\/wp-content\/uploads\/2024\/07\/Logo_Ferrekasa.svg\",\"width\":177,\"height\":112,\"caption\":\"Ferrekasa\"},\"image\":{\"@id\":\"https:\/\/huanca.org\/lumifer\/#\/schema\/logo\/image\/\"},\"sameAs\":[\"https:\/\/www.facebook.com\/FERREKASACOMERCIAL\/\"]}]}<\/script>\n<!-- \/ Yoast SEO plugin. -->","yoast_head_json":{"title":"Spot Rara Riel 30w Modelo Grilla - Ferrekasa","robots":{"index":"index","follow":"follow","max-snippet":"max-snippet:-1","max-image-preview":"max-image-preview:large","max-video-preview":"max-video-preview:-1"},"canonical":"https:\/\/huanca.org\/lumifer\/producto\/spot-para-riel-30w-modelo-grilla-caja20\/","og_locale":"es_ES","og_type":"article","og_title":"Spot Rara Riel 30w Modelo Grilla - Ferrekasa","og_description":"TEMP. COLOR:\u00a0\u00a03000K   Material: Policarbonato  Watts: 30w  Colores: Negro  Voltaje: 110V-240V  Apertura: 120\u00b0  Luminaria: 2400lm  Dimensiones: 33 x 478 x 55 mm  Protecci\u00f3n: IP20","og_url":"https:\/\/huanca.org\/lumifer\/producto\/spot-para-riel-30w-modelo-grilla-caja20\/","og_site_name":"Ferrekasa","article_publisher":"https:\/\/www.facebook.com\/FERREKASACOMERCIAL\/","article_modified_time":"2024-11-07T18:33:02+00:00","og_image":[{"width":800,"height":800,"url":"https:\/\/huanca.org\/lumifer\/wp-content\/uploads\/2024\/09\/SPOT-PARA-RIEL-30W-MODELO-GRILLA.jpg","type":"image\/jpeg"}],"twitter_card":"summary_large_image","twitter_misc":{"Tiempo de lectura":"1 minuto"},"schema":{"@context":"https:\/\/schema.org","@graph":[{"@type":"WebPage","@id":"https:\/\/huanca.org\/lumifer\/producto\/spot-para-riel-30w-modelo-grilla-caja20\/","url":"https:\/\/huanca.org\/lumifer\/producto\/spot-para-riel-30w-modelo-grilla-caja20\/","name":"Spot Rara Riel 30w Modelo Grilla - Ferrekasa","isPartOf":{"@id":"https:\/\/huanca.org\/lumifer\/#website"},"primaryImageOfPage":{"@id":"https:\/\/huanca.org\/lumifer\/producto\/spot-para-riel-30w-modelo-grilla-caja20\/#primaryimage"},"image":{"@id":"https:\/\/huanca.org\/lumifer\/producto\/spot-para-riel-30w-modelo-grilla-caja20\/#primaryimage"},"thumbnailUrl":"https:\/\/huanca.org\/lumifer\/wp-content\/uploads\/2024\/09\/SPOT-PARA-RIEL-30W-MODELO-GRILLA.jpg","datePublished":"2024-09-04T01:37:32+00:00","dateModified":"2024-11-07T18:33:02+00:00","breadcrumb":{"@id":"https:\/\/huanca.org\/lumifer\/producto\/spot-para-riel-30w-modelo-grilla-caja20\/#breadcrumb"},"inLanguage":"es","potentialAction":[{"@type":"ReadAction","target":["https:\/\/huanca.org\/lumifer\/producto\/spot-para-riel-30w-modelo-grilla-caja20\/"]}]},{"@type":"ImageObject","inLanguage":"es","@id":"https:\/\/huanca.org\/lumifer\/producto\/spot-para-riel-30w-modelo-grilla-caja20\/#primaryimage","url":"https:\/\/huanca.org\/lumifer\/wp-content\/uploads\/2024\/09\/SPOT-PARA-RIEL-30W-MODELO-GRILLA.jpg","contentUrl":"https:\/\/huanca.org\/lumifer\/wp-content\/uploads\/2024\/09\/SPOT-PARA-RIEL-30W-MODELO-GRILLA.jpg","width":800,"height":800,"caption":"SPOT PARA RIEL 30W MODELO GRILLA"},{"@type":"BreadcrumbList","@id":"https:\/\/huanca.org\/lumifer\/producto\/spot-para-riel-30w-modelo-grilla-caja20\/#breadcrumb","itemListElement":[{"@type":"ListItem","position":1,"name":"Portada","item":"https:\/\/huanca.org\/lumifer\/"},{"@type":"ListItem","position":2,"name":"Productos","item":"https:\/\/huanca.org\/lumifer\/shop\/"},{"@type":"ListItem","position":3,"name":"Spot Rara Riel 30w Modelo Grilla"}]},{"@type":"WebSite","@id":"https:\/\/huanca.org\/lumifer\/#website","url":"https:\/\/huanca.org\/lumifer\/","name":"Ferrekasa","description":"Tenemos los mejores productos en iluminaci\u00f3n, cerrajer\u00eda, decoraci\u00f3n del hogar y m\u00e1s.","publisher":{"@id":"https:\/\/huanca.org\/lumifer\/#organization"},"potentialAction":[{"@type":"SearchAction","target":{"@type":"EntryPoint","urlTemplate":"https:\/\/huanca.org\/lumifer\/?s={search_term_string}"},"query-input":{"@type":"PropertyValueSpecification","valueRequired":true,"valueName":"search_term_string"}}],"inLanguage":"es"},{"@type":"Organization","@id":"https:\/\/huanca.org\/lumifer\/#organization","name":"Ferrekasa","url":"https:\/\/huanca.org\/lumifer\/","logo":{"@type":"ImageObject","inLanguage":"es","@id":"https:\/\/huanca.org\/lumifer\/#\/schema\/logo\/image\/","url":"https:\/\/huanca.org\/lumifer\/wp-content\/uploads\/2024\/07\/Logo_Ferrekasa.svg","contentUrl":"https:\/\/huanca.org\/lumifer\/wp-content\/uploads\/2024\/07\/Logo_Ferrekasa.svg","width":177,"height":112,"caption":"Ferrekasa"},"image":{"@id":"https:\/\/huanca.org\/lumifer\/#\/schema\/logo\/image\/"},"sameAs":["https:\/\/www.facebook.com\/FERREKASACOMERCIAL\/"]}]}},"_links":{"self":[{"href":"https:\/\/huanca.org\/lumifer\/wp-json\/wp\/v2\/product\/3160","targetHints":{"allow":["GET"]}}],"collection":[{"href":"https:\/\/huanca.org\/lumifer\/wp-json\/wp\/v2\/product"}],"about":[{"href":"https:\/\/huanca.org\/lumifer\/wp-json\/wp\/v2\/types\/product"}],"version-history":[{"count":0,"href":"https:\/\/huanca.org\/lumifer\/wp-json\/wp\/v2\/product\/3160\/revisions"}],"wp:featuredmedia":[{"embeddable":true,"href":"https:\/\/huanca.org\/lumifer\/wp-json\/wp\/v2\/media\/3161"}],"wp:attachment":[{"href":"https:\/\/huanca.org\/lumifer\/wp-json\/wp\/v2\/media?parent=3160"}],"wp:term":[{"taxonomy":"product_brand","embeddable":true,"href":"https:\/\/huanca.org\/lumifer\/wp-json\/wp\/v2\/product_brand?post=3160"},{"taxonomy":"product_cat","embeddable":true,"href":"https:\/\/huanca.org\/lumifer\/wp-json\/wp\/v2\/product_cat?post=3160"},{"taxonomy":"product_tag","embeddable":true,"href":"https:\/\/huanca.org\/lumifer\/wp-json\/wp\/v2\/product_tag?post=3160"}],"curies":[{"name":"wp","href":"https:\/\/api.w.org\/{rel}","templated":true}]}}