{"id":3104,"date":"2024-09-03T17:55:20","date_gmt":"2024-09-03T22:55:20","guid":{"rendered":"https:\/\/ferrekasa.com.pe\/?post_type=product&#038;p=3104"},"modified":"2024-11-07T17:36:28","modified_gmt":"2024-11-07T22:36:28","slug":"spot-para-riel-20w-caja50","status":"publish","type":"product","link":"https:\/\/huanca.org\/lumifer\/producto\/spot-para-riel-20w-caja50\/","title":{"rendered":"Spot Para Riel 24w Modelo Lineal"},"content":{"rendered":"","protected":false},"excerpt":{"rendered":"<ul class=\"metafield-single_line_text_field-array\">\n<li>\n<h3><strong>TEMP. COLOR:\u00a0\u00a0<span style=\"color: #ff6600\">3000K<\/span>\u00a0\u2013\u00a0<span style=\"color: #0000ff\">7000K<\/span><\/strong><\/h3>\n<\/li>\n<li>L\u00e1mpara lineal led<\/li>\n<li>Voltaje:\u00a0<span class=\"OYPEnA text-decoration-none text-strikethrough-none\">AC220V 50-60 HZ<\/span><\/li>\n<li>Color del producto: blanco<\/li>\n<li>Medidas: 46.8 Lg. x 3.3 An. cm<\/li>\n<li>Potencia: 24W<\/li>\n<li>L\u00famenes: 1600 LM<\/li>\n<li>Horas de vida: 20000Hrs<\/li>\n<\/ul>\n","protected":false},"featured_media":4238,"template":"","meta":[],"product_brand":[],"product_cat":[58],"product_tag":[],"class_list":{"0":"post-3104","1":"product","2":"type-product","3":"status-publish","4":"has-post-thumbnail","6":"product_cat-spot-de-riel-medianos-y-grandes-led","8":"first","9":"instock","10":"shipping-taxable","11":"product-type-simple"},"yoast_head":"<!-- This site is optimized with the Yoast SEO plugin v25.7 - https:\/\/yoast.com\/wordpress\/plugins\/seo\/ -->\n<title>Spot Para Riel 24w Modelo Lineal - Ferrekasa<\/title>\n<meta name=\"robots\" content=\"index, follow, max-snippet:-1, max-image-preview:large, max-video-preview:-1\" \/>\n<link rel=\"canonical\" href=\"https:\/\/huanca.org\/lumifer\/producto\/spot-para-riel-20w-caja50\/\" \/>\n<meta property=\"og:locale\" content=\"es_ES\" \/>\n<meta property=\"og:type\" content=\"article\" \/>\n<meta property=\"og:title\" content=\"Spot Para Riel 24w Modelo Lineal - Ferrekasa\" \/>\n<meta property=\"og:description\" content=\"TEMP. COLOR:\u00a0\u00a03000K\u00a0\u2013\u00a07000K   L\u00e1mpara lineal led  Voltaje:\u00a0AC220V 50-60 HZ  Color del producto: blanco  Medidas: 46.8 Lg. x 3.3 An. cm  Potencia: 24W  L\u00famenes: 1600 LM  Horas de vida: 20000Hrs\" \/>\n<meta property=\"og:url\" content=\"https:\/\/huanca.org\/lumifer\/producto\/spot-para-riel-20w-caja50\/\" \/>\n<meta property=\"og:site_name\" content=\"Ferrekasa\" \/>\n<meta property=\"article:publisher\" content=\"https:\/\/www.facebook.com\/FERREKASACOMERCIAL\/\" \/>\n<meta property=\"article:modified_time\" content=\"2024-11-07T22:36:28+00:00\" \/>\n<meta property=\"og:image\" content=\"https:\/\/huanca.org\/lumifer\/wp-content\/uploads\/2024\/09\/SHN.jpg\" \/>\n\t<meta property=\"og:image:width\" content=\"747\" \/>\n\t<meta property=\"og:image:height\" content=\"648\" \/>\n\t<meta property=\"og:image:type\" content=\"image\/jpeg\" \/>\n<meta name=\"twitter:card\" content=\"summary_large_image\" \/>\n<meta name=\"twitter:label1\" content=\"Tiempo de lectura\" \/>\n\t<meta name=\"twitter:data1\" content=\"1 minuto\" \/>\n<script type=\"application\/ld+json\" class=\"yoast-schema-graph\">{\"@context\":\"https:\/\/schema.org\",\"@graph\":[{\"@type\":\"WebPage\",\"@id\":\"https:\/\/huanca.org\/lumifer\/producto\/spot-para-riel-20w-caja50\/\",\"url\":\"https:\/\/huanca.org\/lumifer\/producto\/spot-para-riel-20w-caja50\/\",\"name\":\"Spot Para Riel 24w Modelo Lineal - Ferrekasa\",\"isPartOf\":{\"@id\":\"https:\/\/huanca.org\/lumifer\/#website\"},\"primaryImageOfPage\":{\"@id\":\"https:\/\/huanca.org\/lumifer\/producto\/spot-para-riel-20w-caja50\/#primaryimage\"},\"image\":{\"@id\":\"https:\/\/huanca.org\/lumifer\/producto\/spot-para-riel-20w-caja50\/#primaryimage\"},\"thumbnailUrl\":\"https:\/\/huanca.org\/lumifer\/wp-content\/uploads\/2024\/09\/SHN.jpg\",\"datePublished\":\"2024-09-03T22:55:20+00:00\",\"dateModified\":\"2024-11-07T22:36:28+00:00\",\"breadcrumb\":{\"@id\":\"https:\/\/huanca.org\/lumifer\/producto\/spot-para-riel-20w-caja50\/#breadcrumb\"},\"inLanguage\":\"es\",\"potentialAction\":[{\"@type\":\"ReadAction\",\"target\":[\"https:\/\/huanca.org\/lumifer\/producto\/spot-para-riel-20w-caja50\/\"]}]},{\"@type\":\"ImageObject\",\"inLanguage\":\"es\",\"@id\":\"https:\/\/huanca.org\/lumifer\/producto\/spot-para-riel-20w-caja50\/#primaryimage\",\"url\":\"https:\/\/huanca.org\/lumifer\/wp-content\/uploads\/2024\/09\/SHN.jpg\",\"contentUrl\":\"https:\/\/huanca.org\/lumifer\/wp-content\/uploads\/2024\/09\/SHN.jpg\",\"width\":747,\"height\":648},{\"@type\":\"BreadcrumbList\",\"@id\":\"https:\/\/huanca.org\/lumifer\/producto\/spot-para-riel-20w-caja50\/#breadcrumb\",\"itemListElement\":[{\"@type\":\"ListItem\",\"position\":1,\"name\":\"Portada\",\"item\":\"https:\/\/huanca.org\/lumifer\/\"},{\"@type\":\"ListItem\",\"position\":2,\"name\":\"Productos\",\"item\":\"https:\/\/huanca.org\/lumifer\/shop\/\"},{\"@type\":\"ListItem\",\"position\":3,\"name\":\"Spot Para Riel 24w Modelo Lineal\"}]},{\"@type\":\"WebSite\",\"@id\":\"https:\/\/huanca.org\/lumifer\/#website\",\"url\":\"https:\/\/huanca.org\/lumifer\/\",\"name\":\"Ferrekasa\",\"description\":\"Tenemos los mejores productos en iluminaci\u00f3n, cerrajer\u00eda, decoraci\u00f3n del hogar y m\u00e1s.\",\"publisher\":{\"@id\":\"https:\/\/huanca.org\/lumifer\/#organization\"},\"potentialAction\":[{\"@type\":\"SearchAction\",\"target\":{\"@type\":\"EntryPoint\",\"urlTemplate\":\"https:\/\/huanca.org\/lumifer\/?s={search_term_string}\"},\"query-input\":{\"@type\":\"PropertyValueSpecification\",\"valueRequired\":true,\"valueName\":\"search_term_string\"}}],\"inLanguage\":\"es\"},{\"@type\":\"Organization\",\"@id\":\"https:\/\/huanca.org\/lumifer\/#organization\",\"name\":\"Ferrekasa\",\"url\":\"https:\/\/huanca.org\/lumifer\/\",\"logo\":{\"@type\":\"ImageObject\",\"inLanguage\":\"es\",\"@id\":\"https:\/\/huanca.org\/lumifer\/#\/schema\/logo\/image\/\",\"url\":\"https:\/\/huanca.org\/lumifer\/wp-content\/uploads\/2024\/07\/Logo_Ferrekasa.svg\",\"contentUrl\":\"https:\/\/huanca.org\/lumifer\/wp-content\/uploads\/2024\/07\/Logo_Ferrekasa.svg\",\"width\":177,\"height\":112,\"caption\":\"Ferrekasa\"},\"image\":{\"@id\":\"https:\/\/huanca.org\/lumifer\/#\/schema\/logo\/image\/\"},\"sameAs\":[\"https:\/\/www.facebook.com\/FERREKASACOMERCIAL\/\"]}]}<\/script>\n<!-- \/ Yoast SEO plugin. -->","yoast_head_json":{"title":"Spot Para Riel 24w Modelo Lineal - Ferrekasa","robots":{"index":"index","follow":"follow","max-snippet":"max-snippet:-1","max-image-preview":"max-image-preview:large","max-video-preview":"max-video-preview:-1"},"canonical":"https:\/\/huanca.org\/lumifer\/producto\/spot-para-riel-20w-caja50\/","og_locale":"es_ES","og_type":"article","og_title":"Spot Para Riel 24w Modelo Lineal - Ferrekasa","og_description":"TEMP. COLOR:\u00a0\u00a03000K\u00a0\u2013\u00a07000K   L\u00e1mpara lineal led  Voltaje:\u00a0AC220V 50-60 HZ  Color del producto: blanco  Medidas: 46.8 Lg. x 3.3 An. cm  Potencia: 24W  L\u00famenes: 1600 LM  Horas de vida: 20000Hrs","og_url":"https:\/\/huanca.org\/lumifer\/producto\/spot-para-riel-20w-caja50\/","og_site_name":"Ferrekasa","article_publisher":"https:\/\/www.facebook.com\/FERREKASACOMERCIAL\/","article_modified_time":"2024-11-07T22:36:28+00:00","og_image":[{"width":747,"height":648,"url":"https:\/\/huanca.org\/lumifer\/wp-content\/uploads\/2024\/09\/SHN.jpg","type":"image\/jpeg"}],"twitter_card":"summary_large_image","twitter_misc":{"Tiempo de lectura":"1 minuto"},"schema":{"@context":"https:\/\/schema.org","@graph":[{"@type":"WebPage","@id":"https:\/\/huanca.org\/lumifer\/producto\/spot-para-riel-20w-caja50\/","url":"https:\/\/huanca.org\/lumifer\/producto\/spot-para-riel-20w-caja50\/","name":"Spot Para Riel 24w Modelo Lineal - Ferrekasa","isPartOf":{"@id":"https:\/\/huanca.org\/lumifer\/#website"},"primaryImageOfPage":{"@id":"https:\/\/huanca.org\/lumifer\/producto\/spot-para-riel-20w-caja50\/#primaryimage"},"image":{"@id":"https:\/\/huanca.org\/lumifer\/producto\/spot-para-riel-20w-caja50\/#primaryimage"},"thumbnailUrl":"https:\/\/huanca.org\/lumifer\/wp-content\/uploads\/2024\/09\/SHN.jpg","datePublished":"2024-09-03T22:55:20+00:00","dateModified":"2024-11-07T22:36:28+00:00","breadcrumb":{"@id":"https:\/\/huanca.org\/lumifer\/producto\/spot-para-riel-20w-caja50\/#breadcrumb"},"inLanguage":"es","potentialAction":[{"@type":"ReadAction","target":["https:\/\/huanca.org\/lumifer\/producto\/spot-para-riel-20w-caja50\/"]}]},{"@type":"ImageObject","inLanguage":"es","@id":"https:\/\/huanca.org\/lumifer\/producto\/spot-para-riel-20w-caja50\/#primaryimage","url":"https:\/\/huanca.org\/lumifer\/wp-content\/uploads\/2024\/09\/SHN.jpg","contentUrl":"https:\/\/huanca.org\/lumifer\/wp-content\/uploads\/2024\/09\/SHN.jpg","width":747,"height":648},{"@type":"BreadcrumbList","@id":"https:\/\/huanca.org\/lumifer\/producto\/spot-para-riel-20w-caja50\/#breadcrumb","itemListElement":[{"@type":"ListItem","position":1,"name":"Portada","item":"https:\/\/huanca.org\/lumifer\/"},{"@type":"ListItem","position":2,"name":"Productos","item":"https:\/\/huanca.org\/lumifer\/shop\/"},{"@type":"ListItem","position":3,"name":"Spot Para Riel 24w Modelo Lineal"}]},{"@type":"WebSite","@id":"https:\/\/huanca.org\/lumifer\/#website","url":"https:\/\/huanca.org\/lumifer\/","name":"Ferrekasa","description":"Tenemos los mejores productos en iluminaci\u00f3n, cerrajer\u00eda, decoraci\u00f3n del hogar y m\u00e1s.","publisher":{"@id":"https:\/\/huanca.org\/lumifer\/#organization"},"potentialAction":[{"@type":"SearchAction","target":{"@type":"EntryPoint","urlTemplate":"https:\/\/huanca.org\/lumifer\/?s={search_term_string}"},"query-input":{"@type":"PropertyValueSpecification","valueRequired":true,"valueName":"search_term_string"}}],"inLanguage":"es"},{"@type":"Organization","@id":"https:\/\/huanca.org\/lumifer\/#organization","name":"Ferrekasa","url":"https:\/\/huanca.org\/lumifer\/","logo":{"@type":"ImageObject","inLanguage":"es","@id":"https:\/\/huanca.org\/lumifer\/#\/schema\/logo\/image\/","url":"https:\/\/huanca.org\/lumifer\/wp-content\/uploads\/2024\/07\/Logo_Ferrekasa.svg","contentUrl":"https:\/\/huanca.org\/lumifer\/wp-content\/uploads\/2024\/07\/Logo_Ferrekasa.svg","width":177,"height":112,"caption":"Ferrekasa"},"image":{"@id":"https:\/\/huanca.org\/lumifer\/#\/schema\/logo\/image\/"},"sameAs":["https:\/\/www.facebook.com\/FERREKASACOMERCIAL\/"]}]}},"_links":{"self":[{"href":"https:\/\/huanca.org\/lumifer\/wp-json\/wp\/v2\/product\/3104","targetHints":{"allow":["GET"]}}],"collection":[{"href":"https:\/\/huanca.org\/lumifer\/wp-json\/wp\/v2\/product"}],"about":[{"href":"https:\/\/huanca.org\/lumifer\/wp-json\/wp\/v2\/types\/product"}],"version-history":[{"count":0,"href":"https:\/\/huanca.org\/lumifer\/wp-json\/wp\/v2\/product\/3104\/revisions"}],"wp:featuredmedia":[{"embeddable":true,"href":"https:\/\/huanca.org\/lumifer\/wp-json\/wp\/v2\/media\/4238"}],"wp:attachment":[{"href":"https:\/\/huanca.org\/lumifer\/wp-json\/wp\/v2\/media?parent=3104"}],"wp:term":[{"taxonomy":"product_brand","embeddable":true,"href":"https:\/\/huanca.org\/lumifer\/wp-json\/wp\/v2\/product_brand?post=3104"},{"taxonomy":"product_cat","embeddable":true,"href":"https:\/\/huanca.org\/lumifer\/wp-json\/wp\/v2\/product_cat?post=3104"},{"taxonomy":"product_tag","embeddable":true,"href":"https:\/\/huanca.org\/lumifer\/wp-json\/wp\/v2\/product_tag?post=3104"}],"curies":[{"name":"wp","href":"https:\/\/api.w.org\/{rel}","templated":true}]}}