{"id":2624,"date":"2024-09-02T10:25:05","date_gmt":"2024-09-02T15:25:05","guid":{"rendered":"https:\/\/ferrekasa.com.pe\/?post_type=product&#038;p=2624"},"modified":"2024-09-02T10:25:05","modified_gmt":"2024-09-02T15:25:05","slug":"cerradura-principal-2-golpes-barra-acero-inoxidable","status":"publish","type":"product","link":"https:\/\/huanca.org\/lumifer\/producto\/cerradura-principal-2-golpes-barra-acero-inoxidable\/","title":{"rendered":"Cerradura Principal 2 Golpes Barra Acero Inoxidable"},"content":{"rendered":"","protected":false},"excerpt":{"rendered":"<p>* Material: Acero Inoxidable SUS304<br \/>\n* Para puertas Principales, para puertas Externas<br \/>\n* Cerradura de Alta Seguridad<br \/>\n* Cilindro 70mm Doble Canal 5 Llaves Megacanal<br \/>\n* protector de pvc para marco de puerta<br \/>\n* Placa Frontal de 1.3mm de espesor<br \/>\n* Barra de 2 golpes de Acero Inoxidable SUS304<\/p>\n","protected":false},"featured_media":2626,"template":"","meta":[],"product_brand":[],"product_cat":[195,210,211,21],"product_tag":[],"class_list":{"0":"post-2624","1":"product","2":"type-product","3":"status-publish","4":"has-post-thumbnail","6":"product_cat-cerradura-embutidas-p-p-principal-acero-negro-bronce","7":"product_cat-manija-principal-de-2-piezas-cerraduras-embutidas","8":"product_cat-manija-principal-de-plancha-con-cerradura-embutida","9":"product_cat-cerrajeria","11":"first","12":"instock","13":"shipping-taxable","14":"product-type-simple"},"yoast_head":"<!-- This site is optimized with the Yoast SEO plugin v25.7 - https:\/\/yoast.com\/wordpress\/plugins\/seo\/ -->\n<title>Cerradura Principal 2 Golpes Barra Acero Inoxidable - Ferrekasa<\/title>\n<meta name=\"robots\" content=\"index, follow, max-snippet:-1, max-image-preview:large, max-video-preview:-1\" \/>\n<link rel=\"canonical\" href=\"https:\/\/huanca.org\/lumifer\/producto\/cerradura-principal-2-golpes-barra-acero-inoxidable\/\" \/>\n<meta property=\"og:locale\" content=\"es_ES\" \/>\n<meta property=\"og:type\" content=\"article\" \/>\n<meta property=\"og:title\" content=\"Cerradura Principal 2 Golpes Barra Acero Inoxidable - Ferrekasa\" \/>\n<meta property=\"og:description\" content=\"* Material: Acero Inoxidable SUS304 * Para puertas Principales, para puertas Externas * Cerradura de Alta Seguridad * Cilindro 70mm Doble Canal 5 Llaves Megacanal * protector de pvc para marco de puerta * Placa Frontal de 1.3mm de espesor * Barra de 2 golpes de Acero Inoxidable SUS304\" \/>\n<meta property=\"og:url\" content=\"https:\/\/huanca.org\/lumifer\/producto\/cerradura-principal-2-golpes-barra-acero-inoxidable\/\" \/>\n<meta property=\"og:site_name\" content=\"Ferrekasa\" \/>\n<meta property=\"article:publisher\" content=\"https:\/\/www.facebook.com\/FERREKASACOMERCIAL\/\" \/>\n<meta property=\"og:image\" content=\"https:\/\/huanca.org\/lumifer\/wp-content\/uploads\/2024\/09\/CERRADURA-PRINCIPAL-2-GOLPES-1.jpg\" \/>\n\t<meta property=\"og:image:width\" content=\"800\" \/>\n\t<meta property=\"og:image:height\" content=\"800\" \/>\n\t<meta property=\"og:image:type\" content=\"image\/jpeg\" \/>\n<meta name=\"twitter:card\" content=\"summary_large_image\" \/>\n<meta name=\"twitter:label1\" content=\"Tiempo de lectura\" \/>\n\t<meta name=\"twitter:data1\" content=\"1 minuto\" \/>\n<script type=\"application\/ld+json\" class=\"yoast-schema-graph\">{\"@context\":\"https:\/\/schema.org\",\"@graph\":[{\"@type\":\"WebPage\",\"@id\":\"https:\/\/huanca.org\/lumifer\/producto\/cerradura-principal-2-golpes-barra-acero-inoxidable\/\",\"url\":\"https:\/\/huanca.org\/lumifer\/producto\/cerradura-principal-2-golpes-barra-acero-inoxidable\/\",\"name\":\"Cerradura Principal 2 Golpes Barra Acero Inoxidable - Ferrekasa\",\"isPartOf\":{\"@id\":\"https:\/\/huanca.org\/lumifer\/#website\"},\"primaryImageOfPage\":{\"@id\":\"https:\/\/huanca.org\/lumifer\/producto\/cerradura-principal-2-golpes-barra-acero-inoxidable\/#primaryimage\"},\"image\":{\"@id\":\"https:\/\/huanca.org\/lumifer\/producto\/cerradura-principal-2-golpes-barra-acero-inoxidable\/#primaryimage\"},\"thumbnailUrl\":\"https:\/\/huanca.org\/lumifer\/wp-content\/uploads\/2024\/09\/CERRADURA-PRINCIPAL-2-GOLPES-1.jpg\",\"datePublished\":\"2024-09-02T15:25:05+00:00\",\"breadcrumb\":{\"@id\":\"https:\/\/huanca.org\/lumifer\/producto\/cerradura-principal-2-golpes-barra-acero-inoxidable\/#breadcrumb\"},\"inLanguage\":\"es\",\"potentialAction\":[{\"@type\":\"ReadAction\",\"target\":[\"https:\/\/huanca.org\/lumifer\/producto\/cerradura-principal-2-golpes-barra-acero-inoxidable\/\"]}]},{\"@type\":\"ImageObject\",\"inLanguage\":\"es\",\"@id\":\"https:\/\/huanca.org\/lumifer\/producto\/cerradura-principal-2-golpes-barra-acero-inoxidable\/#primaryimage\",\"url\":\"https:\/\/huanca.org\/lumifer\/wp-content\/uploads\/2024\/09\/CERRADURA-PRINCIPAL-2-GOLPES-1.jpg\",\"contentUrl\":\"https:\/\/huanca.org\/lumifer\/wp-content\/uploads\/2024\/09\/CERRADURA-PRINCIPAL-2-GOLPES-1.jpg\",\"width\":800,\"height\":800,\"caption\":\"CERRADURA-PRINCIPAL-2-GOLPES\"},{\"@type\":\"BreadcrumbList\",\"@id\":\"https:\/\/huanca.org\/lumifer\/producto\/cerradura-principal-2-golpes-barra-acero-inoxidable\/#breadcrumb\",\"itemListElement\":[{\"@type\":\"ListItem\",\"position\":1,\"name\":\"Portada\",\"item\":\"https:\/\/huanca.org\/lumifer\/\"},{\"@type\":\"ListItem\",\"position\":2,\"name\":\"Productos\",\"item\":\"https:\/\/huanca.org\/lumifer\/shop\/\"},{\"@type\":\"ListItem\",\"position\":3,\"name\":\"Cerradura Principal 2 Golpes Barra Acero Inoxidable\"}]},{\"@type\":\"WebSite\",\"@id\":\"https:\/\/huanca.org\/lumifer\/#website\",\"url\":\"https:\/\/huanca.org\/lumifer\/\",\"name\":\"Ferrekasa\",\"description\":\"Tenemos los mejores productos en iluminaci\u00f3n, cerrajer\u00eda, decoraci\u00f3n del hogar y m\u00e1s.\",\"publisher\":{\"@id\":\"https:\/\/huanca.org\/lumifer\/#organization\"},\"potentialAction\":[{\"@type\":\"SearchAction\",\"target\":{\"@type\":\"EntryPoint\",\"urlTemplate\":\"https:\/\/huanca.org\/lumifer\/?s={search_term_string}\"},\"query-input\":{\"@type\":\"PropertyValueSpecification\",\"valueRequired\":true,\"valueName\":\"search_term_string\"}}],\"inLanguage\":\"es\"},{\"@type\":\"Organization\",\"@id\":\"https:\/\/huanca.org\/lumifer\/#organization\",\"name\":\"Ferrekasa\",\"url\":\"https:\/\/huanca.org\/lumifer\/\",\"logo\":{\"@type\":\"ImageObject\",\"inLanguage\":\"es\",\"@id\":\"https:\/\/huanca.org\/lumifer\/#\/schema\/logo\/image\/\",\"url\":\"https:\/\/huanca.org\/lumifer\/wp-content\/uploads\/2024\/07\/Logo_Ferrekasa.svg\",\"contentUrl\":\"https:\/\/huanca.org\/lumifer\/wp-content\/uploads\/2024\/07\/Logo_Ferrekasa.svg\",\"width\":177,\"height\":112,\"caption\":\"Ferrekasa\"},\"image\":{\"@id\":\"https:\/\/huanca.org\/lumifer\/#\/schema\/logo\/image\/\"},\"sameAs\":[\"https:\/\/www.facebook.com\/FERREKASACOMERCIAL\/\"]}]}<\/script>\n<!-- \/ Yoast SEO plugin. -->","yoast_head_json":{"title":"Cerradura Principal 2 Golpes Barra Acero Inoxidable - Ferrekasa","robots":{"index":"index","follow":"follow","max-snippet":"max-snippet:-1","max-image-preview":"max-image-preview:large","max-video-preview":"max-video-preview:-1"},"canonical":"https:\/\/huanca.org\/lumifer\/producto\/cerradura-principal-2-golpes-barra-acero-inoxidable\/","og_locale":"es_ES","og_type":"article","og_title":"Cerradura Principal 2 Golpes Barra Acero Inoxidable - Ferrekasa","og_description":"* Material: Acero Inoxidable SUS304 * Para puertas Principales, para puertas Externas * Cerradura de Alta Seguridad * Cilindro 70mm Doble Canal 5 Llaves Megacanal * protector de pvc para marco de puerta * Placa Frontal de 1.3mm de espesor * Barra de 2 golpes de Acero Inoxidable SUS304","og_url":"https:\/\/huanca.org\/lumifer\/producto\/cerradura-principal-2-golpes-barra-acero-inoxidable\/","og_site_name":"Ferrekasa","article_publisher":"https:\/\/www.facebook.com\/FERREKASACOMERCIAL\/","og_image":[{"width":800,"height":800,"url":"https:\/\/huanca.org\/lumifer\/wp-content\/uploads\/2024\/09\/CERRADURA-PRINCIPAL-2-GOLPES-1.jpg","type":"image\/jpeg"}],"twitter_card":"summary_large_image","twitter_misc":{"Tiempo de lectura":"1 minuto"},"schema":{"@context":"https:\/\/schema.org","@graph":[{"@type":"WebPage","@id":"https:\/\/huanca.org\/lumifer\/producto\/cerradura-principal-2-golpes-barra-acero-inoxidable\/","url":"https:\/\/huanca.org\/lumifer\/producto\/cerradura-principal-2-golpes-barra-acero-inoxidable\/","name":"Cerradura Principal 2 Golpes Barra Acero Inoxidable - Ferrekasa","isPartOf":{"@id":"https:\/\/huanca.org\/lumifer\/#website"},"primaryImageOfPage":{"@id":"https:\/\/huanca.org\/lumifer\/producto\/cerradura-principal-2-golpes-barra-acero-inoxidable\/#primaryimage"},"image":{"@id":"https:\/\/huanca.org\/lumifer\/producto\/cerradura-principal-2-golpes-barra-acero-inoxidable\/#primaryimage"},"thumbnailUrl":"https:\/\/huanca.org\/lumifer\/wp-content\/uploads\/2024\/09\/CERRADURA-PRINCIPAL-2-GOLPES-1.jpg","datePublished":"2024-09-02T15:25:05+00:00","breadcrumb":{"@id":"https:\/\/huanca.org\/lumifer\/producto\/cerradura-principal-2-golpes-barra-acero-inoxidable\/#breadcrumb"},"inLanguage":"es","potentialAction":[{"@type":"ReadAction","target":["https:\/\/huanca.org\/lumifer\/producto\/cerradura-principal-2-golpes-barra-acero-inoxidable\/"]}]},{"@type":"ImageObject","inLanguage":"es","@id":"https:\/\/huanca.org\/lumifer\/producto\/cerradura-principal-2-golpes-barra-acero-inoxidable\/#primaryimage","url":"https:\/\/huanca.org\/lumifer\/wp-content\/uploads\/2024\/09\/CERRADURA-PRINCIPAL-2-GOLPES-1.jpg","contentUrl":"https:\/\/huanca.org\/lumifer\/wp-content\/uploads\/2024\/09\/CERRADURA-PRINCIPAL-2-GOLPES-1.jpg","width":800,"height":800,"caption":"CERRADURA-PRINCIPAL-2-GOLPES"},{"@type":"BreadcrumbList","@id":"https:\/\/huanca.org\/lumifer\/producto\/cerradura-principal-2-golpes-barra-acero-inoxidable\/#breadcrumb","itemListElement":[{"@type":"ListItem","position":1,"name":"Portada","item":"https:\/\/huanca.org\/lumifer\/"},{"@type":"ListItem","position":2,"name":"Productos","item":"https:\/\/huanca.org\/lumifer\/shop\/"},{"@type":"ListItem","position":3,"name":"Cerradura Principal 2 Golpes Barra Acero Inoxidable"}]},{"@type":"WebSite","@id":"https:\/\/huanca.org\/lumifer\/#website","url":"https:\/\/huanca.org\/lumifer\/","name":"Ferrekasa","description":"Tenemos los mejores productos en iluminaci\u00f3n, cerrajer\u00eda, decoraci\u00f3n del hogar y m\u00e1s.","publisher":{"@id":"https:\/\/huanca.org\/lumifer\/#organization"},"potentialAction":[{"@type":"SearchAction","target":{"@type":"EntryPoint","urlTemplate":"https:\/\/huanca.org\/lumifer\/?s={search_term_string}"},"query-input":{"@type":"PropertyValueSpecification","valueRequired":true,"valueName":"search_term_string"}}],"inLanguage":"es"},{"@type":"Organization","@id":"https:\/\/huanca.org\/lumifer\/#organization","name":"Ferrekasa","url":"https:\/\/huanca.org\/lumifer\/","logo":{"@type":"ImageObject","inLanguage":"es","@id":"https:\/\/huanca.org\/lumifer\/#\/schema\/logo\/image\/","url":"https:\/\/huanca.org\/lumifer\/wp-content\/uploads\/2024\/07\/Logo_Ferrekasa.svg","contentUrl":"https:\/\/huanca.org\/lumifer\/wp-content\/uploads\/2024\/07\/Logo_Ferrekasa.svg","width":177,"height":112,"caption":"Ferrekasa"},"image":{"@id":"https:\/\/huanca.org\/lumifer\/#\/schema\/logo\/image\/"},"sameAs":["https:\/\/www.facebook.com\/FERREKASACOMERCIAL\/"]}]}},"_links":{"self":[{"href":"https:\/\/huanca.org\/lumifer\/wp-json\/wp\/v2\/product\/2624","targetHints":{"allow":["GET"]}}],"collection":[{"href":"https:\/\/huanca.org\/lumifer\/wp-json\/wp\/v2\/product"}],"about":[{"href":"https:\/\/huanca.org\/lumifer\/wp-json\/wp\/v2\/types\/product"}],"version-history":[{"count":0,"href":"https:\/\/huanca.org\/lumifer\/wp-json\/wp\/v2\/product\/2624\/revisions"}],"wp:featuredmedia":[{"embeddable":true,"href":"https:\/\/huanca.org\/lumifer\/wp-json\/wp\/v2\/media\/2626"}],"wp:attachment":[{"href":"https:\/\/huanca.org\/lumifer\/wp-json\/wp\/v2\/media?parent=2624"}],"wp:term":[{"taxonomy":"product_brand","embeddable":true,"href":"https:\/\/huanca.org\/lumifer\/wp-json\/wp\/v2\/product_brand?post=2624"},{"taxonomy":"product_cat","embeddable":true,"href":"https:\/\/huanca.org\/lumifer\/wp-json\/wp\/v2\/product_cat?post=2624"},{"taxonomy":"product_tag","embeddable":true,"href":"https:\/\/huanca.org\/lumifer\/wp-json\/wp\/v2\/product_tag?post=2624"}],"curies":[{"name":"wp","href":"https:\/\/api.w.org\/{rel}","templated":true}]}}