{"id":2494,"date":"2024-08-30T12:07:25","date_gmt":"2024-08-30T17:07:25","guid":{"rendered":"https:\/\/ferrekasa.com.pe\/?post_type=product&#038;p=2494"},"modified":"2024-08-30T12:07:26","modified_gmt":"2024-08-30T17:07:26","slug":"cerradura-multipunto-10-pines-2-golpes-cilindro-doble-megacanal","status":"publish","type":"product","link":"https:\/\/huanca.org\/lumifer\/producto\/cerradura-multipunto-10-pines-2-golpes-cilindro-doble-megacanal\/","title":{"rendered":"Cerradura Multipunto 10 Pines 2 Golpes + Cilindro Doble-Megacanal"},"content":{"rendered":"","protected":false},"excerpt":{"rendered":"<p>* Material: Acero Inoxidable SUS304<br \/>\n* Para puertas Principales, para puertas Externas<br \/>\n* Cerradura de Alta Seguridad<br \/>\n* Cilindro 70mm 5 Llaves doble Megacanal con 10pines de Combinacion<br \/>\n* Placa Frontal de 3mm de espesor<br \/>\n*10 pines de Aros de Acero inox sus304 ANTI-SIERRA<\/p>\n","protected":false},"featured_media":2495,"template":"","meta":[],"product_brand":[],"product_cat":[195,209,21],"product_tag":[],"class_list":{"0":"post-2494","1":"product","2":"type-product","3":"status-publish","4":"has-post-thumbnail","6":"product_cat-cerradura-embutidas-p-p-principal-acero-negro-bronce","7":"product_cat-cerradura-multipunto-y-tranka","8":"product_cat-cerrajeria","10":"first","11":"instock","12":"shipping-taxable","13":"product-type-simple"},"yoast_head":"<!-- This site is optimized with the Yoast SEO plugin v25.7 - https:\/\/yoast.com\/wordpress\/plugins\/seo\/ -->\n<title>Cerradura Multipunto 10 Pines 2 Golpes + Cilindro Doble-Megacanal - Ferrekasa<\/title>\n<meta name=\"robots\" content=\"index, follow, max-snippet:-1, max-image-preview:large, max-video-preview:-1\" \/>\n<link rel=\"canonical\" href=\"https:\/\/huanca.org\/lumifer\/producto\/cerradura-multipunto-10-pines-2-golpes-cilindro-doble-megacanal\/\" \/>\n<meta property=\"og:locale\" content=\"es_ES\" \/>\n<meta property=\"og:type\" content=\"article\" \/>\n<meta property=\"og:title\" content=\"Cerradura Multipunto 10 Pines 2 Golpes + Cilindro Doble-Megacanal - Ferrekasa\" \/>\n<meta property=\"og:description\" content=\"* Material: Acero Inoxidable SUS304 * Para puertas Principales, para puertas Externas * Cerradura de Alta Seguridad * Cilindro 70mm 5 Llaves doble Megacanal con 10pines de Combinacion * Placa Frontal de 3mm de espesor *10 pines de Aros de Acero inox sus304 ANTI-SIERRA\" \/>\n<meta property=\"og:url\" content=\"https:\/\/huanca.org\/lumifer\/producto\/cerradura-multipunto-10-pines-2-golpes-cilindro-doble-megacanal\/\" \/>\n<meta property=\"og:site_name\" content=\"Ferrekasa\" \/>\n<meta property=\"article:publisher\" content=\"https:\/\/www.facebook.com\/FERREKASACOMERCIAL\/\" \/>\n<meta property=\"article:modified_time\" content=\"2024-08-30T17:07:26+00:00\" \/>\n<meta property=\"og:image\" content=\"https:\/\/huanca.org\/lumifer\/wp-content\/uploads\/2024\/08\/CERRADURA-MULTIPUNTO-10PINES-2-GOLPES-CILIND-DOBLE-MEGACANAL.jpg\" \/>\n\t<meta property=\"og:image:width\" content=\"800\" \/>\n\t<meta property=\"og:image:height\" content=\"800\" \/>\n\t<meta property=\"og:image:type\" content=\"image\/jpeg\" \/>\n<meta name=\"twitter:card\" content=\"summary_large_image\" \/>\n<meta name=\"twitter:label1\" content=\"Tiempo de lectura\" \/>\n\t<meta name=\"twitter:data1\" content=\"1 minuto\" \/>\n<script type=\"application\/ld+json\" class=\"yoast-schema-graph\">{\"@context\":\"https:\/\/schema.org\",\"@graph\":[{\"@type\":\"WebPage\",\"@id\":\"https:\/\/huanca.org\/lumifer\/producto\/cerradura-multipunto-10-pines-2-golpes-cilindro-doble-megacanal\/\",\"url\":\"https:\/\/huanca.org\/lumifer\/producto\/cerradura-multipunto-10-pines-2-golpes-cilindro-doble-megacanal\/\",\"name\":\"Cerradura Multipunto 10 Pines 2 Golpes + Cilindro Doble-Megacanal - Ferrekasa\",\"isPartOf\":{\"@id\":\"https:\/\/huanca.org\/lumifer\/#website\"},\"primaryImageOfPage\":{\"@id\":\"https:\/\/huanca.org\/lumifer\/producto\/cerradura-multipunto-10-pines-2-golpes-cilindro-doble-megacanal\/#primaryimage\"},\"image\":{\"@id\":\"https:\/\/huanca.org\/lumifer\/producto\/cerradura-multipunto-10-pines-2-golpes-cilindro-doble-megacanal\/#primaryimage\"},\"thumbnailUrl\":\"https:\/\/huanca.org\/lumifer\/wp-content\/uploads\/2024\/08\/CERRADURA-MULTIPUNTO-10PINES-2-GOLPES-CILIND-DOBLE-MEGACANAL.jpg\",\"datePublished\":\"2024-08-30T17:07:25+00:00\",\"dateModified\":\"2024-08-30T17:07:26+00:00\",\"breadcrumb\":{\"@id\":\"https:\/\/huanca.org\/lumifer\/producto\/cerradura-multipunto-10-pines-2-golpes-cilindro-doble-megacanal\/#breadcrumb\"},\"inLanguage\":\"es\",\"potentialAction\":[{\"@type\":\"ReadAction\",\"target\":[\"https:\/\/huanca.org\/lumifer\/producto\/cerradura-multipunto-10-pines-2-golpes-cilindro-doble-megacanal\/\"]}]},{\"@type\":\"ImageObject\",\"inLanguage\":\"es\",\"@id\":\"https:\/\/huanca.org\/lumifer\/producto\/cerradura-multipunto-10-pines-2-golpes-cilindro-doble-megacanal\/#primaryimage\",\"url\":\"https:\/\/huanca.org\/lumifer\/wp-content\/uploads\/2024\/08\/CERRADURA-MULTIPUNTO-10PINES-2-GOLPES-CILIND-DOBLE-MEGACANAL.jpg\",\"contentUrl\":\"https:\/\/huanca.org\/lumifer\/wp-content\/uploads\/2024\/08\/CERRADURA-MULTIPUNTO-10PINES-2-GOLPES-CILIND-DOBLE-MEGACANAL.jpg\",\"width\":800,\"height\":800,\"caption\":\"CERRADURA-MULTIPUNTO-10PINES-2-GOLPES-+-CILIND-DOBLE-MEGACANAL\"},{\"@type\":\"BreadcrumbList\",\"@id\":\"https:\/\/huanca.org\/lumifer\/producto\/cerradura-multipunto-10-pines-2-golpes-cilindro-doble-megacanal\/#breadcrumb\",\"itemListElement\":[{\"@type\":\"ListItem\",\"position\":1,\"name\":\"Portada\",\"item\":\"https:\/\/huanca.org\/lumifer\/\"},{\"@type\":\"ListItem\",\"position\":2,\"name\":\"Productos\",\"item\":\"https:\/\/huanca.org\/lumifer\/shop\/\"},{\"@type\":\"ListItem\",\"position\":3,\"name\":\"Cerradura Multipunto 10 Pines 2 Golpes + Cilindro Doble-Megacanal\"}]},{\"@type\":\"WebSite\",\"@id\":\"https:\/\/huanca.org\/lumifer\/#website\",\"url\":\"https:\/\/huanca.org\/lumifer\/\",\"name\":\"Ferrekasa\",\"description\":\"Tenemos los mejores productos en iluminaci\u00f3n, cerrajer\u00eda, decoraci\u00f3n del hogar y m\u00e1s.\",\"publisher\":{\"@id\":\"https:\/\/huanca.org\/lumifer\/#organization\"},\"potentialAction\":[{\"@type\":\"SearchAction\",\"target\":{\"@type\":\"EntryPoint\",\"urlTemplate\":\"https:\/\/huanca.org\/lumifer\/?s={search_term_string}\"},\"query-input\":{\"@type\":\"PropertyValueSpecification\",\"valueRequired\":true,\"valueName\":\"search_term_string\"}}],\"inLanguage\":\"es\"},{\"@type\":\"Organization\",\"@id\":\"https:\/\/huanca.org\/lumifer\/#organization\",\"name\":\"Ferrekasa\",\"url\":\"https:\/\/huanca.org\/lumifer\/\",\"logo\":{\"@type\":\"ImageObject\",\"inLanguage\":\"es\",\"@id\":\"https:\/\/huanca.org\/lumifer\/#\/schema\/logo\/image\/\",\"url\":\"https:\/\/huanca.org\/lumifer\/wp-content\/uploads\/2024\/07\/Logo_Ferrekasa.svg\",\"contentUrl\":\"https:\/\/huanca.org\/lumifer\/wp-content\/uploads\/2024\/07\/Logo_Ferrekasa.svg\",\"width\":177,\"height\":112,\"caption\":\"Ferrekasa\"},\"image\":{\"@id\":\"https:\/\/huanca.org\/lumifer\/#\/schema\/logo\/image\/\"},\"sameAs\":[\"https:\/\/www.facebook.com\/FERREKASACOMERCIAL\/\"]}]}<\/script>\n<!-- \/ Yoast SEO plugin. -->","yoast_head_json":{"title":"Cerradura Multipunto 10 Pines 2 Golpes + Cilindro Doble-Megacanal - Ferrekasa","robots":{"index":"index","follow":"follow","max-snippet":"max-snippet:-1","max-image-preview":"max-image-preview:large","max-video-preview":"max-video-preview:-1"},"canonical":"https:\/\/huanca.org\/lumifer\/producto\/cerradura-multipunto-10-pines-2-golpes-cilindro-doble-megacanal\/","og_locale":"es_ES","og_type":"article","og_title":"Cerradura Multipunto 10 Pines 2 Golpes + Cilindro Doble-Megacanal - Ferrekasa","og_description":"* Material: Acero Inoxidable SUS304 * Para puertas Principales, para puertas Externas * Cerradura de Alta Seguridad * Cilindro 70mm 5 Llaves doble Megacanal con 10pines de Combinacion * Placa Frontal de 3mm de espesor *10 pines de Aros de Acero inox sus304 ANTI-SIERRA","og_url":"https:\/\/huanca.org\/lumifer\/producto\/cerradura-multipunto-10-pines-2-golpes-cilindro-doble-megacanal\/","og_site_name":"Ferrekasa","article_publisher":"https:\/\/www.facebook.com\/FERREKASACOMERCIAL\/","article_modified_time":"2024-08-30T17:07:26+00:00","og_image":[{"width":800,"height":800,"url":"https:\/\/huanca.org\/lumifer\/wp-content\/uploads\/2024\/08\/CERRADURA-MULTIPUNTO-10PINES-2-GOLPES-CILIND-DOBLE-MEGACANAL.jpg","type":"image\/jpeg"}],"twitter_card":"summary_large_image","twitter_misc":{"Tiempo de lectura":"1 minuto"},"schema":{"@context":"https:\/\/schema.org","@graph":[{"@type":"WebPage","@id":"https:\/\/huanca.org\/lumifer\/producto\/cerradura-multipunto-10-pines-2-golpes-cilindro-doble-megacanal\/","url":"https:\/\/huanca.org\/lumifer\/producto\/cerradura-multipunto-10-pines-2-golpes-cilindro-doble-megacanal\/","name":"Cerradura Multipunto 10 Pines 2 Golpes + Cilindro Doble-Megacanal - Ferrekasa","isPartOf":{"@id":"https:\/\/huanca.org\/lumifer\/#website"},"primaryImageOfPage":{"@id":"https:\/\/huanca.org\/lumifer\/producto\/cerradura-multipunto-10-pines-2-golpes-cilindro-doble-megacanal\/#primaryimage"},"image":{"@id":"https:\/\/huanca.org\/lumifer\/producto\/cerradura-multipunto-10-pines-2-golpes-cilindro-doble-megacanal\/#primaryimage"},"thumbnailUrl":"https:\/\/huanca.org\/lumifer\/wp-content\/uploads\/2024\/08\/CERRADURA-MULTIPUNTO-10PINES-2-GOLPES-CILIND-DOBLE-MEGACANAL.jpg","datePublished":"2024-08-30T17:07:25+00:00","dateModified":"2024-08-30T17:07:26+00:00","breadcrumb":{"@id":"https:\/\/huanca.org\/lumifer\/producto\/cerradura-multipunto-10-pines-2-golpes-cilindro-doble-megacanal\/#breadcrumb"},"inLanguage":"es","potentialAction":[{"@type":"ReadAction","target":["https:\/\/huanca.org\/lumifer\/producto\/cerradura-multipunto-10-pines-2-golpes-cilindro-doble-megacanal\/"]}]},{"@type":"ImageObject","inLanguage":"es","@id":"https:\/\/huanca.org\/lumifer\/producto\/cerradura-multipunto-10-pines-2-golpes-cilindro-doble-megacanal\/#primaryimage","url":"https:\/\/huanca.org\/lumifer\/wp-content\/uploads\/2024\/08\/CERRADURA-MULTIPUNTO-10PINES-2-GOLPES-CILIND-DOBLE-MEGACANAL.jpg","contentUrl":"https:\/\/huanca.org\/lumifer\/wp-content\/uploads\/2024\/08\/CERRADURA-MULTIPUNTO-10PINES-2-GOLPES-CILIND-DOBLE-MEGACANAL.jpg","width":800,"height":800,"caption":"CERRADURA-MULTIPUNTO-10PINES-2-GOLPES-+-CILIND-DOBLE-MEGACANAL"},{"@type":"BreadcrumbList","@id":"https:\/\/huanca.org\/lumifer\/producto\/cerradura-multipunto-10-pines-2-golpes-cilindro-doble-megacanal\/#breadcrumb","itemListElement":[{"@type":"ListItem","position":1,"name":"Portada","item":"https:\/\/huanca.org\/lumifer\/"},{"@type":"ListItem","position":2,"name":"Productos","item":"https:\/\/huanca.org\/lumifer\/shop\/"},{"@type":"ListItem","position":3,"name":"Cerradura Multipunto 10 Pines 2 Golpes + Cilindro Doble-Megacanal"}]},{"@type":"WebSite","@id":"https:\/\/huanca.org\/lumifer\/#website","url":"https:\/\/huanca.org\/lumifer\/","name":"Ferrekasa","description":"Tenemos los mejores productos en iluminaci\u00f3n, cerrajer\u00eda, decoraci\u00f3n del hogar y m\u00e1s.","publisher":{"@id":"https:\/\/huanca.org\/lumifer\/#organization"},"potentialAction":[{"@type":"SearchAction","target":{"@type":"EntryPoint","urlTemplate":"https:\/\/huanca.org\/lumifer\/?s={search_term_string}"},"query-input":{"@type":"PropertyValueSpecification","valueRequired":true,"valueName":"search_term_string"}}],"inLanguage":"es"},{"@type":"Organization","@id":"https:\/\/huanca.org\/lumifer\/#organization","name":"Ferrekasa","url":"https:\/\/huanca.org\/lumifer\/","logo":{"@type":"ImageObject","inLanguage":"es","@id":"https:\/\/huanca.org\/lumifer\/#\/schema\/logo\/image\/","url":"https:\/\/huanca.org\/lumifer\/wp-content\/uploads\/2024\/07\/Logo_Ferrekasa.svg","contentUrl":"https:\/\/huanca.org\/lumifer\/wp-content\/uploads\/2024\/07\/Logo_Ferrekasa.svg","width":177,"height":112,"caption":"Ferrekasa"},"image":{"@id":"https:\/\/huanca.org\/lumifer\/#\/schema\/logo\/image\/"},"sameAs":["https:\/\/www.facebook.com\/FERREKASACOMERCIAL\/"]}]}},"_links":{"self":[{"href":"https:\/\/huanca.org\/lumifer\/wp-json\/wp\/v2\/product\/2494","targetHints":{"allow":["GET"]}}],"collection":[{"href":"https:\/\/huanca.org\/lumifer\/wp-json\/wp\/v2\/product"}],"about":[{"href":"https:\/\/huanca.org\/lumifer\/wp-json\/wp\/v2\/types\/product"}],"version-history":[{"count":0,"href":"https:\/\/huanca.org\/lumifer\/wp-json\/wp\/v2\/product\/2494\/revisions"}],"wp:featuredmedia":[{"embeddable":true,"href":"https:\/\/huanca.org\/lumifer\/wp-json\/wp\/v2\/media\/2495"}],"wp:attachment":[{"href":"https:\/\/huanca.org\/lumifer\/wp-json\/wp\/v2\/media?parent=2494"}],"wp:term":[{"taxonomy":"product_brand","embeddable":true,"href":"https:\/\/huanca.org\/lumifer\/wp-json\/wp\/v2\/product_brand?post=2494"},{"taxonomy":"product_cat","embeddable":true,"href":"https:\/\/huanca.org\/lumifer\/wp-json\/wp\/v2\/product_cat?post=2494"},{"taxonomy":"product_tag","embeddable":true,"href":"https:\/\/huanca.org\/lumifer\/wp-json\/wp\/v2\/product_tag?post=2494"}],"curies":[{"name":"wp","href":"https:\/\/api.w.org\/{rel}","templated":true}]}}