{"id":2101,"date":"2024-08-23T19:14:47","date_gmt":"2024-08-24T00:14:47","guid":{"rendered":"https:\/\/ferrekasa.com.pe\/?post_type=product&#038;p=2101"},"modified":"2024-08-23T19:15:53","modified_gmt":"2024-08-24T00:15:53","slug":"toallero-modelo-yin-barra-redondo-acero-inox","status":"publish","type":"product","link":"https:\/\/huanca.org\/lumifer\/producto\/toallero-modelo-yin-barra-redondo-acero-inox\/","title":{"rendered":"Toallero Modelo Yin Barra Redondo Acero Inox."},"content":{"rendered":"","protected":false},"excerpt":{"rendered":"<p><img decoding=\"async\" class=\"alignnone size-medium wp-image-2106\" src=\"https:\/\/ferrekasa.com.pe\/wp-content\/uploads\/2024\/08\/Captura-de-pantalla-2024-08-23-191130-medidas-02-300x116.jpg\" alt=\"medidas-092\" width=\"300\" height=\"116\" srcset=\"https:\/\/huanca.org\/lumifer\/wp-content\/uploads\/2024\/08\/Captura-de-pantalla-2024-08-23-191130-medidas-02-300x116.jpg 300w, https:\/\/huanca.org\/lumifer\/wp-content\/uploads\/2024\/08\/Captura-de-pantalla-2024-08-23-191130-medidas-02-150x58.jpg 150w, https:\/\/huanca.org\/lumifer\/wp-content\/uploads\/2024\/08\/Captura-de-pantalla-2024-08-23-191130-medidas-02-600x232.jpg 600w, https:\/\/huanca.org\/lumifer\/wp-content\/uploads\/2024\/08\/Captura-de-pantalla-2024-08-23-191130-medidas-02-64x25.jpg 64w, https:\/\/huanca.org\/lumifer\/wp-content\/uploads\/2024\/08\/Captura-de-pantalla-2024-08-23-191130-medidas-02-768x296.jpg 768w, https:\/\/huanca.org\/lumifer\/wp-content\/uploads\/2024\/08\/Captura-de-pantalla-2024-08-23-191130-medidas-02.jpg 785w\" sizes=\"(max-width: 300px) 100vw, 300px\" \/><\/p>\n<p><img decoding=\"async\" class=\"alignnone size-medium wp-image-2107\" src=\"https:\/\/ferrekasa.com.pe\/wp-content\/uploads\/2024\/08\/medidas-01-300x110.jpg\" alt=\"medidas---01\" width=\"300\" height=\"110\" srcset=\"https:\/\/huanca.org\/lumifer\/wp-content\/uploads\/2024\/08\/medidas-01-300x110.jpg 300w, https:\/\/huanca.org\/lumifer\/wp-content\/uploads\/2024\/08\/medidas-01-150x55.jpg 150w, https:\/\/huanca.org\/lumifer\/wp-content\/uploads\/2024\/08\/medidas-01-600x220.jpg 600w, https:\/\/huanca.org\/lumifer\/wp-content\/uploads\/2024\/08\/medidas-01-64x23.jpg 64w, https:\/\/huanca.org\/lumifer\/wp-content\/uploads\/2024\/08\/medidas-01-768x282.jpg 768w, https:\/\/huanca.org\/lumifer\/wp-content\/uploads\/2024\/08\/medidas-01.jpg 785w\" sizes=\"(max-width: 300px) 100vw, 300px\" \/><\/p>\n","protected":false},"featured_media":2102,"template":"","meta":[],"product_brand":[],"product_cat":[167,187,22],"product_tag":[],"class_list":{"0":"post-2101","1":"product","2":"type-product","3":"status-publish","4":"has-post-thumbnail","6":"product_cat-repisa-esquinero-toallero-perchero","7":"product_cat-toalleros-acero-y-negro-dorado","8":"product_cat-accesorios-de-bano","10":"first","11":"instock","12":"shipping-taxable","13":"product-type-simple"},"yoast_head":"<!-- This site is optimized with the Yoast SEO plugin v25.7 - https:\/\/yoast.com\/wordpress\/plugins\/seo\/ -->\n<title>Toallero Modelo Yin Barra Redondo Acero Inox. - Ferrekasa<\/title>\n<meta name=\"robots\" content=\"index, follow, max-snippet:-1, max-image-preview:large, max-video-preview:-1\" \/>\n<link rel=\"canonical\" href=\"https:\/\/huanca.org\/lumifer\/producto\/toallero-modelo-yin-barra-redondo-acero-inox\/\" \/>\n<meta property=\"og:locale\" content=\"es_ES\" \/>\n<meta property=\"og:type\" content=\"article\" \/>\n<meta property=\"og:title\" content=\"Toallero Modelo Yin Barra Redondo Acero Inox. - Ferrekasa\" \/>\n<meta property=\"og:url\" content=\"https:\/\/huanca.org\/lumifer\/producto\/toallero-modelo-yin-barra-redondo-acero-inox\/\" \/>\n<meta property=\"og:site_name\" content=\"Ferrekasa\" \/>\n<meta property=\"article:publisher\" content=\"https:\/\/www.facebook.com\/FERREKASACOMERCIAL\/\" \/>\n<meta property=\"article:modified_time\" content=\"2024-08-24T00:15:53+00:00\" \/>\n<meta property=\"og:image\" content=\"https:\/\/huanca.org\/lumifer\/wp-content\/uploads\/2024\/08\/Recurso-13-1.jpg\" \/>\n\t<meta property=\"og:image:width\" content=\"800\" \/>\n\t<meta property=\"og:image:height\" content=\"800\" \/>\n\t<meta property=\"og:image:type\" content=\"image\/jpeg\" \/>\n<meta name=\"twitter:card\" content=\"summary_large_image\" \/>\n<script type=\"application\/ld+json\" class=\"yoast-schema-graph\">{\"@context\":\"https:\/\/schema.org\",\"@graph\":[{\"@type\":\"WebPage\",\"@id\":\"https:\/\/huanca.org\/lumifer\/producto\/toallero-modelo-yin-barra-redondo-acero-inox\/\",\"url\":\"https:\/\/huanca.org\/lumifer\/producto\/toallero-modelo-yin-barra-redondo-acero-inox\/\",\"name\":\"Toallero Modelo Yin Barra Redondo Acero Inox. - Ferrekasa\",\"isPartOf\":{\"@id\":\"https:\/\/huanca.org\/lumifer\/#website\"},\"primaryImageOfPage\":{\"@id\":\"https:\/\/huanca.org\/lumifer\/producto\/toallero-modelo-yin-barra-redondo-acero-inox\/#primaryimage\"},\"image\":{\"@id\":\"https:\/\/huanca.org\/lumifer\/producto\/toallero-modelo-yin-barra-redondo-acero-inox\/#primaryimage\"},\"thumbnailUrl\":\"https:\/\/huanca.org\/lumifer\/wp-content\/uploads\/2024\/08\/Recurso-13-1.jpg\",\"datePublished\":\"2024-08-24T00:14:47+00:00\",\"dateModified\":\"2024-08-24T00:15:53+00:00\",\"breadcrumb\":{\"@id\":\"https:\/\/huanca.org\/lumifer\/producto\/toallero-modelo-yin-barra-redondo-acero-inox\/#breadcrumb\"},\"inLanguage\":\"es\",\"potentialAction\":[{\"@type\":\"ReadAction\",\"target\":[\"https:\/\/huanca.org\/lumifer\/producto\/toallero-modelo-yin-barra-redondo-acero-inox\/\"]}]},{\"@type\":\"ImageObject\",\"inLanguage\":\"es\",\"@id\":\"https:\/\/huanca.org\/lumifer\/producto\/toallero-modelo-yin-barra-redondo-acero-inox\/#primaryimage\",\"url\":\"https:\/\/huanca.org\/lumifer\/wp-content\/uploads\/2024\/08\/Recurso-13-1.jpg\",\"contentUrl\":\"https:\/\/huanca.org\/lumifer\/wp-content\/uploads\/2024\/08\/Recurso-13-1.jpg\",\"width\":800,\"height\":800,\"caption\":\"Recurso-13\"},{\"@type\":\"BreadcrumbList\",\"@id\":\"https:\/\/huanca.org\/lumifer\/producto\/toallero-modelo-yin-barra-redondo-acero-inox\/#breadcrumb\",\"itemListElement\":[{\"@type\":\"ListItem\",\"position\":1,\"name\":\"Portada\",\"item\":\"https:\/\/huanca.org\/lumifer\/\"},{\"@type\":\"ListItem\",\"position\":2,\"name\":\"Productos\",\"item\":\"https:\/\/huanca.org\/lumifer\/shop\/\"},{\"@type\":\"ListItem\",\"position\":3,\"name\":\"Toallero Modelo Yin Barra Redondo Acero Inox.\"}]},{\"@type\":\"WebSite\",\"@id\":\"https:\/\/huanca.org\/lumifer\/#website\",\"url\":\"https:\/\/huanca.org\/lumifer\/\",\"name\":\"Ferrekasa\",\"description\":\"Tenemos los mejores productos en iluminaci\u00f3n, cerrajer\u00eda, decoraci\u00f3n del hogar y m\u00e1s.\",\"publisher\":{\"@id\":\"https:\/\/huanca.org\/lumifer\/#organization\"},\"potentialAction\":[{\"@type\":\"SearchAction\",\"target\":{\"@type\":\"EntryPoint\",\"urlTemplate\":\"https:\/\/huanca.org\/lumifer\/?s={search_term_string}\"},\"query-input\":{\"@type\":\"PropertyValueSpecification\",\"valueRequired\":true,\"valueName\":\"search_term_string\"}}],\"inLanguage\":\"es\"},{\"@type\":\"Organization\",\"@id\":\"https:\/\/huanca.org\/lumifer\/#organization\",\"name\":\"Ferrekasa\",\"url\":\"https:\/\/huanca.org\/lumifer\/\",\"logo\":{\"@type\":\"ImageObject\",\"inLanguage\":\"es\",\"@id\":\"https:\/\/huanca.org\/lumifer\/#\/schema\/logo\/image\/\",\"url\":\"https:\/\/huanca.org\/lumifer\/wp-content\/uploads\/2024\/07\/Logo_Ferrekasa.svg\",\"contentUrl\":\"https:\/\/huanca.org\/lumifer\/wp-content\/uploads\/2024\/07\/Logo_Ferrekasa.svg\",\"width\":177,\"height\":112,\"caption\":\"Ferrekasa\"},\"image\":{\"@id\":\"https:\/\/huanca.org\/lumifer\/#\/schema\/logo\/image\/\"},\"sameAs\":[\"https:\/\/www.facebook.com\/FERREKASACOMERCIAL\/\"]}]}<\/script>\n<!-- \/ Yoast SEO plugin. -->","yoast_head_json":{"title":"Toallero Modelo Yin Barra Redondo Acero Inox. - Ferrekasa","robots":{"index":"index","follow":"follow","max-snippet":"max-snippet:-1","max-image-preview":"max-image-preview:large","max-video-preview":"max-video-preview:-1"},"canonical":"https:\/\/huanca.org\/lumifer\/producto\/toallero-modelo-yin-barra-redondo-acero-inox\/","og_locale":"es_ES","og_type":"article","og_title":"Toallero Modelo Yin Barra Redondo Acero Inox. - Ferrekasa","og_url":"https:\/\/huanca.org\/lumifer\/producto\/toallero-modelo-yin-barra-redondo-acero-inox\/","og_site_name":"Ferrekasa","article_publisher":"https:\/\/www.facebook.com\/FERREKASACOMERCIAL\/","article_modified_time":"2024-08-24T00:15:53+00:00","og_image":[{"width":800,"height":800,"url":"https:\/\/huanca.org\/lumifer\/wp-content\/uploads\/2024\/08\/Recurso-13-1.jpg","type":"image\/jpeg"}],"twitter_card":"summary_large_image","schema":{"@context":"https:\/\/schema.org","@graph":[{"@type":"WebPage","@id":"https:\/\/huanca.org\/lumifer\/producto\/toallero-modelo-yin-barra-redondo-acero-inox\/","url":"https:\/\/huanca.org\/lumifer\/producto\/toallero-modelo-yin-barra-redondo-acero-inox\/","name":"Toallero Modelo Yin Barra Redondo Acero Inox. - Ferrekasa","isPartOf":{"@id":"https:\/\/huanca.org\/lumifer\/#website"},"primaryImageOfPage":{"@id":"https:\/\/huanca.org\/lumifer\/producto\/toallero-modelo-yin-barra-redondo-acero-inox\/#primaryimage"},"image":{"@id":"https:\/\/huanca.org\/lumifer\/producto\/toallero-modelo-yin-barra-redondo-acero-inox\/#primaryimage"},"thumbnailUrl":"https:\/\/huanca.org\/lumifer\/wp-content\/uploads\/2024\/08\/Recurso-13-1.jpg","datePublished":"2024-08-24T00:14:47+00:00","dateModified":"2024-08-24T00:15:53+00:00","breadcrumb":{"@id":"https:\/\/huanca.org\/lumifer\/producto\/toallero-modelo-yin-barra-redondo-acero-inox\/#breadcrumb"},"inLanguage":"es","potentialAction":[{"@type":"ReadAction","target":["https:\/\/huanca.org\/lumifer\/producto\/toallero-modelo-yin-barra-redondo-acero-inox\/"]}]},{"@type":"ImageObject","inLanguage":"es","@id":"https:\/\/huanca.org\/lumifer\/producto\/toallero-modelo-yin-barra-redondo-acero-inox\/#primaryimage","url":"https:\/\/huanca.org\/lumifer\/wp-content\/uploads\/2024\/08\/Recurso-13-1.jpg","contentUrl":"https:\/\/huanca.org\/lumifer\/wp-content\/uploads\/2024\/08\/Recurso-13-1.jpg","width":800,"height":800,"caption":"Recurso-13"},{"@type":"BreadcrumbList","@id":"https:\/\/huanca.org\/lumifer\/producto\/toallero-modelo-yin-barra-redondo-acero-inox\/#breadcrumb","itemListElement":[{"@type":"ListItem","position":1,"name":"Portada","item":"https:\/\/huanca.org\/lumifer\/"},{"@type":"ListItem","position":2,"name":"Productos","item":"https:\/\/huanca.org\/lumifer\/shop\/"},{"@type":"ListItem","position":3,"name":"Toallero Modelo Yin Barra Redondo Acero Inox."}]},{"@type":"WebSite","@id":"https:\/\/huanca.org\/lumifer\/#website","url":"https:\/\/huanca.org\/lumifer\/","name":"Ferrekasa","description":"Tenemos los mejores productos en iluminaci\u00f3n, cerrajer\u00eda, decoraci\u00f3n del hogar y m\u00e1s.","publisher":{"@id":"https:\/\/huanca.org\/lumifer\/#organization"},"potentialAction":[{"@type":"SearchAction","target":{"@type":"EntryPoint","urlTemplate":"https:\/\/huanca.org\/lumifer\/?s={search_term_string}"},"query-input":{"@type":"PropertyValueSpecification","valueRequired":true,"valueName":"search_term_string"}}],"inLanguage":"es"},{"@type":"Organization","@id":"https:\/\/huanca.org\/lumifer\/#organization","name":"Ferrekasa","url":"https:\/\/huanca.org\/lumifer\/","logo":{"@type":"ImageObject","inLanguage":"es","@id":"https:\/\/huanca.org\/lumifer\/#\/schema\/logo\/image\/","url":"https:\/\/huanca.org\/lumifer\/wp-content\/uploads\/2024\/07\/Logo_Ferrekasa.svg","contentUrl":"https:\/\/huanca.org\/lumifer\/wp-content\/uploads\/2024\/07\/Logo_Ferrekasa.svg","width":177,"height":112,"caption":"Ferrekasa"},"image":{"@id":"https:\/\/huanca.org\/lumifer\/#\/schema\/logo\/image\/"},"sameAs":["https:\/\/www.facebook.com\/FERREKASACOMERCIAL\/"]}]}},"_links":{"self":[{"href":"https:\/\/huanca.org\/lumifer\/wp-json\/wp\/v2\/product\/2101","targetHints":{"allow":["GET"]}}],"collection":[{"href":"https:\/\/huanca.org\/lumifer\/wp-json\/wp\/v2\/product"}],"about":[{"href":"https:\/\/huanca.org\/lumifer\/wp-json\/wp\/v2\/types\/product"}],"version-history":[{"count":0,"href":"https:\/\/huanca.org\/lumifer\/wp-json\/wp\/v2\/product\/2101\/revisions"}],"wp:featuredmedia":[{"embeddable":true,"href":"https:\/\/huanca.org\/lumifer\/wp-json\/wp\/v2\/media\/2102"}],"wp:attachment":[{"href":"https:\/\/huanca.org\/lumifer\/wp-json\/wp\/v2\/media?parent=2101"}],"wp:term":[{"taxonomy":"product_brand","embeddable":true,"href":"https:\/\/huanca.org\/lumifer\/wp-json\/wp\/v2\/product_brand?post=2101"},{"taxonomy":"product_cat","embeddable":true,"href":"https:\/\/huanca.org\/lumifer\/wp-json\/wp\/v2\/product_cat?post=2101"},{"taxonomy":"product_tag","embeddable":true,"href":"https:\/\/huanca.org\/lumifer\/wp-json\/wp\/v2\/product_tag?post=2101"}],"curies":[{"name":"wp","href":"https:\/\/api.w.org\/{rel}","templated":true}]}}