{"id":2067,"date":"2024-08-23T18:01:02","date_gmt":"2024-08-23T23:01:02","guid":{"rendered":"https:\/\/ferrekasa.com.pe\/?post_type=product&#038;p=2067"},"modified":"2025-03-05T18:30:31","modified_gmt":"2025-03-05T23:30:31","slug":"organizador-repisero-modelo-paris","status":"publish","type":"product","link":"https:\/\/huanca.org\/lumifer\/producto\/organizador-repisero-modelo-paris\/","title":{"rendered":"Repisa  Modelo Par\u00eds"},"content":{"rendered":"","protected":false},"excerpt":{"rendered":"<p><img decoding=\"async\" class=\"alignnone size-medium wp-image-2073\" src=\"https:\/\/ferrekasa.com.pe\/wp-content\/uploads\/2024\/08\/medidas-02-1-300x58.jpg\" alt=\"\" width=\"300\" height=\"58\" srcset=\"https:\/\/huanca.org\/lumifer\/wp-content\/uploads\/2024\/08\/medidas-02-1-300x58.jpg 300w, https:\/\/huanca.org\/lumifer\/wp-content\/uploads\/2024\/08\/medidas-02-1-150x29.jpg 150w, https:\/\/huanca.org\/lumifer\/wp-content\/uploads\/2024\/08\/medidas-02-1-600x115.jpg 600w, https:\/\/huanca.org\/lumifer\/wp-content\/uploads\/2024\/08\/medidas-02-1-64x12.jpg 64w, https:\/\/huanca.org\/lumifer\/wp-content\/uploads\/2024\/08\/medidas-02-1.jpg 754w\" sizes=\"(max-width: 300px) 100vw, 300px\" \/><\/p>\n","protected":false},"featured_media":2070,"template":"","meta":[],"product_brand":[],"product_cat":[167,188,22],"product_tag":[],"class_list":{"0":"post-2067","1":"product","2":"type-product","3":"status-publish","4":"has-post-thumbnail","6":"product_cat-repisa-esquinero-toallero-perchero","7":"product_cat-repisas-esquineros-acero-y-vidrio","8":"product_cat-accesorios-de-bano","10":"first","11":"instock","12":"sale","13":"shipping-taxable","14":"purchasable","15":"product-type-simple"},"yoast_head":"<!-- This site is optimized with the Yoast SEO plugin v25.7 - https:\/\/yoast.com\/wordpress\/plugins\/seo\/ -->\n<title>Repisa Modelo Par\u00eds - Ferrekasa<\/title>\n<meta name=\"robots\" content=\"index, follow, max-snippet:-1, max-image-preview:large, max-video-preview:-1\" \/>\n<link rel=\"canonical\" href=\"https:\/\/huanca.org\/lumifer\/producto\/organizador-repisero-modelo-paris\/\" \/>\n<meta property=\"og:locale\" content=\"es_ES\" \/>\n<meta property=\"og:type\" content=\"article\" \/>\n<meta property=\"og:title\" content=\"Repisa Modelo Par\u00eds - Ferrekasa\" \/>\n<meta property=\"og:url\" content=\"https:\/\/huanca.org\/lumifer\/producto\/organizador-repisero-modelo-paris\/\" \/>\n<meta property=\"og:site_name\" content=\"Ferrekasa\" \/>\n<meta property=\"article:publisher\" content=\"https:\/\/www.facebook.com\/FERREKASACOMERCIAL\/\" \/>\n<meta property=\"article:modified_time\" content=\"2025-03-05T23:30:31+00:00\" \/>\n<meta property=\"og:image\" content=\"https:\/\/huanca.org\/lumifer\/wp-content\/uploads\/2024\/08\/0562073d-ede5-470c-a537-f0a97513a26d.75d290ac4d4dc9615df81d4deb1a356b.jpeg\" \/>\n\t<meta property=\"og:image:width\" content=\"612\" \/>\n\t<meta property=\"og:image:height\" content=\"612\" \/>\n\t<meta property=\"og:image:type\" content=\"image\/jpeg\" \/>\n<meta name=\"twitter:card\" content=\"summary_large_image\" \/>\n<meta name=\"twitter:label1\" content=\"Tiempo de lectura\" \/>\n\t<meta name=\"twitter:data1\" content=\"1 minuto\" \/>\n<script type=\"application\/ld+json\" class=\"yoast-schema-graph\">{\"@context\":\"https:\/\/schema.org\",\"@graph\":[{\"@type\":\"WebPage\",\"@id\":\"https:\/\/huanca.org\/lumifer\/producto\/organizador-repisero-modelo-paris\/\",\"url\":\"https:\/\/huanca.org\/lumifer\/producto\/organizador-repisero-modelo-paris\/\",\"name\":\"Repisa Modelo Par\u00eds - Ferrekasa\",\"isPartOf\":{\"@id\":\"https:\/\/huanca.org\/lumifer\/#website\"},\"primaryImageOfPage\":{\"@id\":\"https:\/\/huanca.org\/lumifer\/producto\/organizador-repisero-modelo-paris\/#primaryimage\"},\"image\":{\"@id\":\"https:\/\/huanca.org\/lumifer\/producto\/organizador-repisero-modelo-paris\/#primaryimage\"},\"thumbnailUrl\":\"https:\/\/huanca.org\/lumifer\/wp-content\/uploads\/2024\/08\/0562073d-ede5-470c-a537-f0a97513a26d.75d290ac4d4dc9615df81d4deb1a356b.jpeg\",\"datePublished\":\"2024-08-23T23:01:02+00:00\",\"dateModified\":\"2025-03-05T23:30:31+00:00\",\"breadcrumb\":{\"@id\":\"https:\/\/huanca.org\/lumifer\/producto\/organizador-repisero-modelo-paris\/#breadcrumb\"},\"inLanguage\":\"es\",\"potentialAction\":[{\"@type\":\"ReadAction\",\"target\":[\"https:\/\/huanca.org\/lumifer\/producto\/organizador-repisero-modelo-paris\/\"]}]},{\"@type\":\"ImageObject\",\"inLanguage\":\"es\",\"@id\":\"https:\/\/huanca.org\/lumifer\/producto\/organizador-repisero-modelo-paris\/#primaryimage\",\"url\":\"https:\/\/huanca.org\/lumifer\/wp-content\/uploads\/2024\/08\/0562073d-ede5-470c-a537-f0a97513a26d.75d290ac4d4dc9615df81d4deb1a356b.jpeg\",\"contentUrl\":\"https:\/\/huanca.org\/lumifer\/wp-content\/uploads\/2024\/08\/0562073d-ede5-470c-a537-f0a97513a26d.75d290ac4d4dc9615df81d4deb1a356b.jpeg\",\"width\":612,\"height\":612,\"caption\":\"ORGANIZADOR REPISERO MODELO PARIS\"},{\"@type\":\"BreadcrumbList\",\"@id\":\"https:\/\/huanca.org\/lumifer\/producto\/organizador-repisero-modelo-paris\/#breadcrumb\",\"itemListElement\":[{\"@type\":\"ListItem\",\"position\":1,\"name\":\"Portada\",\"item\":\"https:\/\/huanca.org\/lumifer\/\"},{\"@type\":\"ListItem\",\"position\":2,\"name\":\"Productos\",\"item\":\"https:\/\/huanca.org\/lumifer\/shop\/\"},{\"@type\":\"ListItem\",\"position\":3,\"name\":\"Repisa Modelo Par\u00eds\"}]},{\"@type\":\"WebSite\",\"@id\":\"https:\/\/huanca.org\/lumifer\/#website\",\"url\":\"https:\/\/huanca.org\/lumifer\/\",\"name\":\"Ferrekasa\",\"description\":\"Tenemos los mejores productos en iluminaci\u00f3n, cerrajer\u00eda, decoraci\u00f3n del hogar y m\u00e1s.\",\"publisher\":{\"@id\":\"https:\/\/huanca.org\/lumifer\/#organization\"},\"potentialAction\":[{\"@type\":\"SearchAction\",\"target\":{\"@type\":\"EntryPoint\",\"urlTemplate\":\"https:\/\/huanca.org\/lumifer\/?s={search_term_string}\"},\"query-input\":{\"@type\":\"PropertyValueSpecification\",\"valueRequired\":true,\"valueName\":\"search_term_string\"}}],\"inLanguage\":\"es\"},{\"@type\":\"Organization\",\"@id\":\"https:\/\/huanca.org\/lumifer\/#organization\",\"name\":\"Ferrekasa\",\"url\":\"https:\/\/huanca.org\/lumifer\/\",\"logo\":{\"@type\":\"ImageObject\",\"inLanguage\":\"es\",\"@id\":\"https:\/\/huanca.org\/lumifer\/#\/schema\/logo\/image\/\",\"url\":\"https:\/\/huanca.org\/lumifer\/wp-content\/uploads\/2024\/07\/Logo_Ferrekasa.svg\",\"contentUrl\":\"https:\/\/huanca.org\/lumifer\/wp-content\/uploads\/2024\/07\/Logo_Ferrekasa.svg\",\"width\":177,\"height\":112,\"caption\":\"Ferrekasa\"},\"image\":{\"@id\":\"https:\/\/huanca.org\/lumifer\/#\/schema\/logo\/image\/\"},\"sameAs\":[\"https:\/\/www.facebook.com\/FERREKASACOMERCIAL\/\"]}]}<\/script>\n<!-- \/ Yoast SEO plugin. -->","yoast_head_json":{"title":"Repisa Modelo Par\u00eds - Ferrekasa","robots":{"index":"index","follow":"follow","max-snippet":"max-snippet:-1","max-image-preview":"max-image-preview:large","max-video-preview":"max-video-preview:-1"},"canonical":"https:\/\/huanca.org\/lumifer\/producto\/organizador-repisero-modelo-paris\/","og_locale":"es_ES","og_type":"article","og_title":"Repisa Modelo Par\u00eds - Ferrekasa","og_url":"https:\/\/huanca.org\/lumifer\/producto\/organizador-repisero-modelo-paris\/","og_site_name":"Ferrekasa","article_publisher":"https:\/\/www.facebook.com\/FERREKASACOMERCIAL\/","article_modified_time":"2025-03-05T23:30:31+00:00","og_image":[{"width":612,"height":612,"url":"https:\/\/huanca.org\/lumifer\/wp-content\/uploads\/2024\/08\/0562073d-ede5-470c-a537-f0a97513a26d.75d290ac4d4dc9615df81d4deb1a356b.jpeg","type":"image\/jpeg"}],"twitter_card":"summary_large_image","twitter_misc":{"Tiempo de lectura":"1 minuto"},"schema":{"@context":"https:\/\/schema.org","@graph":[{"@type":"WebPage","@id":"https:\/\/huanca.org\/lumifer\/producto\/organizador-repisero-modelo-paris\/","url":"https:\/\/huanca.org\/lumifer\/producto\/organizador-repisero-modelo-paris\/","name":"Repisa Modelo Par\u00eds - Ferrekasa","isPartOf":{"@id":"https:\/\/huanca.org\/lumifer\/#website"},"primaryImageOfPage":{"@id":"https:\/\/huanca.org\/lumifer\/producto\/organizador-repisero-modelo-paris\/#primaryimage"},"image":{"@id":"https:\/\/huanca.org\/lumifer\/producto\/organizador-repisero-modelo-paris\/#primaryimage"},"thumbnailUrl":"https:\/\/huanca.org\/lumifer\/wp-content\/uploads\/2024\/08\/0562073d-ede5-470c-a537-f0a97513a26d.75d290ac4d4dc9615df81d4deb1a356b.jpeg","datePublished":"2024-08-23T23:01:02+00:00","dateModified":"2025-03-05T23:30:31+00:00","breadcrumb":{"@id":"https:\/\/huanca.org\/lumifer\/producto\/organizador-repisero-modelo-paris\/#breadcrumb"},"inLanguage":"es","potentialAction":[{"@type":"ReadAction","target":["https:\/\/huanca.org\/lumifer\/producto\/organizador-repisero-modelo-paris\/"]}]},{"@type":"ImageObject","inLanguage":"es","@id":"https:\/\/huanca.org\/lumifer\/producto\/organizador-repisero-modelo-paris\/#primaryimage","url":"https:\/\/huanca.org\/lumifer\/wp-content\/uploads\/2024\/08\/0562073d-ede5-470c-a537-f0a97513a26d.75d290ac4d4dc9615df81d4deb1a356b.jpeg","contentUrl":"https:\/\/huanca.org\/lumifer\/wp-content\/uploads\/2024\/08\/0562073d-ede5-470c-a537-f0a97513a26d.75d290ac4d4dc9615df81d4deb1a356b.jpeg","width":612,"height":612,"caption":"ORGANIZADOR REPISERO MODELO PARIS"},{"@type":"BreadcrumbList","@id":"https:\/\/huanca.org\/lumifer\/producto\/organizador-repisero-modelo-paris\/#breadcrumb","itemListElement":[{"@type":"ListItem","position":1,"name":"Portada","item":"https:\/\/huanca.org\/lumifer\/"},{"@type":"ListItem","position":2,"name":"Productos","item":"https:\/\/huanca.org\/lumifer\/shop\/"},{"@type":"ListItem","position":3,"name":"Repisa Modelo Par\u00eds"}]},{"@type":"WebSite","@id":"https:\/\/huanca.org\/lumifer\/#website","url":"https:\/\/huanca.org\/lumifer\/","name":"Ferrekasa","description":"Tenemos los mejores productos en iluminaci\u00f3n, cerrajer\u00eda, decoraci\u00f3n del hogar y m\u00e1s.","publisher":{"@id":"https:\/\/huanca.org\/lumifer\/#organization"},"potentialAction":[{"@type":"SearchAction","target":{"@type":"EntryPoint","urlTemplate":"https:\/\/huanca.org\/lumifer\/?s={search_term_string}"},"query-input":{"@type":"PropertyValueSpecification","valueRequired":true,"valueName":"search_term_string"}}],"inLanguage":"es"},{"@type":"Organization","@id":"https:\/\/huanca.org\/lumifer\/#organization","name":"Ferrekasa","url":"https:\/\/huanca.org\/lumifer\/","logo":{"@type":"ImageObject","inLanguage":"es","@id":"https:\/\/huanca.org\/lumifer\/#\/schema\/logo\/image\/","url":"https:\/\/huanca.org\/lumifer\/wp-content\/uploads\/2024\/07\/Logo_Ferrekasa.svg","contentUrl":"https:\/\/huanca.org\/lumifer\/wp-content\/uploads\/2024\/07\/Logo_Ferrekasa.svg","width":177,"height":112,"caption":"Ferrekasa"},"image":{"@id":"https:\/\/huanca.org\/lumifer\/#\/schema\/logo\/image\/"},"sameAs":["https:\/\/www.facebook.com\/FERREKASACOMERCIAL\/"]}]}},"_links":{"self":[{"href":"https:\/\/huanca.org\/lumifer\/wp-json\/wp\/v2\/product\/2067","targetHints":{"allow":["GET"]}}],"collection":[{"href":"https:\/\/huanca.org\/lumifer\/wp-json\/wp\/v2\/product"}],"about":[{"href":"https:\/\/huanca.org\/lumifer\/wp-json\/wp\/v2\/types\/product"}],"version-history":[{"count":2,"href":"https:\/\/huanca.org\/lumifer\/wp-json\/wp\/v2\/product\/2067\/revisions"}],"predecessor-version":[{"id":12109,"href":"https:\/\/huanca.org\/lumifer\/wp-json\/wp\/v2\/product\/2067\/revisions\/12109"}],"wp:featuredmedia":[{"embeddable":true,"href":"https:\/\/huanca.org\/lumifer\/wp-json\/wp\/v2\/media\/2070"}],"wp:attachment":[{"href":"https:\/\/huanca.org\/lumifer\/wp-json\/wp\/v2\/media?parent=2067"}],"wp:term":[{"taxonomy":"product_brand","embeddable":true,"href":"https:\/\/huanca.org\/lumifer\/wp-json\/wp\/v2\/product_brand?post=2067"},{"taxonomy":"product_cat","embeddable":true,"href":"https:\/\/huanca.org\/lumifer\/wp-json\/wp\/v2\/product_cat?post=2067"},{"taxonomy":"product_tag","embeddable":true,"href":"https:\/\/huanca.org\/lumifer\/wp-json\/wp\/v2\/product_tag?post=2067"}],"curies":[{"name":"wp","href":"https:\/\/api.w.org\/{rel}","templated":true}]}}