{"id":1745,"date":"2024-08-15T11:28:50","date_gmt":"2024-08-15T16:28:50","guid":{"rendered":"https:\/\/ferrekasa.com.pe\/?post_type=product&#038;p=1745"},"modified":"2024-08-15T11:28:50","modified_gmt":"2024-08-15T16:28:50","slug":"aplique-de-pared-led-impermeable-para-exterior","status":"publish","type":"product","link":"https:\/\/huanca.org\/lumifer\/producto\/aplique-de-pared-led-impermeable-para-exterior\/","title":{"rendered":"Aplique de pared LED impermeable para exterior"},"content":{"rendered":"","protected":false},"excerpt":{"rendered":"<p>Tipo: L\u00e1mpara de pared LED para interiores y exteriores a prueba de agua<br \/>\nEstilo: Moderno \/ Retro<br \/>\nDimensi\u00f3n: 20*8*8cm<br \/>\nMaterial: Metal de aluminio fundido a presi\u00f3n<br \/>\nColor: Negro &amp; Color dorado<br \/>\nVoltaje: AC85-265V<br \/>\nDirecci\u00f3n de la luz: arriba y abajo<br \/>\nTemperatura de color: blanco c\u00e1lido 3000K<br \/>\nPotencia: 10W<br \/>\nL\u00famenes: 1200 lm<br \/>\nResistente al agua: IP65 a prueba de agua<br \/>\nNo regulable<br \/>\nVida \u00fatil: 50 000 horas<\/p>\n","protected":false},"featured_media":1746,"template":"","meta":[],"product_brand":[],"product_cat":[131,118,20],"product_tag":[],"class_list":{"0":"post-1745","1":"product","2":"type-product","3":"status-publish","4":"has-post-thumbnail","6":"product_cat-apliques-de-luz-indirecta","7":"product_cat-braquet-de-exteriores-pared-techo-piso","8":"product_cat-luces-exteriores-y-otros","10":"first","11":"instock","12":"shipping-taxable","13":"product-type-simple"},"yoast_head":"<!-- This site is optimized with the Yoast SEO plugin v25.7 - https:\/\/yoast.com\/wordpress\/plugins\/seo\/ -->\n<title>Aplique de pared LED impermeable para exterior - Ferrekasa<\/title>\n<meta name=\"robots\" content=\"index, follow, max-snippet:-1, max-image-preview:large, max-video-preview:-1\" \/>\n<link rel=\"canonical\" href=\"https:\/\/huanca.org\/lumifer\/producto\/aplique-de-pared-led-impermeable-para-exterior\/\" \/>\n<meta property=\"og:locale\" content=\"es_ES\" \/>\n<meta property=\"og:type\" content=\"article\" \/>\n<meta property=\"og:title\" content=\"Aplique de pared LED impermeable para exterior - Ferrekasa\" \/>\n<meta property=\"og:description\" content=\"Tipo: L\u00e1mpara de pared LED para interiores y exteriores a prueba de agua Estilo: Moderno \/ Retro Dimensi\u00f3n: 20*8*8cm Material: Metal de aluminio fundido a presi\u00f3n Color: Negro &amp; Color dorado Voltaje: AC85-265V Direcci\u00f3n de la luz: arriba y abajo Temperatura de color: blanco c\u00e1lido 3000K Potencia: 10W L\u00famenes: 1200 lm Resistente al agua: IP65 a prueba de agua No regulable Vida \u00fatil: 50 000 horas\" \/>\n<meta property=\"og:url\" content=\"https:\/\/huanca.org\/lumifer\/producto\/aplique-de-pared-led-impermeable-para-exterior\/\" \/>\n<meta property=\"og:site_name\" content=\"Ferrekasa\" \/>\n<meta property=\"article:publisher\" content=\"https:\/\/www.facebook.com\/FERREKASACOMERCIAL\/\" \/>\n<meta property=\"og:image\" content=\"https:\/\/huanca.org\/lumifer\/wp-content\/uploads\/2024\/08\/61W86gvKcwL._AC_SX679_.jpg\" \/>\n\t<meta property=\"og:image:width\" content=\"679\" \/>\n\t<meta property=\"og:image:height\" content=\"679\" \/>\n\t<meta property=\"og:image:type\" content=\"image\/jpeg\" \/>\n<meta name=\"twitter:card\" content=\"summary_large_image\" \/>\n<script type=\"application\/ld+json\" class=\"yoast-schema-graph\">{\"@context\":\"https:\/\/schema.org\",\"@graph\":[{\"@type\":\"WebPage\",\"@id\":\"https:\/\/huanca.org\/lumifer\/producto\/aplique-de-pared-led-impermeable-para-exterior\/\",\"url\":\"https:\/\/huanca.org\/lumifer\/producto\/aplique-de-pared-led-impermeable-para-exterior\/\",\"name\":\"Aplique de pared LED impermeable para exterior - Ferrekasa\",\"isPartOf\":{\"@id\":\"https:\/\/huanca.org\/lumifer\/#website\"},\"primaryImageOfPage\":{\"@id\":\"https:\/\/huanca.org\/lumifer\/producto\/aplique-de-pared-led-impermeable-para-exterior\/#primaryimage\"},\"image\":{\"@id\":\"https:\/\/huanca.org\/lumifer\/producto\/aplique-de-pared-led-impermeable-para-exterior\/#primaryimage\"},\"thumbnailUrl\":\"https:\/\/huanca.org\/lumifer\/wp-content\/uploads\/2024\/08\/61W86gvKcwL._AC_SX679_.jpg\",\"datePublished\":\"2024-08-15T16:28:50+00:00\",\"breadcrumb\":{\"@id\":\"https:\/\/huanca.org\/lumifer\/producto\/aplique-de-pared-led-impermeable-para-exterior\/#breadcrumb\"},\"inLanguage\":\"es\",\"potentialAction\":[{\"@type\":\"ReadAction\",\"target\":[\"https:\/\/huanca.org\/lumifer\/producto\/aplique-de-pared-led-impermeable-para-exterior\/\"]}]},{\"@type\":\"ImageObject\",\"inLanguage\":\"es\",\"@id\":\"https:\/\/huanca.org\/lumifer\/producto\/aplique-de-pared-led-impermeable-para-exterior\/#primaryimage\",\"url\":\"https:\/\/huanca.org\/lumifer\/wp-content\/uploads\/2024\/08\/61W86gvKcwL._AC_SX679_.jpg\",\"contentUrl\":\"https:\/\/huanca.org\/lumifer\/wp-content\/uploads\/2024\/08\/61W86gvKcwL._AC_SX679_.jpg\",\"width\":679,\"height\":679,\"caption\":\"61W86gvKcwL._AC_SX679_\"},{\"@type\":\"BreadcrumbList\",\"@id\":\"https:\/\/huanca.org\/lumifer\/producto\/aplique-de-pared-led-impermeable-para-exterior\/#breadcrumb\",\"itemListElement\":[{\"@type\":\"ListItem\",\"position\":1,\"name\":\"Portada\",\"item\":\"https:\/\/huanca.org\/lumifer\/\"},{\"@type\":\"ListItem\",\"position\":2,\"name\":\"Productos\",\"item\":\"https:\/\/huanca.org\/lumifer\/shop\/\"},{\"@type\":\"ListItem\",\"position\":3,\"name\":\"Aplique de pared LED impermeable para exterior\"}]},{\"@type\":\"WebSite\",\"@id\":\"https:\/\/huanca.org\/lumifer\/#website\",\"url\":\"https:\/\/huanca.org\/lumifer\/\",\"name\":\"Ferrekasa\",\"description\":\"Tenemos los mejores productos en iluminaci\u00f3n, cerrajer\u00eda, decoraci\u00f3n del hogar y m\u00e1s.\",\"publisher\":{\"@id\":\"https:\/\/huanca.org\/lumifer\/#organization\"},\"potentialAction\":[{\"@type\":\"SearchAction\",\"target\":{\"@type\":\"EntryPoint\",\"urlTemplate\":\"https:\/\/huanca.org\/lumifer\/?s={search_term_string}\"},\"query-input\":{\"@type\":\"PropertyValueSpecification\",\"valueRequired\":true,\"valueName\":\"search_term_string\"}}],\"inLanguage\":\"es\"},{\"@type\":\"Organization\",\"@id\":\"https:\/\/huanca.org\/lumifer\/#organization\",\"name\":\"Ferrekasa\",\"url\":\"https:\/\/huanca.org\/lumifer\/\",\"logo\":{\"@type\":\"ImageObject\",\"inLanguage\":\"es\",\"@id\":\"https:\/\/huanca.org\/lumifer\/#\/schema\/logo\/image\/\",\"url\":\"https:\/\/huanca.org\/lumifer\/wp-content\/uploads\/2024\/07\/Logo_Ferrekasa.svg\",\"contentUrl\":\"https:\/\/huanca.org\/lumifer\/wp-content\/uploads\/2024\/07\/Logo_Ferrekasa.svg\",\"width\":177,\"height\":112,\"caption\":\"Ferrekasa\"},\"image\":{\"@id\":\"https:\/\/huanca.org\/lumifer\/#\/schema\/logo\/image\/\"},\"sameAs\":[\"https:\/\/www.facebook.com\/FERREKASACOMERCIAL\/\"]}]}<\/script>\n<!-- \/ Yoast SEO plugin. -->","yoast_head_json":{"title":"Aplique de pared LED impermeable para exterior - Ferrekasa","robots":{"index":"index","follow":"follow","max-snippet":"max-snippet:-1","max-image-preview":"max-image-preview:large","max-video-preview":"max-video-preview:-1"},"canonical":"https:\/\/huanca.org\/lumifer\/producto\/aplique-de-pared-led-impermeable-para-exterior\/","og_locale":"es_ES","og_type":"article","og_title":"Aplique de pared LED impermeable para exterior - Ferrekasa","og_description":"Tipo: L\u00e1mpara de pared LED para interiores y exteriores a prueba de agua Estilo: Moderno \/ Retro Dimensi\u00f3n: 20*8*8cm Material: Metal de aluminio fundido a presi\u00f3n Color: Negro &amp; Color dorado Voltaje: AC85-265V Direcci\u00f3n de la luz: arriba y abajo Temperatura de color: blanco c\u00e1lido 3000K Potencia: 10W L\u00famenes: 1200 lm Resistente al agua: IP65 a prueba de agua No regulable Vida \u00fatil: 50 000 horas","og_url":"https:\/\/huanca.org\/lumifer\/producto\/aplique-de-pared-led-impermeable-para-exterior\/","og_site_name":"Ferrekasa","article_publisher":"https:\/\/www.facebook.com\/FERREKASACOMERCIAL\/","og_image":[{"width":679,"height":679,"url":"https:\/\/huanca.org\/lumifer\/wp-content\/uploads\/2024\/08\/61W86gvKcwL._AC_SX679_.jpg","type":"image\/jpeg"}],"twitter_card":"summary_large_image","schema":{"@context":"https:\/\/schema.org","@graph":[{"@type":"WebPage","@id":"https:\/\/huanca.org\/lumifer\/producto\/aplique-de-pared-led-impermeable-para-exterior\/","url":"https:\/\/huanca.org\/lumifer\/producto\/aplique-de-pared-led-impermeable-para-exterior\/","name":"Aplique de pared LED impermeable para exterior - Ferrekasa","isPartOf":{"@id":"https:\/\/huanca.org\/lumifer\/#website"},"primaryImageOfPage":{"@id":"https:\/\/huanca.org\/lumifer\/producto\/aplique-de-pared-led-impermeable-para-exterior\/#primaryimage"},"image":{"@id":"https:\/\/huanca.org\/lumifer\/producto\/aplique-de-pared-led-impermeable-para-exterior\/#primaryimage"},"thumbnailUrl":"https:\/\/huanca.org\/lumifer\/wp-content\/uploads\/2024\/08\/61W86gvKcwL._AC_SX679_.jpg","datePublished":"2024-08-15T16:28:50+00:00","breadcrumb":{"@id":"https:\/\/huanca.org\/lumifer\/producto\/aplique-de-pared-led-impermeable-para-exterior\/#breadcrumb"},"inLanguage":"es","potentialAction":[{"@type":"ReadAction","target":["https:\/\/huanca.org\/lumifer\/producto\/aplique-de-pared-led-impermeable-para-exterior\/"]}]},{"@type":"ImageObject","inLanguage":"es","@id":"https:\/\/huanca.org\/lumifer\/producto\/aplique-de-pared-led-impermeable-para-exterior\/#primaryimage","url":"https:\/\/huanca.org\/lumifer\/wp-content\/uploads\/2024\/08\/61W86gvKcwL._AC_SX679_.jpg","contentUrl":"https:\/\/huanca.org\/lumifer\/wp-content\/uploads\/2024\/08\/61W86gvKcwL._AC_SX679_.jpg","width":679,"height":679,"caption":"61W86gvKcwL._AC_SX679_"},{"@type":"BreadcrumbList","@id":"https:\/\/huanca.org\/lumifer\/producto\/aplique-de-pared-led-impermeable-para-exterior\/#breadcrumb","itemListElement":[{"@type":"ListItem","position":1,"name":"Portada","item":"https:\/\/huanca.org\/lumifer\/"},{"@type":"ListItem","position":2,"name":"Productos","item":"https:\/\/huanca.org\/lumifer\/shop\/"},{"@type":"ListItem","position":3,"name":"Aplique de pared LED impermeable para exterior"}]},{"@type":"WebSite","@id":"https:\/\/huanca.org\/lumifer\/#website","url":"https:\/\/huanca.org\/lumifer\/","name":"Ferrekasa","description":"Tenemos los mejores productos en iluminaci\u00f3n, cerrajer\u00eda, decoraci\u00f3n del hogar y m\u00e1s.","publisher":{"@id":"https:\/\/huanca.org\/lumifer\/#organization"},"potentialAction":[{"@type":"SearchAction","target":{"@type":"EntryPoint","urlTemplate":"https:\/\/huanca.org\/lumifer\/?s={search_term_string}"},"query-input":{"@type":"PropertyValueSpecification","valueRequired":true,"valueName":"search_term_string"}}],"inLanguage":"es"},{"@type":"Organization","@id":"https:\/\/huanca.org\/lumifer\/#organization","name":"Ferrekasa","url":"https:\/\/huanca.org\/lumifer\/","logo":{"@type":"ImageObject","inLanguage":"es","@id":"https:\/\/huanca.org\/lumifer\/#\/schema\/logo\/image\/","url":"https:\/\/huanca.org\/lumifer\/wp-content\/uploads\/2024\/07\/Logo_Ferrekasa.svg","contentUrl":"https:\/\/huanca.org\/lumifer\/wp-content\/uploads\/2024\/07\/Logo_Ferrekasa.svg","width":177,"height":112,"caption":"Ferrekasa"},"image":{"@id":"https:\/\/huanca.org\/lumifer\/#\/schema\/logo\/image\/"},"sameAs":["https:\/\/www.facebook.com\/FERREKASACOMERCIAL\/"]}]}},"_links":{"self":[{"href":"https:\/\/huanca.org\/lumifer\/wp-json\/wp\/v2\/product\/1745","targetHints":{"allow":["GET"]}}],"collection":[{"href":"https:\/\/huanca.org\/lumifer\/wp-json\/wp\/v2\/product"}],"about":[{"href":"https:\/\/huanca.org\/lumifer\/wp-json\/wp\/v2\/types\/product"}],"version-history":[{"count":0,"href":"https:\/\/huanca.org\/lumifer\/wp-json\/wp\/v2\/product\/1745\/revisions"}],"wp:featuredmedia":[{"embeddable":true,"href":"https:\/\/huanca.org\/lumifer\/wp-json\/wp\/v2\/media\/1746"}],"wp:attachment":[{"href":"https:\/\/huanca.org\/lumifer\/wp-json\/wp\/v2\/media?parent=1745"}],"wp:term":[{"taxonomy":"product_brand","embeddable":true,"href":"https:\/\/huanca.org\/lumifer\/wp-json\/wp\/v2\/product_brand?post=1745"},{"taxonomy":"product_cat","embeddable":true,"href":"https:\/\/huanca.org\/lumifer\/wp-json\/wp\/v2\/product_cat?post=1745"},{"taxonomy":"product_tag","embeddable":true,"href":"https:\/\/huanca.org\/lumifer\/wp-json\/wp\/v2\/product_tag?post=1745"}],"curies":[{"name":"wp","href":"https:\/\/api.w.org\/{rel}","templated":true}]}}