{"id":1646,"date":"2024-08-09T19:31:41","date_gmt":"2024-08-10T00:31:41","guid":{"rendered":"https:\/\/ferrekasa.com.pe\/?post_type=product&#038;p=1646"},"modified":"2024-08-09T19:33:00","modified_gmt":"2024-08-10T00:33:00","slug":"aplique-de-luz-smart-cuadrada-de-pared","status":"publish","type":"product","link":"https:\/\/huanca.org\/lumifer\/producto\/aplique-de-luz-smart-cuadrada-de-pared\/","title":{"rendered":"Aplique de Luz SMART cuadrada de pared"},"content":{"rendered":"","protected":false},"excerpt":{"rendered":"<ul>\n<li>Modelo: WLS<\/li>\n<li>Voltaje de trabajo: AC220-240V<\/li>\n<li>Frecuencia de voltaje: 50\/60HZ<\/li>\n<li>Potencia: 12W<\/li>\n<li>Flujo luminoso: 500LM (2,700K)<\/li>\n<li>Temperatura de color: 2,700K-6,500K<\/li>\n<li>\u00c1ngulo del haz: 120\u00ba<\/li>\n<li>Tiempo de vida: 20,000 horas<\/li>\n<li>Dimming: 1%-100%<\/li>\n<li>Rango de IP: IP54<\/li>\n<li>Protocolo de bluetooth mesh: 4.2<\/li>\n<li>Est\u00e1ndar de bluetooth mesh: SIG ESTANDAR GENERAL<\/li>\n<li>Dimensiones: 160x160x100mm<\/li>\n<li>Material: ABS + PC<\/li>\n<\/ul>\n","protected":false},"featured_media":1649,"template":"","meta":[],"product_brand":[],"product_cat":[130,118,20],"product_tag":[],"class_list":{"0":"post-1646","1":"product","2":"type-product","3":"status-publish","4":"has-post-thumbnail","6":"product_cat-apliques-de-iluminacion-general","7":"product_cat-braquet-de-exteriores-pared-techo-piso","8":"product_cat-luces-exteriores-y-otros","10":"first","11":"instock","12":"shipping-taxable","13":"product-type-simple"},"yoast_head":"<!-- This site is optimized with the Yoast SEO plugin v25.7 - https:\/\/yoast.com\/wordpress\/plugins\/seo\/ -->\n<title>Aplique de Luz SMART cuadrada de pared - Ferrekasa<\/title>\n<meta name=\"robots\" content=\"index, follow, max-snippet:-1, max-image-preview:large, max-video-preview:-1\" \/>\n<link rel=\"canonical\" href=\"https:\/\/huanca.org\/lumifer\/producto\/aplique-de-luz-smart-cuadrada-de-pared\/\" \/>\n<meta property=\"og:locale\" content=\"es_ES\" \/>\n<meta property=\"og:type\" content=\"article\" \/>\n<meta property=\"og:title\" content=\"Aplique de Luz SMART cuadrada de pared - Ferrekasa\" \/>\n<meta property=\"og:description\" content=\"Modelo: WLS  Voltaje de trabajo: AC220-240V  Frecuencia de voltaje: 50\/60HZ  Potencia: 12W  Flujo luminoso: 500LM (2,700K)  Temperatura de color: 2,700K-6,500K  \u00c1ngulo del haz: 120\u00ba  Tiempo de vida: 20,000 horas  Dimming: 1%-100%  Rango de IP: IP54  Protocolo de bluetooth mesh: 4.2  Est\u00e1ndar de bluetooth mesh: SIG ESTANDAR GENERAL  Dimensiones: 160x160x100mm  Material: ABS + PC\" \/>\n<meta property=\"og:url\" content=\"https:\/\/huanca.org\/lumifer\/producto\/aplique-de-luz-smart-cuadrada-de-pared\/\" \/>\n<meta property=\"og:site_name\" content=\"Ferrekasa\" \/>\n<meta property=\"article:publisher\" content=\"https:\/\/www.facebook.com\/FERREKASACOMERCIAL\/\" \/>\n<meta property=\"article:modified_time\" content=\"2024-08-10T00:33:00+00:00\" \/>\n<meta property=\"og:image\" content=\"https:\/\/huanca.org\/lumifer\/wp-content\/uploads\/2024\/08\/Luz-inteligente-cuadrada-de-pared-03.jpg\" \/>\n\t<meta property=\"og:image:width\" content=\"715\" \/>\n\t<meta property=\"og:image:height\" content=\"715\" \/>\n\t<meta property=\"og:image:type\" content=\"image\/jpeg\" \/>\n<meta name=\"twitter:card\" content=\"summary_large_image\" \/>\n<script type=\"application\/ld+json\" class=\"yoast-schema-graph\">{\"@context\":\"https:\/\/schema.org\",\"@graph\":[{\"@type\":\"WebPage\",\"@id\":\"https:\/\/huanca.org\/lumifer\/producto\/aplique-de-luz-smart-cuadrada-de-pared\/\",\"url\":\"https:\/\/huanca.org\/lumifer\/producto\/aplique-de-luz-smart-cuadrada-de-pared\/\",\"name\":\"Aplique de Luz SMART cuadrada de pared - Ferrekasa\",\"isPartOf\":{\"@id\":\"https:\/\/huanca.org\/lumifer\/#website\"},\"primaryImageOfPage\":{\"@id\":\"https:\/\/huanca.org\/lumifer\/producto\/aplique-de-luz-smart-cuadrada-de-pared\/#primaryimage\"},\"image\":{\"@id\":\"https:\/\/huanca.org\/lumifer\/producto\/aplique-de-luz-smart-cuadrada-de-pared\/#primaryimage\"},\"thumbnailUrl\":\"https:\/\/huanca.org\/lumifer\/wp-content\/uploads\/2024\/08\/Luz-inteligente-cuadrada-de-pared-03.jpg\",\"datePublished\":\"2024-08-10T00:31:41+00:00\",\"dateModified\":\"2024-08-10T00:33:00+00:00\",\"breadcrumb\":{\"@id\":\"https:\/\/huanca.org\/lumifer\/producto\/aplique-de-luz-smart-cuadrada-de-pared\/#breadcrumb\"},\"inLanguage\":\"es\",\"potentialAction\":[{\"@type\":\"ReadAction\",\"target\":[\"https:\/\/huanca.org\/lumifer\/producto\/aplique-de-luz-smart-cuadrada-de-pared\/\"]}]},{\"@type\":\"ImageObject\",\"inLanguage\":\"es\",\"@id\":\"https:\/\/huanca.org\/lumifer\/producto\/aplique-de-luz-smart-cuadrada-de-pared\/#primaryimage\",\"url\":\"https:\/\/huanca.org\/lumifer\/wp-content\/uploads\/2024\/08\/Luz-inteligente-cuadrada-de-pared-03.jpg\",\"contentUrl\":\"https:\/\/huanca.org\/lumifer\/wp-content\/uploads\/2024\/08\/Luz-inteligente-cuadrada-de-pared-03.jpg\",\"width\":715,\"height\":715,\"caption\":\"Luz-inteligente-cuadrada-de-pared-03\"},{\"@type\":\"BreadcrumbList\",\"@id\":\"https:\/\/huanca.org\/lumifer\/producto\/aplique-de-luz-smart-cuadrada-de-pared\/#breadcrumb\",\"itemListElement\":[{\"@type\":\"ListItem\",\"position\":1,\"name\":\"Portada\",\"item\":\"https:\/\/huanca.org\/lumifer\/\"},{\"@type\":\"ListItem\",\"position\":2,\"name\":\"Productos\",\"item\":\"https:\/\/huanca.org\/lumifer\/shop\/\"},{\"@type\":\"ListItem\",\"position\":3,\"name\":\"Aplique de Luz SMART cuadrada de pared\"}]},{\"@type\":\"WebSite\",\"@id\":\"https:\/\/huanca.org\/lumifer\/#website\",\"url\":\"https:\/\/huanca.org\/lumifer\/\",\"name\":\"Ferrekasa\",\"description\":\"Tenemos los mejores productos en iluminaci\u00f3n, cerrajer\u00eda, decoraci\u00f3n del hogar y m\u00e1s.\",\"publisher\":{\"@id\":\"https:\/\/huanca.org\/lumifer\/#organization\"},\"potentialAction\":[{\"@type\":\"SearchAction\",\"target\":{\"@type\":\"EntryPoint\",\"urlTemplate\":\"https:\/\/huanca.org\/lumifer\/?s={search_term_string}\"},\"query-input\":{\"@type\":\"PropertyValueSpecification\",\"valueRequired\":true,\"valueName\":\"search_term_string\"}}],\"inLanguage\":\"es\"},{\"@type\":\"Organization\",\"@id\":\"https:\/\/huanca.org\/lumifer\/#organization\",\"name\":\"Ferrekasa\",\"url\":\"https:\/\/huanca.org\/lumifer\/\",\"logo\":{\"@type\":\"ImageObject\",\"inLanguage\":\"es\",\"@id\":\"https:\/\/huanca.org\/lumifer\/#\/schema\/logo\/image\/\",\"url\":\"https:\/\/huanca.org\/lumifer\/wp-content\/uploads\/2024\/07\/Logo_Ferrekasa.svg\",\"contentUrl\":\"https:\/\/huanca.org\/lumifer\/wp-content\/uploads\/2024\/07\/Logo_Ferrekasa.svg\",\"width\":177,\"height\":112,\"caption\":\"Ferrekasa\"},\"image\":{\"@id\":\"https:\/\/huanca.org\/lumifer\/#\/schema\/logo\/image\/\"},\"sameAs\":[\"https:\/\/www.facebook.com\/FERREKASACOMERCIAL\/\"]}]}<\/script>\n<!-- \/ Yoast SEO plugin. -->","yoast_head_json":{"title":"Aplique de Luz SMART cuadrada de pared - Ferrekasa","robots":{"index":"index","follow":"follow","max-snippet":"max-snippet:-1","max-image-preview":"max-image-preview:large","max-video-preview":"max-video-preview:-1"},"canonical":"https:\/\/huanca.org\/lumifer\/producto\/aplique-de-luz-smart-cuadrada-de-pared\/","og_locale":"es_ES","og_type":"article","og_title":"Aplique de Luz SMART cuadrada de pared - Ferrekasa","og_description":"Modelo: WLS  Voltaje de trabajo: AC220-240V  Frecuencia de voltaje: 50\/60HZ  Potencia: 12W  Flujo luminoso: 500LM (2,700K)  Temperatura de color: 2,700K-6,500K  \u00c1ngulo del haz: 120\u00ba  Tiempo de vida: 20,000 horas  Dimming: 1%-100%  Rango de IP: IP54  Protocolo de bluetooth mesh: 4.2  Est\u00e1ndar de bluetooth mesh: SIG ESTANDAR GENERAL  Dimensiones: 160x160x100mm  Material: ABS + PC","og_url":"https:\/\/huanca.org\/lumifer\/producto\/aplique-de-luz-smart-cuadrada-de-pared\/","og_site_name":"Ferrekasa","article_publisher":"https:\/\/www.facebook.com\/FERREKASACOMERCIAL\/","article_modified_time":"2024-08-10T00:33:00+00:00","og_image":[{"width":715,"height":715,"url":"https:\/\/huanca.org\/lumifer\/wp-content\/uploads\/2024\/08\/Luz-inteligente-cuadrada-de-pared-03.jpg","type":"image\/jpeg"}],"twitter_card":"summary_large_image","schema":{"@context":"https:\/\/schema.org","@graph":[{"@type":"WebPage","@id":"https:\/\/huanca.org\/lumifer\/producto\/aplique-de-luz-smart-cuadrada-de-pared\/","url":"https:\/\/huanca.org\/lumifer\/producto\/aplique-de-luz-smart-cuadrada-de-pared\/","name":"Aplique de Luz SMART cuadrada de pared - Ferrekasa","isPartOf":{"@id":"https:\/\/huanca.org\/lumifer\/#website"},"primaryImageOfPage":{"@id":"https:\/\/huanca.org\/lumifer\/producto\/aplique-de-luz-smart-cuadrada-de-pared\/#primaryimage"},"image":{"@id":"https:\/\/huanca.org\/lumifer\/producto\/aplique-de-luz-smart-cuadrada-de-pared\/#primaryimage"},"thumbnailUrl":"https:\/\/huanca.org\/lumifer\/wp-content\/uploads\/2024\/08\/Luz-inteligente-cuadrada-de-pared-03.jpg","datePublished":"2024-08-10T00:31:41+00:00","dateModified":"2024-08-10T00:33:00+00:00","breadcrumb":{"@id":"https:\/\/huanca.org\/lumifer\/producto\/aplique-de-luz-smart-cuadrada-de-pared\/#breadcrumb"},"inLanguage":"es","potentialAction":[{"@type":"ReadAction","target":["https:\/\/huanca.org\/lumifer\/producto\/aplique-de-luz-smart-cuadrada-de-pared\/"]}]},{"@type":"ImageObject","inLanguage":"es","@id":"https:\/\/huanca.org\/lumifer\/producto\/aplique-de-luz-smart-cuadrada-de-pared\/#primaryimage","url":"https:\/\/huanca.org\/lumifer\/wp-content\/uploads\/2024\/08\/Luz-inteligente-cuadrada-de-pared-03.jpg","contentUrl":"https:\/\/huanca.org\/lumifer\/wp-content\/uploads\/2024\/08\/Luz-inteligente-cuadrada-de-pared-03.jpg","width":715,"height":715,"caption":"Luz-inteligente-cuadrada-de-pared-03"},{"@type":"BreadcrumbList","@id":"https:\/\/huanca.org\/lumifer\/producto\/aplique-de-luz-smart-cuadrada-de-pared\/#breadcrumb","itemListElement":[{"@type":"ListItem","position":1,"name":"Portada","item":"https:\/\/huanca.org\/lumifer\/"},{"@type":"ListItem","position":2,"name":"Productos","item":"https:\/\/huanca.org\/lumifer\/shop\/"},{"@type":"ListItem","position":3,"name":"Aplique de Luz SMART cuadrada de pared"}]},{"@type":"WebSite","@id":"https:\/\/huanca.org\/lumifer\/#website","url":"https:\/\/huanca.org\/lumifer\/","name":"Ferrekasa","description":"Tenemos los mejores productos en iluminaci\u00f3n, cerrajer\u00eda, decoraci\u00f3n del hogar y m\u00e1s.","publisher":{"@id":"https:\/\/huanca.org\/lumifer\/#organization"},"potentialAction":[{"@type":"SearchAction","target":{"@type":"EntryPoint","urlTemplate":"https:\/\/huanca.org\/lumifer\/?s={search_term_string}"},"query-input":{"@type":"PropertyValueSpecification","valueRequired":true,"valueName":"search_term_string"}}],"inLanguage":"es"},{"@type":"Organization","@id":"https:\/\/huanca.org\/lumifer\/#organization","name":"Ferrekasa","url":"https:\/\/huanca.org\/lumifer\/","logo":{"@type":"ImageObject","inLanguage":"es","@id":"https:\/\/huanca.org\/lumifer\/#\/schema\/logo\/image\/","url":"https:\/\/huanca.org\/lumifer\/wp-content\/uploads\/2024\/07\/Logo_Ferrekasa.svg","contentUrl":"https:\/\/huanca.org\/lumifer\/wp-content\/uploads\/2024\/07\/Logo_Ferrekasa.svg","width":177,"height":112,"caption":"Ferrekasa"},"image":{"@id":"https:\/\/huanca.org\/lumifer\/#\/schema\/logo\/image\/"},"sameAs":["https:\/\/www.facebook.com\/FERREKASACOMERCIAL\/"]}]}},"_links":{"self":[{"href":"https:\/\/huanca.org\/lumifer\/wp-json\/wp\/v2\/product\/1646","targetHints":{"allow":["GET"]}}],"collection":[{"href":"https:\/\/huanca.org\/lumifer\/wp-json\/wp\/v2\/product"}],"about":[{"href":"https:\/\/huanca.org\/lumifer\/wp-json\/wp\/v2\/types\/product"}],"version-history":[{"count":0,"href":"https:\/\/huanca.org\/lumifer\/wp-json\/wp\/v2\/product\/1646\/revisions"}],"wp:featuredmedia":[{"embeddable":true,"href":"https:\/\/huanca.org\/lumifer\/wp-json\/wp\/v2\/media\/1649"}],"wp:attachment":[{"href":"https:\/\/huanca.org\/lumifer\/wp-json\/wp\/v2\/media?parent=1646"}],"wp:term":[{"taxonomy":"product_brand","embeddable":true,"href":"https:\/\/huanca.org\/lumifer\/wp-json\/wp\/v2\/product_brand?post=1646"},{"taxonomy":"product_cat","embeddable":true,"href":"https:\/\/huanca.org\/lumifer\/wp-json\/wp\/v2\/product_cat?post=1646"},{"taxonomy":"product_tag","embeddable":true,"href":"https:\/\/huanca.org\/lumifer\/wp-json\/wp\/v2\/product_tag?post=1646"}],"curies":[{"name":"wp","href":"https:\/\/api.w.org\/{rel}","templated":true}]}}