{"id":12743,"date":"2025-05-21T17:34:32","date_gmt":"2025-05-21T22:34:32","guid":{"rendered":"https:\/\/ferrekasa.com.pe\/?post_type=product&#038;p=12743"},"modified":"2025-05-21T17:34:32","modified_gmt":"2025-05-21T22:34:32","slug":"espejo-led-amorfo-largo","status":"publish","type":"product","link":"https:\/\/huanca.org\/lumifer\/producto\/espejo-led-amorfo-largo\/","title":{"rendered":"Espejo Led Amorfo Largo"},"content":{"rendered":"","protected":false},"excerpt":{"rendered":"<ul>\n<li><strong>Temperatura de color 3cct :\u00a0<\/strong><span style=\"color: #99ccff\">Luz Fr\u00eda 6400K<\/span>\u00a0\u2013\u00a0<span style=\"color: #ccffcc\">Luz neutra 4000k<\/span>\u00a0\u2013\u00a0<span style=\"color: #ffcc99\">Luz c\u00e1lida 3000k<\/span><\/li>\n<li><strong>Dimensiones :<\/strong> 150 cm x 50 cm<\/li>\n<li><strong>Modelo :<\/strong> Amorfo Largo \u2013 LME-016<\/li>\n<li><strong>Encendido Touch<\/strong><\/li>\n<li><strong>Dimmable\u00a0<\/strong><\/li>\n<li><strong>Sin bordes retroiluminado<\/strong><\/li>\n<\/ul>\n","protected":false},"featured_media":12744,"template":"","meta":[],"product_brand":[],"product_cat":[179],"product_tag":[],"class_list":{"0":"post-12743","1":"product","2":"type-product","3":"status-publish","4":"has-post-thumbnail","6":"product_cat-espejos-led-y-de-aumento","8":"first","9":"instock","10":"shipping-taxable","11":"product-type-simple"},"yoast_head":"<!-- This site is optimized with the Yoast SEO plugin v25.7 - https:\/\/yoast.com\/wordpress\/plugins\/seo\/ -->\n<title>Espejo Led Amorfo Largo - Ferrekasa<\/title>\n<meta name=\"robots\" content=\"index, follow, max-snippet:-1, max-image-preview:large, max-video-preview:-1\" \/>\n<link rel=\"canonical\" href=\"https:\/\/huanca.org\/lumifer\/producto\/espejo-led-amorfo-largo\/\" \/>\n<meta property=\"og:locale\" content=\"es_ES\" \/>\n<meta property=\"og:type\" content=\"article\" \/>\n<meta property=\"og:title\" content=\"Espejo Led Amorfo Largo - Ferrekasa\" \/>\n<meta property=\"og:description\" content=\"Temperatura de color 3cct :\u00a0Luz Fr\u00eda 6400K\u00a0\u2013\u00a0Luz neutra 4000k\u00a0\u2013\u00a0Luz c\u00e1lida 3000k  Dimensiones : 150 cm x 50 cm  Modelo : Amorfo Largo \u2013 LME-016  Encendido Touch  Dimmable\u00a0  Sin bordes retroiluminado\" \/>\n<meta property=\"og:url\" content=\"https:\/\/huanca.org\/lumifer\/producto\/espejo-led-amorfo-largo\/\" \/>\n<meta property=\"og:site_name\" content=\"Ferrekasa\" \/>\n<meta property=\"article:publisher\" content=\"https:\/\/www.facebook.com\/FERREKASACOMERCIAL\/\" \/>\n<meta property=\"og:image\" content=\"https:\/\/huanca.org\/lumifer\/wp-content\/uploads\/2025\/05\/AMORFO-LARGO-1.png\" \/>\n\t<meta property=\"og:image:width\" content=\"349\" \/>\n\t<meta property=\"og:image:height\" content=\"349\" \/>\n\t<meta property=\"og:image:type\" content=\"image\/png\" \/>\n<meta name=\"twitter:card\" content=\"summary_large_image\" \/>\n<meta name=\"twitter:label1\" content=\"Tiempo de lectura\" \/>\n\t<meta name=\"twitter:data1\" content=\"1 minuto\" \/>\n<script type=\"application\/ld+json\" class=\"yoast-schema-graph\">{\"@context\":\"https:\/\/schema.org\",\"@graph\":[{\"@type\":\"WebPage\",\"@id\":\"https:\/\/huanca.org\/lumifer\/producto\/espejo-led-amorfo-largo\/\",\"url\":\"https:\/\/huanca.org\/lumifer\/producto\/espejo-led-amorfo-largo\/\",\"name\":\"Espejo Led Amorfo Largo - Ferrekasa\",\"isPartOf\":{\"@id\":\"https:\/\/huanca.org\/lumifer\/#website\"},\"primaryImageOfPage\":{\"@id\":\"https:\/\/huanca.org\/lumifer\/producto\/espejo-led-amorfo-largo\/#primaryimage\"},\"image\":{\"@id\":\"https:\/\/huanca.org\/lumifer\/producto\/espejo-led-amorfo-largo\/#primaryimage\"},\"thumbnailUrl\":\"https:\/\/huanca.org\/lumifer\/wp-content\/uploads\/2025\/05\/AMORFO-LARGO-1.png\",\"datePublished\":\"2025-05-21T22:34:32+00:00\",\"breadcrumb\":{\"@id\":\"https:\/\/huanca.org\/lumifer\/producto\/espejo-led-amorfo-largo\/#breadcrumb\"},\"inLanguage\":\"es\",\"potentialAction\":[{\"@type\":\"ReadAction\",\"target\":[\"https:\/\/huanca.org\/lumifer\/producto\/espejo-led-amorfo-largo\/\"]}]},{\"@type\":\"ImageObject\",\"inLanguage\":\"es\",\"@id\":\"https:\/\/huanca.org\/lumifer\/producto\/espejo-led-amorfo-largo\/#primaryimage\",\"url\":\"https:\/\/huanca.org\/lumifer\/wp-content\/uploads\/2025\/05\/AMORFO-LARGO-1.png\",\"contentUrl\":\"https:\/\/huanca.org\/lumifer\/wp-content\/uploads\/2025\/05\/AMORFO-LARGO-1.png\",\"width\":349,\"height\":349},{\"@type\":\"BreadcrumbList\",\"@id\":\"https:\/\/huanca.org\/lumifer\/producto\/espejo-led-amorfo-largo\/#breadcrumb\",\"itemListElement\":[{\"@type\":\"ListItem\",\"position\":1,\"name\":\"Portada\",\"item\":\"https:\/\/huanca.org\/lumifer\/\"},{\"@type\":\"ListItem\",\"position\":2,\"name\":\"Productos\",\"item\":\"https:\/\/huanca.org\/lumifer\/shop\/\"},{\"@type\":\"ListItem\",\"position\":3,\"name\":\"Espejo Led Amorfo Largo\"}]},{\"@type\":\"WebSite\",\"@id\":\"https:\/\/huanca.org\/lumifer\/#website\",\"url\":\"https:\/\/huanca.org\/lumifer\/\",\"name\":\"Ferrekasa\",\"description\":\"Tenemos los mejores productos en iluminaci\u00f3n, cerrajer\u00eda, decoraci\u00f3n del hogar y m\u00e1s.\",\"publisher\":{\"@id\":\"https:\/\/huanca.org\/lumifer\/#organization\"},\"potentialAction\":[{\"@type\":\"SearchAction\",\"target\":{\"@type\":\"EntryPoint\",\"urlTemplate\":\"https:\/\/huanca.org\/lumifer\/?s={search_term_string}\"},\"query-input\":{\"@type\":\"PropertyValueSpecification\",\"valueRequired\":true,\"valueName\":\"search_term_string\"}}],\"inLanguage\":\"es\"},{\"@type\":\"Organization\",\"@id\":\"https:\/\/huanca.org\/lumifer\/#organization\",\"name\":\"Ferrekasa\",\"url\":\"https:\/\/huanca.org\/lumifer\/\",\"logo\":{\"@type\":\"ImageObject\",\"inLanguage\":\"es\",\"@id\":\"https:\/\/huanca.org\/lumifer\/#\/schema\/logo\/image\/\",\"url\":\"https:\/\/huanca.org\/lumifer\/wp-content\/uploads\/2024\/07\/Logo_Ferrekasa.svg\",\"contentUrl\":\"https:\/\/huanca.org\/lumifer\/wp-content\/uploads\/2024\/07\/Logo_Ferrekasa.svg\",\"width\":177,\"height\":112,\"caption\":\"Ferrekasa\"},\"image\":{\"@id\":\"https:\/\/huanca.org\/lumifer\/#\/schema\/logo\/image\/\"},\"sameAs\":[\"https:\/\/www.facebook.com\/FERREKASACOMERCIAL\/\"]}]}<\/script>\n<!-- \/ Yoast SEO plugin. -->","yoast_head_json":{"title":"Espejo Led Amorfo Largo - Ferrekasa","robots":{"index":"index","follow":"follow","max-snippet":"max-snippet:-1","max-image-preview":"max-image-preview:large","max-video-preview":"max-video-preview:-1"},"canonical":"https:\/\/huanca.org\/lumifer\/producto\/espejo-led-amorfo-largo\/","og_locale":"es_ES","og_type":"article","og_title":"Espejo Led Amorfo Largo - Ferrekasa","og_description":"Temperatura de color 3cct :\u00a0Luz Fr\u00eda 6400K\u00a0\u2013\u00a0Luz neutra 4000k\u00a0\u2013\u00a0Luz c\u00e1lida 3000k  Dimensiones : 150 cm x 50 cm  Modelo : Amorfo Largo \u2013 LME-016  Encendido Touch  Dimmable\u00a0  Sin bordes retroiluminado","og_url":"https:\/\/huanca.org\/lumifer\/producto\/espejo-led-amorfo-largo\/","og_site_name":"Ferrekasa","article_publisher":"https:\/\/www.facebook.com\/FERREKASACOMERCIAL\/","og_image":[{"width":349,"height":349,"url":"https:\/\/huanca.org\/lumifer\/wp-content\/uploads\/2025\/05\/AMORFO-LARGO-1.png","type":"image\/png"}],"twitter_card":"summary_large_image","twitter_misc":{"Tiempo de lectura":"1 minuto"},"schema":{"@context":"https:\/\/schema.org","@graph":[{"@type":"WebPage","@id":"https:\/\/huanca.org\/lumifer\/producto\/espejo-led-amorfo-largo\/","url":"https:\/\/huanca.org\/lumifer\/producto\/espejo-led-amorfo-largo\/","name":"Espejo Led Amorfo Largo - Ferrekasa","isPartOf":{"@id":"https:\/\/huanca.org\/lumifer\/#website"},"primaryImageOfPage":{"@id":"https:\/\/huanca.org\/lumifer\/producto\/espejo-led-amorfo-largo\/#primaryimage"},"image":{"@id":"https:\/\/huanca.org\/lumifer\/producto\/espejo-led-amorfo-largo\/#primaryimage"},"thumbnailUrl":"https:\/\/huanca.org\/lumifer\/wp-content\/uploads\/2025\/05\/AMORFO-LARGO-1.png","datePublished":"2025-05-21T22:34:32+00:00","breadcrumb":{"@id":"https:\/\/huanca.org\/lumifer\/producto\/espejo-led-amorfo-largo\/#breadcrumb"},"inLanguage":"es","potentialAction":[{"@type":"ReadAction","target":["https:\/\/huanca.org\/lumifer\/producto\/espejo-led-amorfo-largo\/"]}]},{"@type":"ImageObject","inLanguage":"es","@id":"https:\/\/huanca.org\/lumifer\/producto\/espejo-led-amorfo-largo\/#primaryimage","url":"https:\/\/huanca.org\/lumifer\/wp-content\/uploads\/2025\/05\/AMORFO-LARGO-1.png","contentUrl":"https:\/\/huanca.org\/lumifer\/wp-content\/uploads\/2025\/05\/AMORFO-LARGO-1.png","width":349,"height":349},{"@type":"BreadcrumbList","@id":"https:\/\/huanca.org\/lumifer\/producto\/espejo-led-amorfo-largo\/#breadcrumb","itemListElement":[{"@type":"ListItem","position":1,"name":"Portada","item":"https:\/\/huanca.org\/lumifer\/"},{"@type":"ListItem","position":2,"name":"Productos","item":"https:\/\/huanca.org\/lumifer\/shop\/"},{"@type":"ListItem","position":3,"name":"Espejo Led Amorfo Largo"}]},{"@type":"WebSite","@id":"https:\/\/huanca.org\/lumifer\/#website","url":"https:\/\/huanca.org\/lumifer\/","name":"Ferrekasa","description":"Tenemos los mejores productos en iluminaci\u00f3n, cerrajer\u00eda, decoraci\u00f3n del hogar y m\u00e1s.","publisher":{"@id":"https:\/\/huanca.org\/lumifer\/#organization"},"potentialAction":[{"@type":"SearchAction","target":{"@type":"EntryPoint","urlTemplate":"https:\/\/huanca.org\/lumifer\/?s={search_term_string}"},"query-input":{"@type":"PropertyValueSpecification","valueRequired":true,"valueName":"search_term_string"}}],"inLanguage":"es"},{"@type":"Organization","@id":"https:\/\/huanca.org\/lumifer\/#organization","name":"Ferrekasa","url":"https:\/\/huanca.org\/lumifer\/","logo":{"@type":"ImageObject","inLanguage":"es","@id":"https:\/\/huanca.org\/lumifer\/#\/schema\/logo\/image\/","url":"https:\/\/huanca.org\/lumifer\/wp-content\/uploads\/2024\/07\/Logo_Ferrekasa.svg","contentUrl":"https:\/\/huanca.org\/lumifer\/wp-content\/uploads\/2024\/07\/Logo_Ferrekasa.svg","width":177,"height":112,"caption":"Ferrekasa"},"image":{"@id":"https:\/\/huanca.org\/lumifer\/#\/schema\/logo\/image\/"},"sameAs":["https:\/\/www.facebook.com\/FERREKASACOMERCIAL\/"]}]}},"_links":{"self":[{"href":"https:\/\/huanca.org\/lumifer\/wp-json\/wp\/v2\/product\/12743","targetHints":{"allow":["GET"]}}],"collection":[{"href":"https:\/\/huanca.org\/lumifer\/wp-json\/wp\/v2\/product"}],"about":[{"href":"https:\/\/huanca.org\/lumifer\/wp-json\/wp\/v2\/types\/product"}],"version-history":[{"count":1,"href":"https:\/\/huanca.org\/lumifer\/wp-json\/wp\/v2\/product\/12743\/revisions"}],"predecessor-version":[{"id":12747,"href":"https:\/\/huanca.org\/lumifer\/wp-json\/wp\/v2\/product\/12743\/revisions\/12747"}],"wp:featuredmedia":[{"embeddable":true,"href":"https:\/\/huanca.org\/lumifer\/wp-json\/wp\/v2\/media\/12744"}],"wp:attachment":[{"href":"https:\/\/huanca.org\/lumifer\/wp-json\/wp\/v2\/media?parent=12743"}],"wp:term":[{"taxonomy":"product_brand","embeddable":true,"href":"https:\/\/huanca.org\/lumifer\/wp-json\/wp\/v2\/product_brand?post=12743"},{"taxonomy":"product_cat","embeddable":true,"href":"https:\/\/huanca.org\/lumifer\/wp-json\/wp\/v2\/product_cat?post=12743"},{"taxonomy":"product_tag","embeddable":true,"href":"https:\/\/huanca.org\/lumifer\/wp-json\/wp\/v2\/product_tag?post=12743"}],"curies":[{"name":"wp","href":"https:\/\/api.w.org\/{rel}","templated":true}]}}