{"id":757,"date":"2024-07-30T22:05:56","date_gmt":"2024-07-31T03:05:56","guid":{"rendered":"https:\/\/ferrekasa.com.pe\/?page_id=757"},"modified":"2025-01-14T14:28:03","modified_gmt":"2025-01-14T19:28:03","slug":"contactenos","status":"publish","type":"page","link":"https:\/\/huanca.org\/lumifer\/contactenos\/","title":{"rendered":"Cont\u00e1ctenos"},"content":{"rendered":"\t\t<div data-elementor-type=\"wp-page\" data-elementor-id=\"757\" class=\"elementor elementor-757\" data-elementor-post-type=\"page\">\n\t\t\t\t\t\t<section class=\"wd-negative-gap elementor-section elementor-top-section elementor-element elementor-element-420a804 elementor-section-full_width elementor-section-stretched elementor-section-height-default elementor-section-height-default\" data-id=\"420a804\" data-element_type=\"section\" data-settings=\"{&quot;stretch_section&quot;:&quot;section-stretched&quot;}\">\n\t\t\t\t\t\t<div class=\"elementor-container elementor-column-gap-no\">\n\t\t\t\t\t<div class=\"elementor-column elementor-col-100 elementor-top-column elementor-element elementor-element-3989aa2\" data-id=\"3989aa2\" data-element_type=\"column\">\n\t\t\t<div class=\"elementor-widget-wrap elementor-element-populated\">\n\t\t\t\t\t\t<div class=\"elementor-element elementor-element-1a1cb87 elementor-widget elementor-widget-google_maps\" data-id=\"1a1cb87\" data-element_type=\"widget\" data-widget_type=\"google_maps.default\">\n\t\t\t\t<div class=\"elementor-widget-container\">\n\t\t\t\t\t\t\t<div class=\"elementor-custom-embed\">\n\t\t\t<iframe loading=\"lazy\"\n\t\t\t\t\tsrc=\"https:\/\/maps.google.com\/maps?q=FERREKASA%20COMERCIAL%20E.I.R.L&#038;t=m&#038;z=18&#038;output=embed&#038;iwloc=near\"\n\t\t\t\t\ttitle=\"FERREKASA COMERCIAL E.I.R.L\"\n\t\t\t\t\taria-label=\"FERREKASA COMERCIAL E.I.R.L\"\n\t\t\t><\/iframe>\n\t\t<\/div>\n\t\t\t\t\t\t<\/div>\n\t\t\t\t<\/div>\n\t\t\t\t\t<\/div>\n\t\t<\/div>\n\t\t\t\t\t<\/div>\n\t\t<\/section>\n\t\t\t\t<\/div>\n\t\t","protected":false},"excerpt":{"rendered":"","protected":false},"author":1,"featured_media":0,"parent":0,"menu_order":0,"comment_status":"closed","ping_status":"closed","template":"elementor_header_footer","meta":{"footnotes":""},"class_list":["post-757","page","type-page","status-publish","hentry"],"yoast_head":"<!-- This site is optimized with the Yoast SEO plugin v25.7 - https:\/\/yoast.com\/wordpress\/plugins\/seo\/ -->\n<title>Cont\u00e1ctenos - Ferrekasa<\/title>\n<meta name=\"robots\" content=\"index, follow, max-snippet:-1, max-image-preview:large, max-video-preview:-1\" \/>\n<link rel=\"canonical\" href=\"https:\/\/huanca.org\/lumifer\/contactenos\/\" \/>\n<meta property=\"og:locale\" content=\"es_ES\" \/>\n<meta property=\"og:type\" content=\"article\" \/>\n<meta property=\"og:title\" content=\"Cont\u00e1ctenos - Ferrekasa\" \/>\n<meta property=\"og:url\" content=\"https:\/\/huanca.org\/lumifer\/contactenos\/\" \/>\n<meta property=\"og:site_name\" content=\"Ferrekasa\" \/>\n<meta property=\"article:publisher\" content=\"https:\/\/www.facebook.com\/FERREKASACOMERCIAL\/\" \/>\n<meta property=\"article:modified_time\" content=\"2025-01-14T19:28:03+00:00\" \/>\n<meta name=\"twitter:card\" content=\"summary_large_image\" \/>\n<script type=\"application\/ld+json\" class=\"yoast-schema-graph\">{\"@context\":\"https:\/\/schema.org\",\"@graph\":[{\"@type\":\"WebPage\",\"@id\":\"https:\/\/huanca.org\/lumifer\/contactenos\/\",\"url\":\"https:\/\/huanca.org\/lumifer\/contactenos\/\",\"name\":\"Cont\u00e1ctenos - Ferrekasa\",\"isPartOf\":{\"@id\":\"https:\/\/huanca.org\/lumifer\/#website\"},\"datePublished\":\"2024-07-31T03:05:56+00:00\",\"dateModified\":\"2025-01-14T19:28:03+00:00\",\"breadcrumb\":{\"@id\":\"https:\/\/huanca.org\/lumifer\/contactenos\/#breadcrumb\"},\"inLanguage\":\"es\",\"potentialAction\":[{\"@type\":\"ReadAction\",\"target\":[\"https:\/\/huanca.org\/lumifer\/contactenos\/\"]}]},{\"@type\":\"BreadcrumbList\",\"@id\":\"https:\/\/huanca.org\/lumifer\/contactenos\/#breadcrumb\",\"itemListElement\":[{\"@type\":\"ListItem\",\"position\":1,\"name\":\"Portada\",\"item\":\"https:\/\/huanca.org\/lumifer\/\"},{\"@type\":\"ListItem\",\"position\":2,\"name\":\"Cont\u00e1ctenos\"}]},{\"@type\":\"WebSite\",\"@id\":\"https:\/\/huanca.org\/lumifer\/#website\",\"url\":\"https:\/\/huanca.org\/lumifer\/\",\"name\":\"Ferrekasa\",\"description\":\"Tenemos los mejores productos en iluminaci\u00f3n, cerrajer\u00eda, decoraci\u00f3n del hogar y m\u00e1s.\",\"publisher\":{\"@id\":\"https:\/\/huanca.org\/lumifer\/#organization\"},\"potentialAction\":[{\"@type\":\"SearchAction\",\"target\":{\"@type\":\"EntryPoint\",\"urlTemplate\":\"https:\/\/huanca.org\/lumifer\/?s={search_term_string}\"},\"query-input\":{\"@type\":\"PropertyValueSpecification\",\"valueRequired\":true,\"valueName\":\"search_term_string\"}}],\"inLanguage\":\"es\"},{\"@type\":\"Organization\",\"@id\":\"https:\/\/huanca.org\/lumifer\/#organization\",\"name\":\"Ferrekasa\",\"url\":\"https:\/\/huanca.org\/lumifer\/\",\"logo\":{\"@type\":\"ImageObject\",\"inLanguage\":\"es\",\"@id\":\"https:\/\/huanca.org\/lumifer\/#\/schema\/logo\/image\/\",\"url\":\"https:\/\/huanca.org\/lumifer\/wp-content\/uploads\/2024\/07\/Logo_Ferrekasa.svg\",\"contentUrl\":\"https:\/\/huanca.org\/lumifer\/wp-content\/uploads\/2024\/07\/Logo_Ferrekasa.svg\",\"width\":177,\"height\":112,\"caption\":\"Ferrekasa\"},\"image\":{\"@id\":\"https:\/\/huanca.org\/lumifer\/#\/schema\/logo\/image\/\"},\"sameAs\":[\"https:\/\/www.facebook.com\/FERREKASACOMERCIAL\/\"]}]}<\/script>\n<!-- \/ Yoast SEO plugin. -->","yoast_head_json":{"title":"Cont\u00e1ctenos - Ferrekasa","robots":{"index":"index","follow":"follow","max-snippet":"max-snippet:-1","max-image-preview":"max-image-preview:large","max-video-preview":"max-video-preview:-1"},"canonical":"https:\/\/huanca.org\/lumifer\/contactenos\/","og_locale":"es_ES","og_type":"article","og_title":"Cont\u00e1ctenos - Ferrekasa","og_url":"https:\/\/huanca.org\/lumifer\/contactenos\/","og_site_name":"Ferrekasa","article_publisher":"https:\/\/www.facebook.com\/FERREKASACOMERCIAL\/","article_modified_time":"2025-01-14T19:28:03+00:00","twitter_card":"summary_large_image","schema":{"@context":"https:\/\/schema.org","@graph":[{"@type":"WebPage","@id":"https:\/\/huanca.org\/lumifer\/contactenos\/","url":"https:\/\/huanca.org\/lumifer\/contactenos\/","name":"Cont\u00e1ctenos - Ferrekasa","isPartOf":{"@id":"https:\/\/huanca.org\/lumifer\/#website"},"datePublished":"2024-07-31T03:05:56+00:00","dateModified":"2025-01-14T19:28:03+00:00","breadcrumb":{"@id":"https:\/\/huanca.org\/lumifer\/contactenos\/#breadcrumb"},"inLanguage":"es","potentialAction":[{"@type":"ReadAction","target":["https:\/\/huanca.org\/lumifer\/contactenos\/"]}]},{"@type":"BreadcrumbList","@id":"https:\/\/huanca.org\/lumifer\/contactenos\/#breadcrumb","itemListElement":[{"@type":"ListItem","position":1,"name":"Portada","item":"https:\/\/huanca.org\/lumifer\/"},{"@type":"ListItem","position":2,"name":"Cont\u00e1ctenos"}]},{"@type":"WebSite","@id":"https:\/\/huanca.org\/lumifer\/#website","url":"https:\/\/huanca.org\/lumifer\/","name":"Ferrekasa","description":"Tenemos los mejores productos en iluminaci\u00f3n, cerrajer\u00eda, decoraci\u00f3n del hogar y m\u00e1s.","publisher":{"@id":"https:\/\/huanca.org\/lumifer\/#organization"},"potentialAction":[{"@type":"SearchAction","target":{"@type":"EntryPoint","urlTemplate":"https:\/\/huanca.org\/lumifer\/?s={search_term_string}"},"query-input":{"@type":"PropertyValueSpecification","valueRequired":true,"valueName":"search_term_string"}}],"inLanguage":"es"},{"@type":"Organization","@id":"https:\/\/huanca.org\/lumifer\/#organization","name":"Ferrekasa","url":"https:\/\/huanca.org\/lumifer\/","logo":{"@type":"ImageObject","inLanguage":"es","@id":"https:\/\/huanca.org\/lumifer\/#\/schema\/logo\/image\/","url":"https:\/\/huanca.org\/lumifer\/wp-content\/uploads\/2024\/07\/Logo_Ferrekasa.svg","contentUrl":"https:\/\/huanca.org\/lumifer\/wp-content\/uploads\/2024\/07\/Logo_Ferrekasa.svg","width":177,"height":112,"caption":"Ferrekasa"},"image":{"@id":"https:\/\/huanca.org\/lumifer\/#\/schema\/logo\/image\/"},"sameAs":["https:\/\/www.facebook.com\/FERREKASACOMERCIAL\/"]}]}},"_links":{"self":[{"href":"https:\/\/huanca.org\/lumifer\/wp-json\/wp\/v2\/pages\/757","targetHints":{"allow":["GET"]}}],"collection":[{"href":"https:\/\/huanca.org\/lumifer\/wp-json\/wp\/v2\/pages"}],"about":[{"href":"https:\/\/huanca.org\/lumifer\/wp-json\/wp\/v2\/types\/page"}],"author":[{"embeddable":true,"href":"https:\/\/huanca.org\/lumifer\/wp-json\/wp\/v2\/users\/1"}],"replies":[{"embeddable":true,"href":"https:\/\/huanca.org\/lumifer\/wp-json\/wp\/v2\/comments?post=757"}],"version-history":[{"count":0,"href":"https:\/\/huanca.org\/lumifer\/wp-json\/wp\/v2\/pages\/757\/revisions"}],"wp:attachment":[{"href":"https:\/\/huanca.org\/lumifer\/wp-json\/wp\/v2\/media?parent=757"}],"curies":[{"name":"wp","href":"https:\/\/api.w.org\/{rel}","templated":true}]}}