{"id":13081,"date":"2025-08-27T17:01:16","date_gmt":"2025-08-27T22:01:16","guid":{"rendered":"https:\/\/huanca.org\/lumifer\/?page_id=13081"},"modified":"2025-08-27T17:27:46","modified_gmt":"2025-08-27T22:27:46","slug":"catalogos-2","status":"publish","type":"page","link":"https:\/\/huanca.org\/lumifer\/catalogos-2\/","title":{"rendered":"Cat\u00e1logos"},"content":{"rendered":"\t\t<div data-elementor-type=\"wp-page\" data-elementor-id=\"13081\" class=\"elementor elementor-13081\" data-elementor-post-type=\"page\">\n\t\t\t\t<div class=\"wd-negative-gap elementor-element elementor-element-837c840 wd-section-stretch e-flex e-con-boxed e-con e-parent\" data-id=\"837c840\" data-element_type=\"container\" data-settings=\"{&quot;background_background&quot;:&quot;classic&quot;}\">\n\t\t\t\t\t<div class=\"e-con-inner\">\n\t\t\t\t<div class=\"elementor-element elementor-element-ca4f55b elementor-widget elementor-widget-heading\" data-id=\"ca4f55b\" data-element_type=\"widget\" data-widget_type=\"heading.default\">\n\t\t\t\t<div class=\"elementor-widget-container\">\n\t\t\t\t\t<h2 class=\"elementor-heading-title elementor-size-default\">Cat\u00e1logos<\/h2>\t\t\t\t<\/div>\n\t\t\t\t<\/div>\n\t\t\t\t\t<\/div>\n\t\t\t\t<\/div>\n\t\t<div class=\"wd-negative-gap elementor-element elementor-element-c079dc0 wd-section-stretch e-flex e-con-boxed e-con e-parent\" data-id=\"c079dc0\" data-element_type=\"container\" data-settings=\"{&quot;background_background&quot;:&quot;classic&quot;}\">\n\t\t\t\t\t<div class=\"e-con-inner\">\n\t\t<div class=\"elementor-element elementor-element-025c5ea e-con-full e-flex e-con e-child\" data-id=\"025c5ea\" data-element_type=\"container\">\n\t\t\t\t<div class=\"elementor-element elementor-element-2243cab elementor-widget elementor-widget-image\" data-id=\"2243cab\" data-element_type=\"widget\" data-widget_type=\"image.default\">\n\t\t\t\t<div class=\"elementor-widget-container\">\n\t\t\t\t\t\t\t\t\t\t\t\t<figure class=\"wp-caption\">\n\t\t\t\t\t\t\t\t\t\t<img fetchpriority=\"high\" decoding=\"async\" width=\"635\" height=\"843\" src=\"https:\/\/huanca.org\/lumifer\/wp-content\/uploads\/2025\/08\/mock-up-luminarias-led.png\" class=\"attachment-full size-full wp-image-13094\" alt=\"Cat\u00e1logo Marca Osram - LEDVANCE\" srcset=\"https:\/\/huanca.org\/lumifer\/wp-content\/uploads\/2025\/08\/mock-up-luminarias-led.png 635w, https:\/\/huanca.org\/lumifer\/wp-content\/uploads\/2025\/08\/mock-up-luminarias-led-226x300.png 226w, https:\/\/huanca.org\/lumifer\/wp-content\/uploads\/2025\/08\/mock-up-luminarias-led-150x199.png 150w\" sizes=\"(max-width: 635px) 100vw, 635px\" \/>\t\t\t\t\t\t\t\t\t\t\t<figcaption class=\"widget-image-caption wp-caption-text\">Cat\u00e1logo Marca Osram - LEDVANCE<\/figcaption>\n\t\t\t\t\t\t\t\t\t\t<\/figure>\n\t\t\t\t\t\t\t\t\t<\/div>\n\t\t\t\t<\/div>\n\t\t\t\t<div class=\"elementor-element elementor-element-c863320 elementor-widget elementor-widget-image\" data-id=\"c863320\" data-element_type=\"widget\" data-widget_type=\"image.default\">\n\t\t\t\t<div class=\"elementor-widget-container\">\n\t\t\t\t\t\t\t\t\t\t\t\t<figure class=\"wp-caption\">\n\t\t\t\t\t\t\t\t\t\t<img decoding=\"async\" width=\"635\" height=\"843\" src=\"https:\/\/huanca.org\/lumifer\/wp-content\/uploads\/2025\/08\/mock-up-revista-bticino-2024-002.png\" class=\"attachment-full size-full wp-image-13095\" alt=\"\" srcset=\"https:\/\/huanca.org\/lumifer\/wp-content\/uploads\/2025\/08\/mock-up-revista-bticino-2024-002.png 635w, https:\/\/huanca.org\/lumifer\/wp-content\/uploads\/2025\/08\/mock-up-revista-bticino-2024-002-226x300.png 226w, https:\/\/huanca.org\/lumifer\/wp-content\/uploads\/2025\/08\/mock-up-revista-bticino-2024-002-150x199.png 150w\" sizes=\"(max-width: 635px) 100vw, 635px\" \/>\t\t\t\t\t\t\t\t\t\t\t<figcaption class=\"widget-image-caption wp-caption-text\">Cat\u00e1logo Genreal Marca Bticino<\/figcaption>\n\t\t\t\t\t\t\t\t\t\t<\/figure>\n\t\t\t\t\t\t\t\t\t<\/div>\n\t\t\t\t<\/div>\n\t\t\t\t<div class=\"elementor-element elementor-element-d2b7b50 elementor-widget elementor-widget-image\" data-id=\"d2b7b50\" data-element_type=\"widget\" data-widget_type=\"image.default\">\n\t\t\t\t<div class=\"elementor-widget-container\">\n\t\t\t\t\t\t\t\t\t\t\t\t<figure class=\"wp-caption\">\n\t\t\t\t\t\t\t\t\t\t<img decoding=\"async\" width=\"635\" height=\"843\" src=\"https:\/\/huanca.org\/lumifer\/wp-content\/uploads\/2025\/08\/mock-up-revista-cerrajeria.png\" class=\"attachment-full size-full wp-image-13096\" alt=\"\" srcset=\"https:\/\/huanca.org\/lumifer\/wp-content\/uploads\/2025\/08\/mock-up-revista-cerrajeria.png 635w, https:\/\/huanca.org\/lumifer\/wp-content\/uploads\/2025\/08\/mock-up-revista-cerrajeria-226x300.png 226w, https:\/\/huanca.org\/lumifer\/wp-content\/uploads\/2025\/08\/mock-up-revista-cerrajeria-150x199.png 150w\" sizes=\"(max-width: 635px) 100vw, 635px\" \/>\t\t\t\t\t\t\t\t\t\t\t<figcaption class=\"widget-image-caption wp-caption-text\">Cat\u00e1logo Cerrajer\u00eda Marca Yale<\/figcaption>\n\t\t\t\t\t\t\t\t\t\t<\/figure>\n\t\t\t\t\t\t\t\t\t<\/div>\n\t\t\t\t<\/div>\n\t\t\t\t<div class=\"elementor-element elementor-element-00165c1 elementor-widget elementor-widget-image\" data-id=\"00165c1\" data-element_type=\"widget\" data-widget_type=\"image.default\">\n\t\t\t\t<div class=\"elementor-widget-container\">\n\t\t\t\t\t\t\t\t\t\t\t\t<figure class=\"wp-caption\">\n\t\t\t\t\t\t\t\t\t\t<img loading=\"lazy\" decoding=\"async\" width=\"635\" height=\"843\" src=\"https:\/\/huanca.org\/lumifer\/wp-content\/uploads\/2025\/08\/mock-up-revista-euroinox.png\" class=\"attachment-full size-full wp-image-13097\" alt=\"\" srcset=\"https:\/\/huanca.org\/lumifer\/wp-content\/uploads\/2025\/08\/mock-up-revista-euroinox.png 635w, https:\/\/huanca.org\/lumifer\/wp-content\/uploads\/2025\/08\/mock-up-revista-euroinox-226x300.png 226w, https:\/\/huanca.org\/lumifer\/wp-content\/uploads\/2025\/08\/mock-up-revista-euroinox-150x199.png 150w\" sizes=\"(max-width: 635px) 100vw, 635px\" \/>\t\t\t\t\t\t\t\t\t\t\t<figcaption class=\"widget-image-caption wp-caption-text\">Cat\u00e1logo Cerrajer\u00eda y Accesorios de Ba\u00f1o Marca EUROINOX<\/figcaption>\n\t\t\t\t\t\t\t\t\t\t<\/figure>\n\t\t\t\t\t\t\t\t\t<\/div>\n\t\t\t\t<\/div>\n\t\t\t\t<div class=\"elementor-element elementor-element-4a4d363 elementor-widget elementor-widget-image\" data-id=\"4a4d363\" data-element_type=\"widget\" data-widget_type=\"image.default\">\n\t\t\t\t<div class=\"elementor-widget-container\">\n\t\t\t\t\t\t\t\t\t\t\t\t<figure class=\"wp-caption\">\n\t\t\t\t\t\t\t\t\t\t<img loading=\"lazy\" decoding=\"async\" width=\"635\" height=\"843\" src=\"https:\/\/huanca.org\/lumifer\/wp-content\/uploads\/2025\/08\/mock-up-revista-ferreteria-general-2024.png\" class=\"attachment-full size-full wp-image-13098\" alt=\"\" srcset=\"https:\/\/huanca.org\/lumifer\/wp-content\/uploads\/2025\/08\/mock-up-revista-ferreteria-general-2024.png 635w, https:\/\/huanca.org\/lumifer\/wp-content\/uploads\/2025\/08\/mock-up-revista-ferreteria-general-2024-226x300.png 226w, https:\/\/huanca.org\/lumifer\/wp-content\/uploads\/2025\/08\/mock-up-revista-ferreteria-general-2024-150x199.png 150w\" sizes=\"(max-width: 635px) 100vw, 635px\" \/>\t\t\t\t\t\t\t\t\t\t\t<figcaption class=\"widget-image-caption wp-caption-text\">Cat\u00e1logo Herramientas Marca Trupper<\/figcaption>\n\t\t\t\t\t\t\t\t\t\t<\/figure>\n\t\t\t\t\t\t\t\t\t<\/div>\n\t\t\t\t<\/div>\n\t\t\t\t<\/div>\n\t\t\t\t\t<\/div>\n\t\t\t\t<\/div>\n\t\t<div class=\"wd-negative-gap elementor-element elementor-element-490e582 wd-section-stretch e-flex e-con-boxed e-con e-parent\" data-id=\"490e582\" data-element_type=\"container\" data-settings=\"{&quot;background_background&quot;:&quot;classic&quot;}\">\n\t\t\t\t\t<div class=\"e-con-inner\">\n\t\t<div class=\"elementor-element elementor-element-900ff5e e-con-full e-flex e-con e-child\" data-id=\"900ff5e\" data-element_type=\"container\">\n\t\t\t\t<div class=\"elementor-element elementor-element-50b5b98 elementor-widget elementor-widget-image\" data-id=\"50b5b98\" data-element_type=\"widget\" data-widget_type=\"image.default\">\n\t\t\t\t<div class=\"elementor-widget-container\">\n\t\t\t\t\t\t\t\t\t\t\t\t<figure class=\"wp-caption\">\n\t\t\t\t\t\t\t\t\t\t<img loading=\"lazy\" decoding=\"async\" width=\"635\" height=\"843\" src=\"https:\/\/huanca.org\/lumifer\/wp-content\/uploads\/2025\/08\/mock-up-revista-griferia-duchas.png\" class=\"attachment-full size-full wp-image-13099\" alt=\"\" srcset=\"https:\/\/huanca.org\/lumifer\/wp-content\/uploads\/2025\/08\/mock-up-revista-griferia-duchas.png 635w, https:\/\/huanca.org\/lumifer\/wp-content\/uploads\/2025\/08\/mock-up-revista-griferia-duchas-226x300.png 226w, https:\/\/huanca.org\/lumifer\/wp-content\/uploads\/2025\/08\/mock-up-revista-griferia-duchas-150x199.png 150w\" sizes=\"(max-width: 635px) 100vw, 635px\" \/>\t\t\t\t\t\t\t\t\t\t\t<figcaption class=\"widget-image-caption wp-caption-text\">Cat\u00e1logo Grifer\u00eda, Duchas, Sumideros, LAVADEROS , ACC. BA\u00d1O <\/figcaption>\n\t\t\t\t\t\t\t\t\t\t<\/figure>\n\t\t\t\t\t\t\t\t\t<\/div>\n\t\t\t\t<\/div>\n\t\t\t\t<div class=\"elementor-element elementor-element-ae5edeb elementor-widget elementor-widget-image\" data-id=\"ae5edeb\" data-element_type=\"widget\" data-widget_type=\"image.default\">\n\t\t\t\t<div class=\"elementor-widget-container\">\n\t\t\t\t\t\t\t\t\t\t\t\t<figure class=\"wp-caption\">\n\t\t\t\t\t\t\t\t\t\t<img loading=\"lazy\" decoding=\"async\" width=\"635\" height=\"843\" src=\"https:\/\/huanca.org\/lumifer\/wp-content\/uploads\/2025\/08\/mock-up-revista-led.png\" class=\"attachment-full size-full wp-image-13100\" alt=\"\" srcset=\"https:\/\/huanca.org\/lumifer\/wp-content\/uploads\/2025\/08\/mock-up-revista-led.png 635w, https:\/\/huanca.org\/lumifer\/wp-content\/uploads\/2025\/08\/mock-up-revista-led-226x300.png 226w, https:\/\/huanca.org\/lumifer\/wp-content\/uploads\/2025\/08\/mock-up-revista-led-150x199.png 150w\" sizes=\"(max-width: 635px) 100vw, 635px\" \/>\t\t\t\t\t\t\t\t\t\t\t<figcaption class=\"widget-image-caption wp-caption-text\">Cat\u00e1logo General Marca Macroled<\/figcaption>\n\t\t\t\t\t\t\t\t\t\t<\/figure>\n\t\t\t\t\t\t\t\t\t<\/div>\n\t\t\t\t<\/div>\n\t\t\t\t<div class=\"elementor-element elementor-element-1bcf1f5 elementor-widget elementor-widget-image\" data-id=\"1bcf1f5\" data-element_type=\"widget\" data-widget_type=\"image.default\">\n\t\t\t\t<div class=\"elementor-widget-container\">\n\t\t\t\t\t\t\t\t\t\t\t\t<figure class=\"wp-caption\">\n\t\t\t\t\t\t\t\t\t\t<img loading=\"lazy\" decoding=\"async\" width=\"635\" height=\"843\" src=\"https:\/\/huanca.org\/lumifer\/wp-content\/uploads\/2025\/08\/mock-up-revista-PLACAS-ELECTRICAS-VETO-2024.png\" class=\"attachment-full size-full wp-image-13101\" alt=\"\" srcset=\"https:\/\/huanca.org\/lumifer\/wp-content\/uploads\/2025\/08\/mock-up-revista-PLACAS-ELECTRICAS-VETO-2024.png 635w, https:\/\/huanca.org\/lumifer\/wp-content\/uploads\/2025\/08\/mock-up-revista-PLACAS-ELECTRICAS-VETO-2024-226x300.png 226w, https:\/\/huanca.org\/lumifer\/wp-content\/uploads\/2025\/08\/mock-up-revista-PLACAS-ELECTRICAS-VETO-2024-150x199.png 150w\" sizes=\"(max-width: 635px) 100vw, 635px\" \/>\t\t\t\t\t\t\t\t\t\t\t<figcaption class=\"widget-image-caption wp-caption-text\">Cat\u00e1logo Placas El\u00e9ctricas Marca Veto<\/figcaption>\n\t\t\t\t\t\t\t\t\t\t<\/figure>\n\t\t\t\t\t\t\t\t\t<\/div>\n\t\t\t\t<\/div>\n\t\t\t\t<div class=\"elementor-element elementor-element-cb96c0b elementor-widget elementor-widget-image\" data-id=\"cb96c0b\" data-element_type=\"widget\" data-widget_type=\"image.default\">\n\t\t\t\t<div class=\"elementor-widget-container\">\n\t\t\t\t\t\t\t\t\t\t\t\t<figure class=\"wp-caption\">\n\t\t\t\t\t\t\t\t\t\t<img loading=\"lazy\" decoding=\"async\" width=\"635\" height=\"843\" src=\"https:\/\/huanca.org\/lumifer\/wp-content\/uploads\/2025\/08\/portada-revista-dixon-2024-02.png\" class=\"attachment-full size-full wp-image-13102\" alt=\"\" srcset=\"https:\/\/huanca.org\/lumifer\/wp-content\/uploads\/2025\/08\/portada-revista-dixon-2024-02.png 635w, https:\/\/huanca.org\/lumifer\/wp-content\/uploads\/2025\/08\/portada-revista-dixon-2024-02-226x300.png 226w, https:\/\/huanca.org\/lumifer\/wp-content\/uploads\/2025\/08\/portada-revista-dixon-2024-02-150x199.png 150w\" sizes=\"(max-width: 635px) 100vw, 635px\" \/>\t\t\t\t\t\t\t\t\t\t\t<figcaption class=\"widget-image-caption wp-caption-text\">Cat\u00e1logo de Luces Marca Dixon<\/figcaption>\n\t\t\t\t\t\t\t\t\t\t<\/figure>\n\t\t\t\t\t\t\t\t\t<\/div>\n\t\t\t\t<\/div>\n\t\t\t\t<div class=\"elementor-element elementor-element-5b1d6f0 elementor-widget elementor-widget-image\" data-id=\"5b1d6f0\" data-element_type=\"widget\" data-widget_type=\"image.default\">\n\t\t\t\t<div class=\"elementor-widget-container\">\n\t\t\t\t\t\t\t\t\t\t\t\t<figure class=\"wp-caption\">\n\t\t\t\t\t\t\t\t\t\t<img loading=\"lazy\" decoding=\"async\" width=\"635\" height=\"843\" src=\"https:\/\/huanca.org\/lumifer\/wp-content\/uploads\/2025\/08\/portada-revista-ligthtech-2024-.png\" class=\"attachment-full size-full wp-image-13103\" alt=\"\" srcset=\"https:\/\/huanca.org\/lumifer\/wp-content\/uploads\/2025\/08\/portada-revista-ligthtech-2024-.png 635w, https:\/\/huanca.org\/lumifer\/wp-content\/uploads\/2025\/08\/portada-revista-ligthtech-2024--226x300.png 226w, https:\/\/huanca.org\/lumifer\/wp-content\/uploads\/2025\/08\/portada-revista-ligthtech-2024--150x199.png 150w\" sizes=\"(max-width: 635px) 100vw, 635px\" \/>\t\t\t\t\t\t\t\t\t\t\t<figcaption class=\"widget-image-caption wp-caption-text\">Cat\u00e1logo de Iluminaci\u00f3n Marga LIGHTECH<\/figcaption>\n\t\t\t\t\t\t\t\t\t\t<\/figure>\n\t\t\t\t\t\t\t\t\t<\/div>\n\t\t\t\t<\/div>\n\t\t\t\t<\/div>\n\t\t\t\t\t<\/div>\n\t\t\t\t<\/div>\n\t\t\t\t<\/div>\n\t\t","protected":false},"excerpt":{"rendered":"<p>Cat\u00e1logos Cat\u00e1logo Marca Osram &#8211; LEDVANCE Cat\u00e1logo Genreal Marca Bticino Cat\u00e1logo Cerrajer\u00eda Marca Yale Cat\u00e1logo Cerrajer\u00eda y Accesorios de Ba\u00f1o<\/p>\n","protected":false},"author":1,"featured_media":0,"parent":0,"menu_order":0,"comment_status":"closed","ping_status":"closed","template":"","meta":{"footnotes":""},"class_list":["post-13081","page","type-page","status-publish","hentry"],"yoast_head":"<!-- This site is optimized with the Yoast SEO plugin v25.7 - https:\/\/yoast.com\/wordpress\/plugins\/seo\/ -->\n<title>Cat\u00e1logos - Ferrekasa<\/title>\n<meta name=\"robots\" content=\"index, follow, max-snippet:-1, max-image-preview:large, max-video-preview:-1\" \/>\n<link rel=\"canonical\" href=\"https:\/\/huanca.org\/lumifer\/catalogos-2\/\" \/>\n<meta property=\"og:locale\" content=\"es_ES\" \/>\n<meta property=\"og:type\" content=\"article\" \/>\n<meta property=\"og:title\" content=\"Cat\u00e1logos - Ferrekasa\" \/>\n<meta property=\"og:description\" content=\"Cat\u00e1logos Cat\u00e1logo Marca Osram &#8211; LEDVANCE Cat\u00e1logo Genreal Marca Bticino Cat\u00e1logo Cerrajer\u00eda Marca Yale Cat\u00e1logo Cerrajer\u00eda y Accesorios de Ba\u00f1o\" \/>\n<meta property=\"og:url\" content=\"https:\/\/huanca.org\/lumifer\/catalogos-2\/\" \/>\n<meta property=\"og:site_name\" content=\"Ferrekasa\" \/>\n<meta property=\"article:publisher\" content=\"https:\/\/www.facebook.com\/FERREKASACOMERCIAL\/\" \/>\n<meta property=\"article:modified_time\" content=\"2025-08-27T22:27:46+00:00\" \/>\n<meta property=\"og:image\" content=\"https:\/\/huanca.org\/lumifer\/wp-content\/uploads\/2025\/08\/mock-up-luminarias-led.png\" \/>\n\t<meta property=\"og:image:width\" content=\"635\" \/>\n\t<meta property=\"og:image:height\" content=\"843\" \/>\n\t<meta property=\"og:image:type\" content=\"image\/png\" \/>\n<meta name=\"twitter:card\" content=\"summary_large_image\" \/>\n<meta name=\"twitter:label1\" content=\"Tiempo de lectura\" \/>\n\t<meta name=\"twitter:data1\" content=\"3 minutos\" \/>\n<script type=\"application\/ld+json\" class=\"yoast-schema-graph\">{\"@context\":\"https:\/\/schema.org\",\"@graph\":[{\"@type\":\"WebPage\",\"@id\":\"https:\/\/huanca.org\/lumifer\/catalogos-2\/\",\"url\":\"https:\/\/huanca.org\/lumifer\/catalogos-2\/\",\"name\":\"Cat\u00e1logos - Ferrekasa\",\"isPartOf\":{\"@id\":\"https:\/\/huanca.org\/lumifer\/#website\"},\"primaryImageOfPage\":{\"@id\":\"https:\/\/huanca.org\/lumifer\/catalogos-2\/#primaryimage\"},\"image\":{\"@id\":\"https:\/\/huanca.org\/lumifer\/catalogos-2\/#primaryimage\"},\"thumbnailUrl\":\"https:\/\/huanca.org\/lumifer\/wp-content\/uploads\/2025\/08\/mock-up-luminarias-led.png\",\"datePublished\":\"2025-08-27T22:01:16+00:00\",\"dateModified\":\"2025-08-27T22:27:46+00:00\",\"breadcrumb\":{\"@id\":\"https:\/\/huanca.org\/lumifer\/catalogos-2\/#breadcrumb\"},\"inLanguage\":\"es\",\"potentialAction\":[{\"@type\":\"ReadAction\",\"target\":[\"https:\/\/huanca.org\/lumifer\/catalogos-2\/\"]}]},{\"@type\":\"ImageObject\",\"inLanguage\":\"es\",\"@id\":\"https:\/\/huanca.org\/lumifer\/catalogos-2\/#primaryimage\",\"url\":\"https:\/\/huanca.org\/lumifer\/wp-content\/uploads\/2025\/08\/mock-up-luminarias-led.png\",\"contentUrl\":\"https:\/\/huanca.org\/lumifer\/wp-content\/uploads\/2025\/08\/mock-up-luminarias-led.png\",\"width\":635,\"height\":843,\"caption\":\"Cat\u00e1logo Marca Osram - LEDVANCE\"},{\"@type\":\"BreadcrumbList\",\"@id\":\"https:\/\/huanca.org\/lumifer\/catalogos-2\/#breadcrumb\",\"itemListElement\":[{\"@type\":\"ListItem\",\"position\":1,\"name\":\"Portada\",\"item\":\"https:\/\/huanca.org\/lumifer\/\"},{\"@type\":\"ListItem\",\"position\":2,\"name\":\"Cat\u00e1logos\"}]},{\"@type\":\"WebSite\",\"@id\":\"https:\/\/huanca.org\/lumifer\/#website\",\"url\":\"https:\/\/huanca.org\/lumifer\/\",\"name\":\"Ferrekasa\",\"description\":\"Tenemos los mejores productos en iluminaci\u00f3n, cerrajer\u00eda, decoraci\u00f3n del hogar y m\u00e1s.\",\"publisher\":{\"@id\":\"https:\/\/huanca.org\/lumifer\/#organization\"},\"potentialAction\":[{\"@type\":\"SearchAction\",\"target\":{\"@type\":\"EntryPoint\",\"urlTemplate\":\"https:\/\/huanca.org\/lumifer\/?s={search_term_string}\"},\"query-input\":{\"@type\":\"PropertyValueSpecification\",\"valueRequired\":true,\"valueName\":\"search_term_string\"}}],\"inLanguage\":\"es\"},{\"@type\":\"Organization\",\"@id\":\"https:\/\/huanca.org\/lumifer\/#organization\",\"name\":\"Ferrekasa\",\"url\":\"https:\/\/huanca.org\/lumifer\/\",\"logo\":{\"@type\":\"ImageObject\",\"inLanguage\":\"es\",\"@id\":\"https:\/\/huanca.org\/lumifer\/#\/schema\/logo\/image\/\",\"url\":\"https:\/\/huanca.org\/lumifer\/wp-content\/uploads\/2024\/07\/Logo_Ferrekasa.svg\",\"contentUrl\":\"https:\/\/huanca.org\/lumifer\/wp-content\/uploads\/2024\/07\/Logo_Ferrekasa.svg\",\"width\":177,\"height\":112,\"caption\":\"Ferrekasa\"},\"image\":{\"@id\":\"https:\/\/huanca.org\/lumifer\/#\/schema\/logo\/image\/\"},\"sameAs\":[\"https:\/\/www.facebook.com\/FERREKASACOMERCIAL\/\"]}]}<\/script>\n<!-- \/ Yoast SEO plugin. -->","yoast_head_json":{"title":"Cat\u00e1logos - Ferrekasa","robots":{"index":"index","follow":"follow","max-snippet":"max-snippet:-1","max-image-preview":"max-image-preview:large","max-video-preview":"max-video-preview:-1"},"canonical":"https:\/\/huanca.org\/lumifer\/catalogos-2\/","og_locale":"es_ES","og_type":"article","og_title":"Cat\u00e1logos - Ferrekasa","og_description":"Cat\u00e1logos Cat\u00e1logo Marca Osram &#8211; LEDVANCE Cat\u00e1logo Genreal Marca Bticino Cat\u00e1logo Cerrajer\u00eda Marca Yale Cat\u00e1logo Cerrajer\u00eda y Accesorios de Ba\u00f1o","og_url":"https:\/\/huanca.org\/lumifer\/catalogos-2\/","og_site_name":"Ferrekasa","article_publisher":"https:\/\/www.facebook.com\/FERREKASACOMERCIAL\/","article_modified_time":"2025-08-27T22:27:46+00:00","og_image":[{"width":635,"height":843,"url":"https:\/\/huanca.org\/lumifer\/wp-content\/uploads\/2025\/08\/mock-up-luminarias-led.png","type":"image\/png"}],"twitter_card":"summary_large_image","twitter_misc":{"Tiempo de lectura":"3 minutos"},"schema":{"@context":"https:\/\/schema.org","@graph":[{"@type":"WebPage","@id":"https:\/\/huanca.org\/lumifer\/catalogos-2\/","url":"https:\/\/huanca.org\/lumifer\/catalogos-2\/","name":"Cat\u00e1logos - Ferrekasa","isPartOf":{"@id":"https:\/\/huanca.org\/lumifer\/#website"},"primaryImageOfPage":{"@id":"https:\/\/huanca.org\/lumifer\/catalogos-2\/#primaryimage"},"image":{"@id":"https:\/\/huanca.org\/lumifer\/catalogos-2\/#primaryimage"},"thumbnailUrl":"https:\/\/huanca.org\/lumifer\/wp-content\/uploads\/2025\/08\/mock-up-luminarias-led.png","datePublished":"2025-08-27T22:01:16+00:00","dateModified":"2025-08-27T22:27:46+00:00","breadcrumb":{"@id":"https:\/\/huanca.org\/lumifer\/catalogos-2\/#breadcrumb"},"inLanguage":"es","potentialAction":[{"@type":"ReadAction","target":["https:\/\/huanca.org\/lumifer\/catalogos-2\/"]}]},{"@type":"ImageObject","inLanguage":"es","@id":"https:\/\/huanca.org\/lumifer\/catalogos-2\/#primaryimage","url":"https:\/\/huanca.org\/lumifer\/wp-content\/uploads\/2025\/08\/mock-up-luminarias-led.png","contentUrl":"https:\/\/huanca.org\/lumifer\/wp-content\/uploads\/2025\/08\/mock-up-luminarias-led.png","width":635,"height":843,"caption":"Cat\u00e1logo Marca Osram - LEDVANCE"},{"@type":"BreadcrumbList","@id":"https:\/\/huanca.org\/lumifer\/catalogos-2\/#breadcrumb","itemListElement":[{"@type":"ListItem","position":1,"name":"Portada","item":"https:\/\/huanca.org\/lumifer\/"},{"@type":"ListItem","position":2,"name":"Cat\u00e1logos"}]},{"@type":"WebSite","@id":"https:\/\/huanca.org\/lumifer\/#website","url":"https:\/\/huanca.org\/lumifer\/","name":"Ferrekasa","description":"Tenemos los mejores productos en iluminaci\u00f3n, cerrajer\u00eda, decoraci\u00f3n del hogar y m\u00e1s.","publisher":{"@id":"https:\/\/huanca.org\/lumifer\/#organization"},"potentialAction":[{"@type":"SearchAction","target":{"@type":"EntryPoint","urlTemplate":"https:\/\/huanca.org\/lumifer\/?s={search_term_string}"},"query-input":{"@type":"PropertyValueSpecification","valueRequired":true,"valueName":"search_term_string"}}],"inLanguage":"es"},{"@type":"Organization","@id":"https:\/\/huanca.org\/lumifer\/#organization","name":"Ferrekasa","url":"https:\/\/huanca.org\/lumifer\/","logo":{"@type":"ImageObject","inLanguage":"es","@id":"https:\/\/huanca.org\/lumifer\/#\/schema\/logo\/image\/","url":"https:\/\/huanca.org\/lumifer\/wp-content\/uploads\/2024\/07\/Logo_Ferrekasa.svg","contentUrl":"https:\/\/huanca.org\/lumifer\/wp-content\/uploads\/2024\/07\/Logo_Ferrekasa.svg","width":177,"height":112,"caption":"Ferrekasa"},"image":{"@id":"https:\/\/huanca.org\/lumifer\/#\/schema\/logo\/image\/"},"sameAs":["https:\/\/www.facebook.com\/FERREKASACOMERCIAL\/"]}]}},"_links":{"self":[{"href":"https:\/\/huanca.org\/lumifer\/wp-json\/wp\/v2\/pages\/13081","targetHints":{"allow":["GET"]}}],"collection":[{"href":"https:\/\/huanca.org\/lumifer\/wp-json\/wp\/v2\/pages"}],"about":[{"href":"https:\/\/huanca.org\/lumifer\/wp-json\/wp\/v2\/types\/page"}],"author":[{"embeddable":true,"href":"https:\/\/huanca.org\/lumifer\/wp-json\/wp\/v2\/users\/1"}],"replies":[{"embeddable":true,"href":"https:\/\/huanca.org\/lumifer\/wp-json\/wp\/v2\/comments?post=13081"}],"version-history":[{"count":19,"href":"https:\/\/huanca.org\/lumifer\/wp-json\/wp\/v2\/pages\/13081\/revisions"}],"predecessor-version":[{"id":13114,"href":"https:\/\/huanca.org\/lumifer\/wp-json\/wp\/v2\/pages\/13081\/revisions\/13114"}],"wp:attachment":[{"href":"https:\/\/huanca.org\/lumifer\/wp-json\/wp\/v2\/media?parent=13081"}],"curies":[{"name":"wp","href":"https:\/\/api.w.org\/{rel}","templated":true}]}}